{"id":51302,"date":"2021-10-29T10:30:51","date_gmt":"2021-10-29T09:30:51","guid":{"rendered":"https:\/\/www.remap101.co.uk\/product\/modulo-de-ajuste-diesel-evc-winols-2-de-6\/"},"modified":"2026-01-20T12:57:33","modified_gmt":"2026-01-20T12:57:33","slug":"evc-winols-diesel-tuning-module-2-of-6","status":"publish","type":"product","link":"https:\/\/www.remap101.co.uk\/pt-br\/produto\/evc-winols-diesel-tuning-module-2-of-6\/","title":{"rendered":"VTA1014: M\u00f3dulo de ajuste de motores a diesel EVC WinOLS 2 de 6"},"content":{"rendered":"<h2>VTA1014: Curso de treinamento de ajuste de diesel EVC WinOLS: M\u00f3dulo 2 de 6<\/h2>\n<p>Esse m\u00f3dulo de treinamento do WinOLS Diesel Tuning \u00e9 o segundo m\u00f3dulo de treinamento do nosso curso de treinamento on-line do Viezu Remap101 WinOLS Diesel Tuning.<\/p>\n<p>Para que voc\u00ea obtenha os benef\u00edcios e o valor total de nossos cursos on-line, \u00e9 melhor fazer os m\u00f3dulos na ordem correta. Isso permitir\u00e1 que voc\u00ea desenvolva seu conhecimento de forma l\u00f3gica. Voc\u00ea come\u00e7a com os fundamentos e, a partir da\u00ed, desenvolve o conhecimento. Cada m\u00f3dulo se baseia no conhecimento do m\u00f3dulo anterior.<\/p>\n<p>H\u00e1 8 m\u00f3dulos no total neste curso de treinamento on-line Viezu Remap101 sobre o uso do WinOLS para ajuste e calibra\u00e7\u00e3o de ve\u00edculos a diesel (alguns dos m\u00f3dulos t\u00eam 2 partes &#8211; um m\u00f3dulo da parte A e um m\u00f3dulo da parte B).<\/p>\n<p>O software WinOLS \u00e9 poderoso, mas dif\u00edcil de aprender &#8211; a interface do usu\u00e1rio \u00e9 uma &#8220;tela em branco&#8221;. Por isso, nossos cursos de treinamento em WinOLS incluem um n\u00famero maior de m\u00f3dulos do que nossos cursos de treinamento para outros pacotes de software.<\/p>\n<p>Neste m\u00f3dulo, voc\u00ea aprender\u00e1 a abrir corretamente um projeto no EVC WinOLS 5. Voc\u00ea aprender\u00e1 a terminologia usada no software. Voc\u00ea aprender\u00e1 a navegar pelos seus projetos de desenvolvimento e ajuste de arquivos no WinOLS.<\/p>\n<p>Voc\u00ea tamb\u00e9m aprender\u00e1 como abrir um projeto existente e o que deve ser evitado ao abrir um projeto atual.<\/p>\n<p>Esse treinamento de ajuste do WinOLS para diesel tamb\u00e9m inclui um arquivo original para o ve\u00edculo de exemplo do treinamento, um BMW E9 320d. O arquivo original est\u00e1 dispon\u00edvel para download gratuito para que voc\u00ea possa acompanhar e participar ativamente deste curso com o instrutor.<\/p>\n<p>Voc\u00ea precisar\u00e1 de pelo menos 1 hora para assistir ao conte\u00fado do curso. Assim, voc\u00ea estar\u00e1 pronto para avan\u00e7ar para o pr\u00f3ximo m\u00f3dulo do curso.<\/p>\n<p>Ao adquirir os m\u00f3dulos de treinamento on-line do Viezu Remap101, voc\u00ea obt\u00e9m acesso vital\u00edcio ao m\u00f3dulo &#8211; voc\u00ea pode assistir, revisitar e revisar quantas vezes quiser. Isso significa que voc\u00ea pode rever t\u00f3picos espec\u00edficos de interesse e refor\u00e7ar seu aprendizado.<\/p>\n<p>&nbsp;<\/p>\n<p>&nbsp;<\/p>\n<h3>Software EVC WinOLS 5<\/h3>\n<p>Voc\u00ea ter\u00e1 uma melhor experi\u00eancia de aprendizado com este curso on-line se tiver o software WinOLS em execu\u00e7\u00e3o no seu pr\u00f3prio laptop ou PC enquanto estiver fazendo o curso.<\/p>\n<p>Dessa forma, voc\u00ea pode praticar o que acabou de aprender no v\u00eddeo. Voc\u00ea pode acompanhar o que o instrutor est\u00e1 mostrando, \u00e0 medida que avan\u00e7a. Esse \u00e9 um aprendizado pr\u00e1tico que dar\u00e1 a voc\u00ea mais confian\u00e7a para fazer o seu pr\u00f3prio ajuste e calibra\u00e7\u00e3o de diesel no mundo real com o WinOLS.<\/p>\n<p>Se voc\u00ea ainda n\u00e3o tiver uma vers\u00e3o completa do software de ajuste EVC WinOLS, poder\u00e1 v\u00ea-la e compr\u00e1-la aqui em nossa loja on-line de ajuste &#8211; <a href=\"https:\/\/www.remap101.co.uk\/pt-br\/categoria-produto\/ferramentas-e-software-de-ajuste-profissional\/\">Software de ajuste<\/a><\/p>\n","protected":false},"excerpt":{"rendered":"<p>Esta \u00e9 a segunda instala\u00e7\u00e3o do M\u00f3dulo de Ajuste Diesel EVC WinOLS. Existem seis m\u00f3dulos nesta s\u00e9rie &#8211; os m\u00f3dulos auxiliam o aluno fornecendo instru\u00e7\u00f5es detalhadas sobre o uso do EVC WinOLS desde o in\u00edcio at\u00e9 solu\u00e7\u00f5es avan\u00e7adas de ajuste. Neste m\u00f3dulo, o foco est\u00e1 nos projetos e na terminologia usada dentro do software para que o aluno desenvolva uma compreens\u00e3o confiante das fun\u00e7\u00f5es, teclas e recursos dentro do software extremamente excelente &#8211; EVC WinOLS.<\/p>\n","protected":false},"featured_media":56278,"comment_status":"open","ping_status":"closed","template":"","meta":{"_acf_changed":false},"product_brand":[21146,19675],"product_cat":[24690,24591,24421,24433,24585,24583,24431],"product_tag":[15313,15314,15490,23013,15489],"class_list":{"0":"post-51302","1":"product","2":"type-product","3":"status-publish","4":"has-post-thumbnail","6":"product_brand-evc","7":"product_brand-winols","8":"product_cat-cursos-de-treinamento-on-line-sobre-tuning","9":"product_cat-treinamento-de-ajuste-de-diesel","10":"product_cat-treinamento-de-ajuste-de-todos-os-veiculos","11":"product_cat-treinamento-de-ajuste-eletronico-evc","12":"product_cat-treinamento-de-ajuste-por-tipo-de-veiculo","13":"product_cat-treinamento-em-tuning-por-nivel","14":"product_cat-treinamento-evc-winols-pt-br-3","15":"product_tag-evc-winols-pt-br","16":"product_tag-evc-winols-diesel-pt-br","17":"product_tag-modulo-de-ajuste-diesel-evc-winols-2-de-6","18":"product_tag-software-de-ajuste-winols-5-evc-pt-br-2","19":"product_tag-treinamento-winols-pt-br","21":"first","22":"instock","23":"taxable","24":"shipping-taxable","25":"purchasable","26":"product-type-simple"},"acf":[],"_links":{"self":[{"href":"https:\/\/www.remap101.co.uk\/pt-br\/wp-json\/wp\/v2\/product\/51302","targetHints":{"allow":["GET"]}}],"collection":[{"href":"https:\/\/www.remap101.co.uk\/pt-br\/wp-json\/wp\/v2\/product"}],"about":[{"href":"https:\/\/www.remap101.co.uk\/pt-br\/wp-json\/wp\/v2\/types\/product"}],"replies":[{"embeddable":true,"href":"https:\/\/www.remap101.co.uk\/pt-br\/wp-json\/wp\/v2\/comments?post=51302"}],"wp:featuredmedia":[{"embeddable":true,"href":"https:\/\/www.remap101.co.uk\/pt-br\/wp-json\/wp\/v2\/media\/56278"}],"wp:attachment":[{"href":"https:\/\/www.remap101.co.uk\/pt-br\/wp-json\/wp\/v2\/media?parent=51302"}],"wp:term":[{"taxonomy":"product_brand","embeddable":true,"href":"https:\/\/www.remap101.co.uk\/pt-br\/wp-json\/wp\/v2\/product_brand?post=51302"},{"taxonomy":"product_cat","embeddable":true,"href":"https:\/\/www.remap101.co.uk\/pt-br\/wp-json\/wp\/v2\/product_cat?post=51302"},{"taxonomy":"product_tag","embeddable":true,"href":"https:\/\/www.remap101.co.uk\/pt-br\/wp-json\/wp\/v2\/product_tag?post=51302"}],"curies":[{"name":"wp","href":"https:\/\/api.w.org\/{rel}","templated":true}]}}