{"id":51309,"date":"2021-10-28T12:17:09","date_gmt":"2021-10-28T11:17:09","guid":{"rendered":"https:\/\/www.remap101.co.uk\/product\/modulo-de-treinamento-de-ajuste-diesel-evc-winols-1-de-6\/"},"modified":"2026-01-07T14:34:15","modified_gmt":"2026-01-07T14:34:15","slug":"evc-winols-diesel-tuning-module-1-of-6","status":"publish","type":"product","link":"https:\/\/www.remap101.co.uk\/pt-br\/produto\/evc-winols-diesel-tuning-module-1-of-6\/","title":{"rendered":"VTA1013: Curso de treinamento de ajuste de ve\u00edculos a diesel EVC WinOLS: M\u00f3dulo 1 de 6"},"content":{"rendered":"<h2>VTA1013: Curso de treinamento de ajuste de ve\u00edculos a diesel EVC WinOLS: M\u00f3dulo 1 de 6<\/h2>\n<p>Voc\u00ea est\u00e1 pronto para iniciar sua jornada no tuning profissional de diesel?<\/p>\n<p><strong>O curso de treinamento on-line Viezu Remap101 em EVC WinOLS Diesel Tuning<\/strong> ajudar\u00e1 voc\u00ea a atingir suas metas de tuning e de neg\u00f3cios. Este primeiro m\u00f3dulo do curso \u00e9 o primeiro passo essencial para voc\u00ea.<\/p>\n<p>Este m\u00f3dulo oferece duas li\u00e7\u00f5es detalhadas que orientam voc\u00ea no download, na instala\u00e7\u00e3o e na configura\u00e7\u00e3o correta do <strong>software WinOLS 5<\/strong>, l\u00edder do setor, estabelecendo uma base s\u00f3lida para o aprendizado adicional desse software e seu uso para remapeamento e ajuste de ECUs a diesel. Voc\u00ea aprender\u00e1 a interface e as principais funcionalidades do WinOLS.<\/p>\n<p>H\u00e1 8 m\u00f3dulos no total nesse curso on-line sobre o uso do WinOLS para ajuste de diesel (alguns dos m\u00f3dulos t\u00eam 2 partes &#8211; um m\u00f3dulo parte A e um m\u00f3dulo parte B).<\/p>\n<p>O software WinOLS \u00e9 dif\u00edcil de aprender, portanto, nossos cursos de treinamento em WinOLS incluem um n\u00famero maior de m\u00f3dulos do que nossos cursos para outras plataformas de software.<\/p>\n<p>Para que voc\u00ea tire o m\u00e1ximo proveito de nossos cursos on-line, \u00e9 melhor fazer os m\u00f3dulos na ordem correta. Isso significa que voc\u00ea pode desenvolver seu conhecimento de forma estruturada. Cada m\u00f3dulo se baseia no conhecimento do m\u00f3dulo anterior.<\/p>\n<h2>Aprenda no seu pr\u00f3prio ritmo &#8211; 100% on-line<\/h2>\n<p>Diga adeus aos hor\u00e1rios r\u00edgidos e \u00e0s viagens caras para cursos presenciais. Nossos cursos on-line permitem que voc\u00ea aprenda a qualquer hora e em qualquer lugar. Quer esteja sintonizando tarde da noite ou de manh\u00e3 cedo, voc\u00ea pode pausar, retroceder e revisitar cada se\u00e7\u00e3o at\u00e9 que esteja confiante e pronto para seguir em frente. Fa\u00e7a anota\u00e7\u00f5es, acompanhe com seu pr\u00f3prio software e tenha controle total sobre o seu aprendizado.<\/p>\n<p>Ao adquirir os m\u00f3dulos de treinamento on-line do Viezu Remap101, voc\u00ea obt\u00e9m acesso vital\u00edcio &#8211; voc\u00ea pode assistir, revisitar e revisar quantas vezes quiser &#8211; n\u00e3o h\u00e1 limites.<\/p>\n<h2>Aplica\u00e7\u00e3o no mundo real com o software BMW ECU<\/h2>\n<p>Este curso n\u00e3o \u00e9 apenas te\u00f3rico &#8211; voc\u00ea<strong>trabalhar\u00e1 de forma pr\u00e1tica com um arquivo ECU genu\u00edno da BMW<\/strong>, proporcionando a voc\u00ea habilidades pr\u00e1ticas que se traduzem diretamente em ajustes no mundo real. As t\u00e9cnicas ensinadas se aplicam a uma ampla gama de ve\u00edculos a diesel, tornando seu aprendizado transfer\u00edvel e sua experi\u00eancia comercializ\u00e1vel.<\/p>\n<h2>Aumente suas credenciais com um certificado de curso<\/h2>\n<p>Conclua com \u00eaxito o m\u00f3dulo e a avalia\u00e7\u00e3o para obter um <strong>certificado de curso reconhecido &#8211; uma<\/strong>adi\u00e7\u00e3o valiosa ao seu perfil profissional. Mostre aos clientes, empregadores ou redes de tuning que voc\u00ea leva a s\u00e9rio o tuning de diesel e o desenvolvimento t\u00e9cnico.<\/p>\n<h2>Entrada acess\u00edvel no remapeamento profissional da ECU<\/h2>\n<p>Este primeiro m\u00f3dulo \u00e9 uma maneira econ\u00f4mica de voc\u00ea come\u00e7ar sua jornada no mundo da calibra\u00e7\u00e3o de ECUs a diesel. Adquira as habilidades e a confian\u00e7a de que voc\u00ea precisa para seguir em frente neste curso de treinamento on-line, sem o alto custo dos workshops presenciais.<\/p>\n<h2>Principais recursos:<\/h2>\n<ul>\n<li>2 aulas em v\u00eddeo on-line conduzidas por especialistas neste m\u00f3dulo<\/li>\n<li>Aprendizagem em ritmo pr\u00f3prio &#8211; Acesso a qualquer hora, em qualquer lugar<\/li>\n<li>Arquivo de ECU real do BMW Diesel inclu\u00eddo<\/li>\n<li>Adequado para iniciantes sem experi\u00eancia anterior<\/li>\n<li>Certificado de conclus\u00e3o do curso<\/li>\n<li>Introdu\u00e7\u00e3o perfeita ao software de ajuste WinOLS 5<\/li>\n<\/ul>\n<h2>Para quem \u00e9 esse curso?<\/h2>\n<p>Este curso \u00e9 ideal para voc\u00ea:<\/p>\n<ul>\n<li>Aspirantes a sintonizadores de diesel com pouca ou nenhuma experi\u00eancia anterior<\/li>\n<li>Propriet\u00e1rios de oficinas que desejam fazer o ajuste da ECU internamente<\/li>\n<li>T\u00e9cnicos em transi\u00e7\u00e3o de ferramentas gen\u00e9ricas de ajuste para plataformas de desenvolvimento profissional<\/li>\n<li>Se voc\u00ea quer mesmo dominar o remapeamento de diesel com o EVC WinOLS<\/li>\n<\/ul>\n<p>Inscreva-se hoje no <strong>M\u00f3dulo 1<\/strong> e abra a porta para uma carreira de alto desempenho no ajuste de ECUs a diesel. \u00c9 aqui que voc\u00ea come\u00e7a sua jornada.<\/p>\n<p><strong>\u27a1\ufe0f Comece agora e aumente seu potencial.<\/strong><\/p>\n<p>&nbsp;<\/p>\n<p>&nbsp;<\/p>\n<h3>Software EVC WinOLS 5<\/h3>\n<p>Voc\u00ea ter\u00e1 uma experi\u00eancia de aprendizado melhor se tiver o software WinOLS em execu\u00e7\u00e3o no seu pr\u00f3prio laptop enquanto estiver fazendo o curso.<\/p>\n<p>Isso significa que voc\u00ea pode praticar o que acabou de aprender. Voc\u00ea pode acompanhar o que o instrutor est\u00e1 mostrando, \u00e0 medida que avan\u00e7a. Isso dar\u00e1 a voc\u00ea mais confian\u00e7a para fazer o seu pr\u00f3prio ajuste no mundo real com o WinOLS.<\/p>\n<p>Se voc\u00ea ainda n\u00e3o tiver uma vers\u00e3o completa do software de ajuste EVC WinOLS, poder\u00e1 compr\u00e1-la aqui em nossa loja on-line de ajuste &#8211; <a href=\"https:\/\/www.remap101.co.uk\/pt-br\/categoria-produto\/ferramentas-e-software-de-ajuste-profissional\/\">Software de ajuste<\/a><\/p>\n","protected":false},"excerpt":{"rendered":"<p>EVC WinOLS Diesel Tuning Module 1 de 6; duas li\u00e7\u00f5es que abrangem o download, a instala\u00e7\u00e3o e a configura\u00e7\u00e3o do EVC WinOLS5.<\/p>\n<p>Cada sess\u00e3o de treinamento pode ser assistida v\u00e1rias vezes. Como tal, uma das grandes coisas sobre o treinamento online \u00e9 se voc\u00ea n\u00e3o entendeu muito bem alguma coisa. Voc\u00ea pode assisti-lo de novo e de novo e de novo at\u00e9 domin\u00e1-lo. E voc\u00ea tamb\u00e9m pode pausar e reiniciar. Da\u00ed dar-lhe tempo para fazer anota\u00e7\u00f5es, ou at\u00e9 mesmo praticar o que acabou de ver<\/p>\n<p>Este \u00e9 um m\u00f3dulo de treinamento completo. Aguarde 1 hora para fazer este curso e o teste associado a ele<\/p>\n","protected":false},"featured_media":77365,"comment_status":"open","ping_status":"closed","template":"","meta":{"_acf_changed":false},"product_brand":[21146,19675],"product_cat":[24690,24591,24421,24433,24585,24583,24431],"product_tag":[15312,15219],"class_list":{"0":"post-51309","1":"product","2":"type-product","3":"status-publish","4":"has-post-thumbnail","6":"product_brand-evc","7":"product_brand-winols","8":"product_cat-cursos-de-treinamento-on-line-sobre-tuning","9":"product_cat-treinamento-de-ajuste-de-diesel","10":"product_cat-treinamento-de-ajuste-de-todos-os-veiculos","11":"product_cat-treinamento-de-ajuste-eletronico-evc","12":"product_cat-treinamento-de-ajuste-por-tipo-de-veiculo","13":"product_cat-treinamento-em-tuning-por-nivel","14":"product_cat-treinamento-evc-winols-pt-br-3","15":"product_tag-evc-pt-br","16":"product_tag-software-de-ajuste-winols-5-evc-pt-br","18":"first","19":"instock","20":"taxable","21":"shipping-taxable","22":"purchasable","23":"product-type-simple"},"acf":[],"_links":{"self":[{"href":"https:\/\/www.remap101.co.uk\/pt-br\/wp-json\/wp\/v2\/product\/51309","targetHints":{"allow":["GET"]}}],"collection":[{"href":"https:\/\/www.remap101.co.uk\/pt-br\/wp-json\/wp\/v2\/product"}],"about":[{"href":"https:\/\/www.remap101.co.uk\/pt-br\/wp-json\/wp\/v2\/types\/product"}],"replies":[{"embeddable":true,"href":"https:\/\/www.remap101.co.uk\/pt-br\/wp-json\/wp\/v2\/comments?post=51309"}],"wp:featuredmedia":[{"embeddable":true,"href":"https:\/\/www.remap101.co.uk\/pt-br\/wp-json\/wp\/v2\/media\/77365"}],"wp:attachment":[{"href":"https:\/\/www.remap101.co.uk\/pt-br\/wp-json\/wp\/v2\/media?parent=51309"}],"wp:term":[{"taxonomy":"product_brand","embeddable":true,"href":"https:\/\/www.remap101.co.uk\/pt-br\/wp-json\/wp\/v2\/product_brand?post=51309"},{"taxonomy":"product_cat","embeddable":true,"href":"https:\/\/www.remap101.co.uk\/pt-br\/wp-json\/wp\/v2\/product_cat?post=51309"},{"taxonomy":"product_tag","embeddable":true,"href":"https:\/\/www.remap101.co.uk\/pt-br\/wp-json\/wp\/v2\/product_tag?post=51309"}],"curies":[{"name":"wp","href":"https:\/\/api.w.org\/{rel}","templated":true}]}}