{"id":52572,"date":"2022-06-30T17:41:39","date_gmt":"2022-06-30T16:41:39","guid":{"rendered":"https:\/\/www.remap101.co.uk\/product\/treinamento-kess3-para-credenciamento-de-remapeamento-de-ajuste-imi\/"},"modified":"2025-12-08T06:32:26","modified_gmt":"2025-12-08T06:32:26","slug":"how-to-read-and-write-an-ecu-kess3-training-for-imi-accreditation","status":"publish","type":"product","link":"https:\/\/www.remap101.co.uk\/pt-br\/produto\/how-to-read-and-write-an-ecu-kess3-training-for-imi-accreditation\/","title":{"rendered":"VTA074: Como ler e gravar uma ECU &#8211; KESS3 para credenciamento IMI"},"content":{"rendered":"<h2><strong>Certificado de Realiza\u00e7\u00e3o Profissional Acreditado IMI<\/strong><\/h2>\n<h4><strong>Treinamento KESS3 para Credenciamento de Remapeamento de Tuning IMI &#8211; O que \u00e9 este curso?<\/strong><\/h4>\n<p>N\u00e3o aprenda apenas a ler e escrever em uma ECU, aprenda os m\u00e9todos corretos e seguros e as melhores pr\u00e1ticas para faz\u00ea-lo. Bem como obter um certificado formal IMI &#8211; Institute Of Motor Industry para tuning e remapeamento de ECU. <\/p>\n<h4><strong>Como ler e gravar a ECU de um ve\u00edculo usando o programa de equipamento de ajuste de ve\u00edculos<\/strong><\/h4>\n<p>A Viezu trouxe este curso para voc\u00ea on-line para apoiar todos os alunos que desejam participar do \u00f3rg\u00e3o profissional para pessoas do setor automotivo &#8211; <a href=\"https:\/\/tide.theimi.org.uk\/\" target=\"_blank\" rel=\"noopener\">o Institute of the Motor Industry<\/a> (IMI).<\/p>\n<p>Este curso oferece um valor excepcional para aqueles que desejam expandir as oportunidades de neg\u00f3cios e de carreira. Portanto, por que voc\u00ea n\u00e3o se diferencia no setor? <\/p>\n<h4><strong>Por que a VIEZU est\u00e1 oferecendo este curso?<\/strong><\/h4>\n<p>O VIEZU \u00e9 um Centro de Treinamento Aprovado, complementando mais de 600 centros que oferecem qualifica\u00e7\u00f5es, aprendizado IMI e solu\u00e7\u00f5es de desenvolvimento para profissionais automotivos.<\/p>\n<h4><strong>Obter qualifica\u00e7\u00f5es profissionais atrav\u00e9s do VIEZU, um Centro de Forma\u00e7\u00e3o Aprovado pela IMI<\/strong><\/h4>\n<p>Amplie seus conhecimentos usando nossas informa\u00e7\u00f5es t\u00e9cnicas com confian\u00e7a; o IMI garante os mais altos padr\u00f5es de aprendizado e desenvolvimento.<\/p>\n<p>Os cursos do IMI s\u00e3o ministrados por meio de centros aprovados e parceiros especializados em todo o mundo. Por isso, a VIEZU oferece esse servi\u00e7o aos Tuners Profissionais de Ve\u00edculos desde 2014. <\/p>\n<p>Ao criar este curso on-line, estamos oferecendo a conveni\u00eancia de assistir a webinars e aprender on-line no seu pr\u00f3prio tempo.<\/p>\n<h4><strong>Para quem \u00e9 isso?<\/strong><\/h4>\n<p>O curso KESS3 Training for IMI Tuning Remap Accreditation destina-se a qualquer pessoa que queira obter uma qualifica\u00e7\u00e3o profissional em tuning. Assim como o uso de ferramentas de ajuste e m\u00e9todos de leitura e grava\u00e7\u00e3o em uma ECU. <\/p>\n<p>Ajudamos a treinar e apoiamos muitos profissionais do setor automobil\u00edstico a atingir suas metas de carreira e desenvolvimento. Al\u00e9m de treinar t\u00e9cnicas modernas de tuning de ve\u00edculos e tuning e remapeamento eletr\u00f4nico de ve\u00edculos no mercado de reposi\u00e7\u00e3o. <\/p>\n<h4><strong>Como \u00e9 realizado o teste?<\/strong><\/h4>\n<p>Agora voc\u00ea pode concluir o curso e os testes online<\/p>\n<h4><strong>O que eu recebo?<\/strong><\/h4>\n<p>Depois de concluir com \u00eaxito este curso e obter a nota associada, voc\u00ea receber\u00e1 o certificado de qualifica\u00e7\u00e3o formal do IMI.<\/p>\n<p>Al\u00e9m disso, se voc\u00ea estiver procurando por ferramentas de ajuste e software de remapeamento, poder\u00e1 encontr\u00e1-los na loja aqui: <a href=\"https:\/\/www.remap101.co.uk\/pt-br\/categoria-produto\/ferramentas-e-software-de-ajuste-profissional\/\">Ferramentas de ajuste profissionais<\/a><\/p>\n<p>Alientech KESS3 Training for IMI Tuning Remap Accreditation somente da Remap101 e VIEZU<\/p>\n","protected":false},"excerpt":{"rendered":"<p>Certificado de Realiza\u00e7\u00e3o Profissional Acreditado IMI Treinamento KESS3 para Credenciamento de Remapeamento de Tuning IMI &#8211; O que \u00e9 este curso? N\u00e3o aprenda apenas a ler e escrever em uma ECU, aprenda os m\u00e9todos corretos e seguros e as melhores pr\u00e1ticas para faz\u00ea-lo. Bem como obter um certificado formal IMI &#8211; Institute Of Motor Industry [&hellip;]<\/p>\n","protected":false},"featured_media":58388,"comment_status":"open","ping_status":"closed","template":"","meta":{"_acf_changed":false},"product_brand":[19674,19681],"product_cat":[24690,24582,24421,14858,14885],"product_tag":[15768,15766,15194,15195,15767,15429],"class_list":{"0":"post-52572","1":"product","2":"type-product","3":"status-publish","4":"has-post-thumbnail","6":"product_brand-alientech","7":"product_brand-kess-3","8":"product_cat-cursos-de-treinamento-on-line-sobre-tuning","9":"product_cat-treinamento-de-ajuste-de-marca","10":"product_cat-treinamento-de-ajuste-de-todos-os-veiculos","11":"product_cat-alientech-pt-br","12":"product_cat-kess3-pt-br","13":"product_tag-alienigena-pt-br","14":"product_tag-alientech-kess3-pt-br","15":"product_tag-kess-pt-br","16":"product_tag-kess-3-pt-br","17":"product_tag-kess3-escravo-pt-br","18":"product_tag-tecnologia-alienigena","20":"first","21":"instock","22":"taxable","23":"shipping-taxable","24":"purchasable","25":"product-type-simple"},"acf":[],"_links":{"self":[{"href":"https:\/\/www.remap101.co.uk\/pt-br\/wp-json\/wp\/v2\/product\/52572","targetHints":{"allow":["GET"]}}],"collection":[{"href":"https:\/\/www.remap101.co.uk\/pt-br\/wp-json\/wp\/v2\/product"}],"about":[{"href":"https:\/\/www.remap101.co.uk\/pt-br\/wp-json\/wp\/v2\/types\/product"}],"replies":[{"embeddable":true,"href":"https:\/\/www.remap101.co.uk\/pt-br\/wp-json\/wp\/v2\/comments?post=52572"}],"wp:featuredmedia":[{"embeddable":true,"href":"https:\/\/www.remap101.co.uk\/pt-br\/wp-json\/wp\/v2\/media\/58388"}],"wp:attachment":[{"href":"https:\/\/www.remap101.co.uk\/pt-br\/wp-json\/wp\/v2\/media?parent=52572"}],"wp:term":[{"taxonomy":"product_brand","embeddable":true,"href":"https:\/\/www.remap101.co.uk\/pt-br\/wp-json\/wp\/v2\/product_brand?post=52572"},{"taxonomy":"product_cat","embeddable":true,"href":"https:\/\/www.remap101.co.uk\/pt-br\/wp-json\/wp\/v2\/product_cat?post=52572"},{"taxonomy":"product_tag","embeddable":true,"href":"https:\/\/www.remap101.co.uk\/pt-br\/wp-json\/wp\/v2\/product_tag?post=52572"}],"curies":[{"name":"wp","href":"https:\/\/api.w.org\/{rel}","templated":true}]}}