{"id":52597,"date":"2022-06-24T16:29:54","date_gmt":"2022-06-24T15:29:54","guid":{"rendered":"https:\/\/www.remap101.co.uk\/product\/modulo-de-ajuste-de-gasolina-evc-winols-6-de-6a\/"},"modified":"2026-01-15T10:40:21","modified_gmt":"2026-01-15T10:40:21","slug":"evc-winols-gasoline-tuning-module-6-of-6a","status":"publish","type":"product","link":"https:\/\/www.remap101.co.uk\/pt-br\/produto\/evc-winols-gasoline-tuning-module-6-of-6a\/","title":{"rendered":"VTA1039: M\u00f3dulo de ajuste de gasolina do EVC WinOLS 6 de 6a"},"content":{"rendered":"<h2>Treinamento on-line de gasolina EVC WinOLS<\/h2>\n<h3>Treinamento on-line de ajuste de motores a gasolina do EVC WinOLS M\u00f3dulo 6 de 6a<\/h3>\n<p>Este m\u00f3dulo 6 de 6a do treinamento on-line sobre gasolina do EVC WinOLS \u00e9 um programa de treinamento em duas partes que consiste em :<\/p>\n<ol>\n<li>M\u00f3dulo de ajuste de gasolina EVC WinOLS 6 de 6a &#8211; Este curso<\/li>\n<li>M\u00f3dulo de ajuste de gasolina EVC WinOLS 6 de 6b &#8211; <a href=\"https:\/\/www.remap101.co.uk\/?post_type=product&amp;p=10767&amp;preview=true\">Selecione para comprar<\/a><\/li>\n<\/ol>\n<p><strong>O que voc\u00ea aprender\u00e1 no treinamento on-line do EVC WinOLS Gasoline &#8211; M\u00f3dulo 6 de 6a<\/strong><\/p>\n<ul>\n<li>Como modificar os dados no WinOLS<\/li>\n<li>Explorando os diferentes m\u00e9todos e abordagens para modificar dados nos mapas<\/li>\n<li>A import\u00e2ncia do registro de dados e teste ao desenvolver um arquivo de ajuste pela primeira vez<\/li>\n<li>Como salvar altera\u00e7\u00f5es em um arquivo para criar uma nova vers\u00e3o e muito mais<\/li>\n<\/ul>\n<p><strong>Os benef\u00edcios do treinamento online com a Viezu<\/strong><\/p>\n<p>Uma vez adquiridas, cada uma dessas sess\u00f5es de treinamento pode ser assistida v\u00e1rias vezes. Voc\u00ea pode assistir aos v\u00eddeos v\u00e1rias vezes, conforme sua conveni\u00eancia, a qualquer hora e em qualquer lugar.<\/p>\n<p>Uma das vantagens das sess\u00f5es de treinamento on-line do Remap101 WinOLS \u00e9 que, mesmo que voc\u00ea n\u00e3o tenha entendido algo na primeira vez, poder\u00e1 rever e revisitar os t\u00f3picos no seu pr\u00f3prio ritmo. Voc\u00ea pode pausar e reiniciar o treinamento em v\u00eddeo. Isso d\u00e1 a voc\u00ea tempo para fazer anota\u00e7\u00f5es. Tamb\u00e9m fornecemos a voc\u00ea o arquivo original usado no treinamento.<\/p>\n<p>Remanejamento de ECU e treinamento de remapeamento da VIEZU Training Academy.<\/p>\n<h3>Software de ajuste e remapeamento EVC WinOLs<\/h3>\n<p>Embora n\u00e3o seja necess\u00e1rio que voc\u00ea tenha o software EVC WinOLS para fazer este curso de treinamento em gasolina EVC WinOLS, n\u00f3s o recomendamos enfaticamente. Ter o software WinOLS melhorar\u00e1 sua experi\u00eancia de aprendizado e lhe dar\u00e1 mais confian\u00e7a quando voc\u00ea tiver o software aberto e com voc\u00ea. Voc\u00ea poder\u00e1 praticar o que est\u00e1 aprendendo em um ambiente real.<\/p>\n<p>Se precisar comprar o software genu\u00edno EVC WinOls, voc\u00ea pode visualiz\u00e1-lo e compr\u00e1-lo em nossa loja: <a href=\"https:\/\/www.remap101.co.uk\/product\/winols-5-tuning-software-evc\/\">Software WinOls<\/a>.<\/p>\n<p>Treinamento on-line de ajuste e remapeamento de gasolina EVC WinOLS da Remap101.com<\/p>\n","protected":false},"excerpt":{"rendered":"<p>Treinamento de Ajuste de Gasolina EVC WinOLS: M\u00f3dulo 6 de 6a; A li\u00e7\u00e3o abordar\u00e1 como<span style=\"font-family: var(--global-body-font-family);\">investigar limita\u00e7\u00f5es de valor, pistas para obter mais poder, como identificar rela\u00e7\u00f5es entre mapas e muito mais.<\/span><\/p>\n","protected":false},"featured_media":58138,"comment_status":"open","ping_status":"closed","template":"","meta":{"_acf_changed":false},"product_brand":[21146,19675],"product_cat":[24690,24592,24582,24421,24433,24431],"product_tag":[15312,15794,15273,15274,15797,15798,15795,15219,15796],"class_list":{"0":"post-52597","1":"product","2":"type-product","3":"status-publish","4":"has-post-thumbnail","6":"product_brand-evc","7":"product_brand-winols","8":"product_cat-cursos-de-treinamento-on-line-sobre-tuning","9":"product_cat-treinamento-de-ajuste-de-gasolina","10":"product_cat-treinamento-de-ajuste-de-marca","11":"product_cat-treinamento-de-ajuste-de-todos-os-veiculos","12":"product_cat-treinamento-de-ajuste-eletronico-evc","13":"product_cat-treinamento-evc-winols-pt-br-3","14":"product_tag-evc-pt-br","15":"product_tag-evc-online-pt-br","16":"product_tag-gasolina","17":"product_tag-gasolina-pt-br","18":"product_tag-gasolina-evc","19":"product_tag-gasolina-evc-pt-br","20":"product_tag-online-pt-br","21":"product_tag-software-de-ajuste-winols-5-evc-pt-br","22":"product_tag-winols-online-pt-br","24":"first","25":"instock","26":"taxable","27":"shipping-taxable","28":"purchasable","29":"product-type-simple"},"acf":[],"_links":{"self":[{"href":"https:\/\/www.remap101.co.uk\/pt-br\/wp-json\/wp\/v2\/product\/52597","targetHints":{"allow":["GET"]}}],"collection":[{"href":"https:\/\/www.remap101.co.uk\/pt-br\/wp-json\/wp\/v2\/product"}],"about":[{"href":"https:\/\/www.remap101.co.uk\/pt-br\/wp-json\/wp\/v2\/types\/product"}],"replies":[{"embeddable":true,"href":"https:\/\/www.remap101.co.uk\/pt-br\/wp-json\/wp\/v2\/comments?post=52597"}],"wp:featuredmedia":[{"embeddable":true,"href":"https:\/\/www.remap101.co.uk\/pt-br\/wp-json\/wp\/v2\/media\/58138"}],"wp:attachment":[{"href":"https:\/\/www.remap101.co.uk\/pt-br\/wp-json\/wp\/v2\/media?parent=52597"}],"wp:term":[{"taxonomy":"product_brand","embeddable":true,"href":"https:\/\/www.remap101.co.uk\/pt-br\/wp-json\/wp\/v2\/product_brand?post=52597"},{"taxonomy":"product_cat","embeddable":true,"href":"https:\/\/www.remap101.co.uk\/pt-br\/wp-json\/wp\/v2\/product_cat?post=52597"},{"taxonomy":"product_tag","embeddable":true,"href":"https:\/\/www.remap101.co.uk\/pt-br\/wp-json\/wp\/v2\/product_tag?post=52597"}],"curies":[{"name":"wp","href":"https:\/\/api.w.org\/{rel}","templated":true}]}}