{"id":52605,"date":"2022-06-20T16:18:55","date_gmt":"2022-06-20T15:18:55","guid":{"rendered":"https:\/\/www.remap101.co.uk\/product\/ajuste-a-gasolina-evc-winols-modulo-5-de-6\/"},"modified":"2026-01-16T12:33:08","modified_gmt":"2026-01-16T12:33:08","slug":"evc-winols-gasoline-tuning-module-5-of-6","status":"publish","type":"product","link":"https:\/\/www.remap101.co.uk\/pt-br\/produto\/evc-winols-gasoline-tuning-module-5-of-6\/","title":{"rendered":"VTA1038: M\u00f3dulo de ajuste de gasolina do EVC WinOLS 5 de 6"},"content":{"rendered":"<h2>Treinamento on-line de gasolina EVC WinOLS<\/h2>\n<h3>Treinamento on-line do EVC WinOLS Gasoline: M\u00f3dulo 5 de 6<\/h3>\n<p><strong>O que voc\u00ea aprender\u00e1 no treinamento on-line WinOLS Gasoline Tuning Training &#8211; M\u00f3dulo 5 de 6:<\/strong><\/p>\n<ul>\n<li>Como entender a rela\u00e7\u00e3o entre diferentes tipos de mapas<\/li>\n<li>Entenda as limita\u00e7\u00f5es padr\u00e3o do software<\/li>\n<li>Como explorar onde o software padr\u00e3o suporta maior pot\u00eancia &#8211; pistas ocultas para desbloquear mais pot\u00eancia<\/li>\n<li>Onde selecionar os principais pontos de refer\u00eancia ao identificar mapas necess\u00e1rios para suportar maior pot\u00eancia<\/li>\n<li>Quanto mais pode ser adicionado aos valores-chave ao finalizar os novos valores &#8216;ajustados&#8217;<\/li>\n<\/ul>\n<h3>Os benef\u00edcios do treinamento online com a Viezu<\/h3>\n<p>Uma vez adquiridas, cada uma dessas sess\u00f5es de treinamento pode ser assistida v\u00e1rias vezes. Voc\u00ea pode assistir aos v\u00eddeos v\u00e1rias vezes, conforme sua conveni\u00eancia, o que lhe permite mergulhar totalmente no assunto.<\/p>\n<p>Uma das vantagens das sess\u00f5es de treinamento on-line do Remap101 EVC WinOLS \u00e9 que, mesmo que voc\u00ea n\u00e3o tenha entendido algo na primeira vez, poder\u00e1 rever e revisitar os t\u00f3picos no seu pr\u00f3prio ritmo. Voc\u00ea tamb\u00e9m poder\u00e1 pausar e reiniciar o treinamento em v\u00eddeo. Isso d\u00e1 a voc\u00ea tempo para fazer anota\u00e7\u00f5es e ter mais capacidade de acompanhar o curso. Fornecemos a voc\u00ea o arquivo original usado no treinamento.<\/p>\n<p>Remanejamento de ECU e treinamento de remapeamento da VIEZU Training Academy.<\/p>\n<h3>Software de ajuste EVC WinOLs<\/h3>\n<p>Embora n\u00e3o seja necess\u00e1rio que voc\u00ea tenha o software EVC WinOLS para participar deste curso de treinamento em gasolina EVC WinOLS, recomendamos enfaticamente que o tenha. Ter o software WinOLS melhorar\u00e1 sua experi\u00eancia de aprendizado e lhe dar\u00e1 mais confian\u00e7a quando voc\u00ea tiver o software aberto e com voc\u00ea. Voc\u00ea pode praticar o que est\u00e1 aprendendo em um ambiente de pr\u00e1tica ao vivo.<\/p>\n<p>Se precisar comprar o software WinOls genu\u00edno da EVC, voc\u00ea pode ver e comprar em nossa loja: <a href=\"https:\/\/www.remap101.co.uk\/product\/winols-5-tuning-software-evc\/\">Software WinOls<\/a>.<\/p>\n<p>Treinamento on-line de gasolina EVC WinOLS da Remap101.com<\/p>\n","protected":false},"excerpt":{"rendered":"<p>Treinamento de Ajuste de Gasolina EVC WinOLS: M\u00f3dulo 5 de 6; A li\u00e7\u00e3o abordar\u00e1 como<span style=\"font-family: var(--global-body-font-family);\">investigar limita\u00e7\u00f5es de valor, pistas para obter mais poder, como identificar rela\u00e7\u00f5es entre mapas e muito mais.<\/span><\/p>\n","protected":false},"featured_media":58068,"comment_status":"open","ping_status":"closed","template":"","meta":{"_acf_changed":false},"product_brand":[21146,19675],"product_cat":[24690,24592,24582,24421,24433,24431],"product_tag":[15312,15273,15274,15219],"class_list":{"0":"post-52605","1":"product","2":"type-product","3":"status-publish","4":"has-post-thumbnail","6":"product_brand-evc","7":"product_brand-winols","8":"product_cat-cursos-de-treinamento-on-line-sobre-tuning","9":"product_cat-treinamento-de-ajuste-de-gasolina","10":"product_cat-treinamento-de-ajuste-de-marca","11":"product_cat-treinamento-de-ajuste-de-todos-os-veiculos","12":"product_cat-treinamento-de-ajuste-eletronico-evc","13":"product_cat-treinamento-evc-winols-pt-br-3","14":"product_tag-evc-pt-br","15":"product_tag-gasolina","16":"product_tag-gasolina-pt-br","17":"product_tag-software-de-ajuste-winols-5-evc-pt-br","19":"first","20":"instock","21":"taxable","22":"shipping-taxable","23":"purchasable","24":"product-type-simple"},"acf":[],"_links":{"self":[{"href":"https:\/\/www.remap101.co.uk\/pt-br\/wp-json\/wp\/v2\/product\/52605","targetHints":{"allow":["GET"]}}],"collection":[{"href":"https:\/\/www.remap101.co.uk\/pt-br\/wp-json\/wp\/v2\/product"}],"about":[{"href":"https:\/\/www.remap101.co.uk\/pt-br\/wp-json\/wp\/v2\/types\/product"}],"replies":[{"embeddable":true,"href":"https:\/\/www.remap101.co.uk\/pt-br\/wp-json\/wp\/v2\/comments?post=52605"}],"wp:featuredmedia":[{"embeddable":true,"href":"https:\/\/www.remap101.co.uk\/pt-br\/wp-json\/wp\/v2\/media\/58068"}],"wp:attachment":[{"href":"https:\/\/www.remap101.co.uk\/pt-br\/wp-json\/wp\/v2\/media?parent=52605"}],"wp:term":[{"taxonomy":"product_brand","embeddable":true,"href":"https:\/\/www.remap101.co.uk\/pt-br\/wp-json\/wp\/v2\/product_brand?post=52605"},{"taxonomy":"product_cat","embeddable":true,"href":"https:\/\/www.remap101.co.uk\/pt-br\/wp-json\/wp\/v2\/product_cat?post=52605"},{"taxonomy":"product_tag","embeddable":true,"href":"https:\/\/www.remap101.co.uk\/pt-br\/wp-json\/wp\/v2\/product_tag?post=52605"}],"curies":[{"name":"wp","href":"https:\/\/api.w.org\/{rel}","templated":true}]}}