{"id":52761,"date":"2022-03-15T15:54:21","date_gmt":"2022-03-15T15:54:21","guid":{"rendered":"https:\/\/www.remap101.co.uk\/product\/modulo-de-treinamento-de-gasolina-evc-winols-on-line-4-de-6d\/"},"modified":"2026-01-16T12:22:13","modified_gmt":"2026-01-16T12:22:13","slug":"evc-winols-gasoline-tuning-training-online-module-4-of-6d","status":"publish","type":"product","link":"https:\/\/www.remap101.co.uk\/pt-br\/produto\/evc-winols-gasoline-tuning-training-online-module-4-of-6d\/","title":{"rendered":"VTA1037: M\u00f3dulo de ajuste de gasolina do EVC WinOLS 4 de 6d"},"content":{"rendered":"<h2>Treinamento on-line de ajuste de motores a gasolina EVC WinOLS<\/h2>\n<h3>Treinamento on-line de ajuste de gasolina do EVC WinOLS: M\u00f3dulo 4 de 6d<\/h3>\n<p>Esse m\u00f3dulo de treinamento on-line do EVC WinOLS para ajuste de motores a gasolina faz parte da 4\u00aa se\u00e7\u00e3o do curso de gasolina do WinOLS. O curso abrange o ajuste de motores a gasolina e o remapeamento da ECU.<\/p>\n<p>Cada m\u00f3dulo se baseia na sess\u00e3o de treinamento anterior. Voc\u00ea ter\u00e1 uma jornada de aprendizado e habilidades ao longo das li\u00e7\u00f5es e dos m\u00f3dulos. Voc\u00ea obter\u00e1 informa\u00e7\u00f5es sobre o software de ajuste WinOls e o formato dos arquivos e mapas de ajuste usados para ajustar e atualizar o software ECU do motor a gasolina.<\/p>\n<p>Nesta sess\u00e3o de treinamento do WinOLS Gasoline, analisamos mais profundamente os pacotes de mapas, bem como a identifica\u00e7\u00e3o e a rotulagem de dados, a compreens\u00e3o do tamanho dos dados e muito mais.<\/p>\n<p>O WinOLS \u00e9 um software poderoso, mas complexo e desafiador, portanto, o curso Viezu Remap101 WinOLS inclui mais m\u00f3dulos do que nossos cursos para outros softwares. Separamos esta 4\u00aa se\u00e7\u00e3o do curso em 4 m\u00f3dulos &#8211; a, b, c, d. Os m\u00f3dulos s\u00e3o apresentados a seguir. Para que voc\u00ea obtenha os benef\u00edcios e o valor total do curso, tente fazer os m\u00f3dulos na sequ\u00eancia correta:<\/p>\n<ol>\n<li><a href=\"https:\/\/www.remap101.co.uk\/pt-br\/produto\/evc-winols-gasoline-tuning-training-online-module-4-of-6a\/?preview_id=9492&amp;preview_nonce=dd2e67b2f7&amp;_thumbnail_id=9185&amp;preview=true\">EVC WinOLS Gasoline Training Online: M\u00f3dulo 4 de 6a &#8211; clique para comprar esta li\u00e7\u00e3o<\/a><\/li>\n<li><a href=\"https:\/\/www.remap101.co.uk\/pt-br\/produto\/evc-winols-gasoline-tuning-training-online-module-4-of-6b\/\">Treinamento Online de Gasolina EVC WinOLS: M\u00f3dulo 4 de 6b \u2013 clique para comprar esta li\u00e7\u00e3o<\/a><\/li>\n<li><a href=\"https:\/\/www.remap101.co.uk\/pt-pt\/?post_type=sfwd-courses&amp;p=64435\">WinOLS Gasoline Training Online: M\u00f3dulo 4 de 6c &#8211; clique para comprar esta li\u00e7\u00e3o<\/a><\/li>\n<li><strong>Treinamento on-line do WinOLS Gasoline: M\u00f3dulo 4 de 6d &#8211; este m\u00f3dulo<\/strong><\/li>\n<\/ol>\n<h3>Os benef\u00edcios do treinamento online com a Viezu<\/h3>\n<p>Uma vez adquiridas, cada uma dessas sess\u00f5es de treinamento pode ser assistida v\u00e1rias vezes sem limite. Voc\u00ea pode assistir e rever os v\u00eddeos v\u00e1rias vezes, conforme sua conveni\u00eancia, de acordo com seus compromissos de trabalho e dom\u00e9sticos, a qualquer hora e em qualquer lugar.<\/p>\n<p>Uma das vantagens do aprendizado on-line \u00e9 que, se voc\u00ea n\u00e3o entender algo na primeira vez, poder\u00e1 rever e revisitar os t\u00f3picos conforme desejar. Voc\u00ea pode aprender no seu pr\u00f3prio ritmo. Voc\u00ea pode pausar a qualquer momento e reiniciar o treinamento em v\u00eddeo mais tarde.<\/p>\n<p>Tamb\u00e9m fornecemos a voc\u00ea o arquivo original usado no treinamento.<\/p>\n<p>Treinamento de remapeamento e remapeamento de ECU da Viezu Training Academy.<\/p>\n<h3>Software de ajuste EVC WinOLs<\/h3>\n<p>Embora n\u00e3o seja necess\u00e1rio ter o software EVC WinOLS para participar deste curso de treinamento em gasolina EVC WinOLS, recomendamos enfaticamente que voc\u00ea o tenha. Ter o software WinOLS no seu pr\u00f3prio computador melhora a sua experi\u00eancia de aprendizagem e d\u00e1 a voc\u00ea mais confian\u00e7a. Voc\u00ea pode praticar o que est\u00e1 aprendendo em um contexto real.<\/p>\n<p>Se precisar comprar o software genu\u00edno EVC WinOls, voc\u00ea pode ver e comprar em nossa loja &#8211; <a href=\"https:\/\/www.remap101.co.uk\/product\/winols-5-tuning-software-evc\/\">WinOls Software<\/a>.<\/p>\n","protected":false},"excerpt":{"rendered":"<p>Treinamento de Ajuste de Gasolina EVC WinOLS: M\u00f3dulo 4 de 6d; Esta li\u00e7\u00e3o aborda como<span style=\"font-family: var(--global-body-font-family);\">importar um &#8216;pacote de mapas&#8217;, <\/span>Criando um perfil para o tipo de ECU e muito mais.<\/p>\n","protected":false},"featured_media":57588,"comment_status":"open","ping_status":"closed","template":"","meta":{"_acf_changed":false},"product_brand":[21146,19675],"product_cat":[24690,24592,24582,24421,24433,24431],"product_tag":[15312,15273,15274,15219],"class_list":{"0":"post-52761","1":"product","2":"type-product","3":"status-publish","4":"has-post-thumbnail","6":"product_brand-evc","7":"product_brand-winols","8":"product_cat-cursos-de-treinamento-on-line-sobre-tuning","9":"product_cat-treinamento-de-ajuste-de-gasolina","10":"product_cat-treinamento-de-ajuste-de-marca","11":"product_cat-treinamento-de-ajuste-de-todos-os-veiculos","12":"product_cat-treinamento-de-ajuste-eletronico-evc","13":"product_cat-treinamento-evc-winols-pt-br-3","14":"product_tag-evc-pt-br","15":"product_tag-gasolina","16":"product_tag-gasolina-pt-br","17":"product_tag-software-de-ajuste-winols-5-evc-pt-br","19":"first","20":"instock","21":"taxable","22":"shipping-taxable","23":"purchasable","24":"product-type-simple"},"acf":[],"_links":{"self":[{"href":"https:\/\/www.remap101.co.uk\/pt-br\/wp-json\/wp\/v2\/product\/52761","targetHints":{"allow":["GET"]}}],"collection":[{"href":"https:\/\/www.remap101.co.uk\/pt-br\/wp-json\/wp\/v2\/product"}],"about":[{"href":"https:\/\/www.remap101.co.uk\/pt-br\/wp-json\/wp\/v2\/types\/product"}],"replies":[{"embeddable":true,"href":"https:\/\/www.remap101.co.uk\/pt-br\/wp-json\/wp\/v2\/comments?post=52761"}],"wp:featuredmedia":[{"embeddable":true,"href":"https:\/\/www.remap101.co.uk\/pt-br\/wp-json\/wp\/v2\/media\/57588"}],"wp:attachment":[{"href":"https:\/\/www.remap101.co.uk\/pt-br\/wp-json\/wp\/v2\/media?parent=52761"}],"wp:term":[{"taxonomy":"product_brand","embeddable":true,"href":"https:\/\/www.remap101.co.uk\/pt-br\/wp-json\/wp\/v2\/product_brand?post=52761"},{"taxonomy":"product_cat","embeddable":true,"href":"https:\/\/www.remap101.co.uk\/pt-br\/wp-json\/wp\/v2\/product_cat?post=52761"},{"taxonomy":"product_tag","embeddable":true,"href":"https:\/\/www.remap101.co.uk\/pt-br\/wp-json\/wp\/v2\/product_tag?post=52761"}],"curies":[{"name":"wp","href":"https:\/\/api.w.org\/{rel}","templated":true}]}}