{"id":52769,"date":"2022-03-15T14:54:25","date_gmt":"2022-03-15T14:54:25","guid":{"rendered":"https:\/\/www.remap101.co.uk\/product\/evc-winols-gasolina-modulo-de-treinamento-online-4-de-6c\/"},"modified":"2026-01-16T11:32:13","modified_gmt":"2026-01-16T11:32:13","slug":"evc-winols-gasoline-online-training-module-4-of-6c","status":"publish","type":"product","link":"https:\/\/www.remap101.co.uk\/pt-br\/produto\/evc-winols-gasoline-online-training-module-4-of-6c\/","title":{"rendered":"VTA1036: M\u00f3dulo 4 de 6c do Treinamento para Gasolina do EVC WinOLS"},"content":{"rendered":"<h2>Curso on-line de treinamento de ajuste de motores a gasolina EVC WinOLS<\/h2>\n<h3>Treinamento de ajuste de ve\u00edculos a gasolina do EVC WinOLS: M\u00f3dulo 4 de 6c<\/h3>\n<p>Esse m\u00f3dulo de treinamento do WinOLS Gasoline Tuning faz parte da quarta se\u00e7\u00e3o do curso on-line Viezu Remap101, que abrange o ajuste de motores a gasolina e o remapeamento da ECU usando o WinOLS.<\/p>\n<p>Cada m\u00f3dulo se baseia no anterior; eles se unem para levar voc\u00ea a um caminho de desenvolvimento de habilidades com o software de ajuste WinOls. Os t\u00f3picos abordados incluem o formato dos arquivos e mapas de ajuste usados para ajustar e calibrar o software da ECU, bem como sua configura\u00e7\u00e3o e fun\u00e7\u00f5es.<\/p>\n<p>Nesta se\u00e7\u00e3o do curso de treinamento em gasolina WinOLS, analisamos mais profundamente os pacotes de mapas, a identifica\u00e7\u00e3o e a rotulagem de dados, a compreens\u00e3o do tamanho dos dados e muito mais.<\/p>\n<p>O WinOLS \u00e9 um software poderoso, mas \u00e9 uma &#8220;tela em branco&#8221;, com poucas dicas e guias para o usu\u00e1rio. Portanto, o curso Viezu Remap101 WinOLS inclui mais m\u00f3dulos do que alguns de nossos outros cursos que abrangem outras plataformas de software.<\/p>\n<p>Esta 4\u00aa se\u00e7\u00e3o do nosso curso WinOLS est\u00e1 dividida em 4 m\u00f3dulos, para tornar o aprendizado mais f\u00e1cil de digerir. Os m\u00f3dulos est\u00e3o listados abaixo. Tente fazer os m\u00f3dulos na ordem correta &#8211; isso certamente ajudar\u00e1 voc\u00ea a aprender e a compreender.<\/p>\n<ol>\n<li><a href=\"https:\/\/www.remap101.co.uk\/pt-br\/produto\/evc-winols-gasoline-tuning-training-online-module-4-of-6a\/?preview_id=9492&amp;preview_nonce=dd2e67b2f7&amp;_thumbnail_id=9185&amp;preview=true\">EVC WinOLS Gasoline Training Online: M\u00f3dulo 4 de 6a &#8211; clique para comprar esta li\u00e7\u00e3o<\/a><\/li>\n<li><a href=\"https:\/\/www.remap101.co.uk\/pt-br\/produto\/evc-winols-gasoline-tuning-training-online-module-4-of-6b\/\">Treinamento Online de Gasolina EVC WinOLS: M\u00f3dulo 4 de 6b \u2013 clique para comprar esta li\u00e7\u00e3o<\/a><\/li>\n<li><strong>Treinamento on-line do WinOLS Gasoline: M\u00f3dulo 4 de 6c &#8211; este m\u00f3dulo<\/strong><\/li>\n<li><a href=\"https:\/\/www.remap101.co.uk\/pt-br\/produto\/evc-winols-gasoline-tuning-training-online-module-4-of-6d\/?preview_id=9496&amp;preview_nonce=86e4c91d22&amp;_thumbnail_id=9185&amp;preview=true\">EVC WinOLS Gasoline Training Online: M\u00f3dulo 4 de 6d \u2013 clique para comprar esta li\u00e7\u00e3o<\/a><\/li>\n<\/ol>\n<h3>Os benef\u00edcios do treinamento online com a Viezu<\/h3>\n<p>Uma vez adquiridas, cada uma dessas sess\u00f5es de treinamento pode ser assistida v\u00e1rias vezes &#8211; n\u00e3o h\u00e1 limite &#8211; voc\u00ea tem acesso vital\u00edcio. Voc\u00ea pode assistir aos v\u00eddeos e revis\u00e1-los mais tarde, conforme sua conveni\u00eancia. Se achar que determinados pontos s\u00e3o dif\u00edceis de entender completamente, voc\u00ea poder\u00e1 rev\u00ea-los, conforme desejar. Assim, voc\u00ea aprende no seu pr\u00f3prio ritmo.<\/p>\n<p>Voc\u00ea tem a op\u00e7\u00e3o de pausar e reiniciar v\u00eddeos. Isso \u00e9 bom para voc\u00ea fazer anota\u00e7\u00f5es. Voc\u00ea pode acompanhar o curso enquanto pratica na pr\u00e1tica &#8211; fornecemos um arquivo original para praticar. Voc\u00ea pode acompanhar exatamente o que o instrutor est\u00e1 fazendo.<\/p>\n<h3>Software de ajuste EVC WinOLs<\/h3>\n<p>Embora n\u00e3o seja essencial que voc\u00ea tenha o software WinOLS da EVC para fazer o curso on-line WinOLS Gasoline, \u00e9 altamente recomend\u00e1vel que o tenha. Ter o software WinOLS melhorar\u00e1 a sua experi\u00eancia de aprendizado &#8211; voc\u00ea pode ter o software aberto e funcionando enquanto acompanha o curso.<\/p>\n<p>Se quiser comprar o software de ajuste e remapeamento EVC WinOls, voc\u00ea o encontrar\u00e1 aqui em nossa loja on-line &#8211; <a href=\"https:\/\/www.remap101.co.uk\/product\/winols-5-tuning-software-evc\/\">WinOls Software<\/a>.<\/p>\n<p>Remapping de ECU e treinamento de remapeamento da Viezu Training Academy e Remap101.<\/p>\n","protected":false},"excerpt":{"rendered":"<p>Treinamento de Ajuste de Gasolina EVC WinOLS: M\u00f3dulo 4 de 6c; Esta li\u00e7\u00e3o aborda como<span style=\"font-family: var(--global-body-font-family);\">importar um &#8216;pacote de mapas&#8217;, <\/span>Criando um perfil para o tipo de ECU e muito mais.<\/p>\n","protected":false},"featured_media":57528,"comment_status":"open","ping_status":"closed","template":"","meta":{"_acf_changed":false},"product_brand":[21146,19675],"product_cat":[24690,24592,24582,24421,24433,24431],"product_tag":[15312,23012,23013],"class_list":{"0":"post-52769","1":"product","2":"type-product","3":"status-publish","4":"has-post-thumbnail","6":"product_brand-evc","7":"product_brand-winols","8":"product_cat-cursos-de-treinamento-on-line-sobre-tuning","9":"product_cat-treinamento-de-ajuste-de-gasolina","10":"product_cat-treinamento-de-ajuste-de-marca","11":"product_cat-treinamento-de-ajuste-de-todos-os-veiculos","12":"product_cat-treinamento-de-ajuste-eletronico-evc","13":"product_cat-treinamento-evc-winols-pt-br-3","14":"product_tag-evc-pt-br","15":"product_tag-gasolina-pt-br-2","16":"product_tag-software-de-ajuste-winols-5-evc-pt-br-2","18":"first","19":"instock","20":"taxable","21":"shipping-taxable","22":"purchasable","23":"product-type-simple"},"acf":[],"_links":{"self":[{"href":"https:\/\/www.remap101.co.uk\/pt-br\/wp-json\/wp\/v2\/product\/52769","targetHints":{"allow":["GET"]}}],"collection":[{"href":"https:\/\/www.remap101.co.uk\/pt-br\/wp-json\/wp\/v2\/product"}],"about":[{"href":"https:\/\/www.remap101.co.uk\/pt-br\/wp-json\/wp\/v2\/types\/product"}],"replies":[{"embeddable":true,"href":"https:\/\/www.remap101.co.uk\/pt-br\/wp-json\/wp\/v2\/comments?post=52769"}],"wp:featuredmedia":[{"embeddable":true,"href":"https:\/\/www.remap101.co.uk\/pt-br\/wp-json\/wp\/v2\/media\/57528"}],"wp:attachment":[{"href":"https:\/\/www.remap101.co.uk\/pt-br\/wp-json\/wp\/v2\/media?parent=52769"}],"wp:term":[{"taxonomy":"product_brand","embeddable":true,"href":"https:\/\/www.remap101.co.uk\/pt-br\/wp-json\/wp\/v2\/product_brand?post=52769"},{"taxonomy":"product_cat","embeddable":true,"href":"https:\/\/www.remap101.co.uk\/pt-br\/wp-json\/wp\/v2\/product_cat?post=52769"},{"taxonomy":"product_tag","embeddable":true,"href":"https:\/\/www.remap101.co.uk\/pt-br\/wp-json\/wp\/v2\/product_tag?post=52769"}],"curies":[{"name":"wp","href":"https:\/\/api.w.org\/{rel}","templated":true}]}}