{"id":66666,"date":"2025-02-27T13:07:48","date_gmt":"2025-02-27T13:07:48","guid":{"rendered":"https:\/\/www.remap101.co.uk\/product\/how-to-tune-a-diesel-ecu-with-stage-x-module-2\/"},"modified":"2026-04-29T08:43:34","modified_gmt":"2026-04-29T07:43:34","slug":"how-to-tune-a-diesel-ecu-with-stage-x-module-2","status":"publish","type":"product","link":"https:\/\/www.remap101.co.uk\/pt-br\/produto\/how-to-tune-a-diesel-ecu-with-stage-x-module-2\/","title":{"rendered":"VTA1064: Como ajustar uma ECU de diesel com o Stage X: M\u00f3dulo 2 de 4"},"content":{"rendered":"<h2><strong>Como ajustar uma ECU a diesel com o StageX Module 2<\/strong><\/h2>\n<h3><strong>Explorando os mapas necess\u00e1rios para o ajuste<\/strong><\/h3>\n<p>Se voc\u00ea estiver ajustando um ve\u00edculo a diesel pela primeira vez ou se j\u00e1 estiver ajustando h\u00e1 muitos anos, &#8220;How to tune a diesel ECU with StageX Module 2&#8221; fornecer\u00e1 o conhecimento e as informa\u00e7\u00f5es sobre como abordar o ajuste com a metodologia SMART. Ao aprender como a estrat\u00e9gia da ECU est\u00e1 funcionando para fornecer a pot\u00eancia e o desempenho de estoque, voc\u00ea obter\u00e1 o conhecimento e a percep\u00e7\u00e3o de como ajustar o ve\u00edculo de acordo com os requisitos dos seus clientes, compreendendo como maximizar o potencial do software StageX.<\/p>\n<h2><strong>O que voc\u00ea aprender\u00e1 neste curso de treinamento StageX:<\/strong><\/h2>\n<ul>\n<li>Os limitadores de torque de estoque e a estrutura da tabela de solicita\u00e7\u00f5es.<\/li>\n<li>O que \u00e9 SOI e por que voc\u00ea precisa dela.<\/li>\n<li>Como o turbocompressor \u00e9 controlado.<\/li>\n<li>Convers\u00e3o de NM em quantidades de combust\u00edvel e por que isso \u00e9 importante para o ajuste.<\/li>\n<\/ul>\n<h2><strong>Explorando os mapas necess\u00e1rios para o ajuste<\/strong><\/h2>\n<p>Neste curso, voc\u00ea aprender\u00e1 como grupos de mapas espec\u00edficos operam e interagem com o ve\u00edculo e o motor. Essas informa\u00e7\u00f5es ajudar\u00e3o voc\u00ea a entender como as estrat\u00e9gias do ve\u00edculo e os dados do mapa est\u00e3o controlando e limitando o ve\u00edculo, com foco em como os dados s\u00e3o afetados pela entrada sensorial do motor.<\/p>\n<p>O instrutor que apresenta este curso StageX tem usado o software de ajuste Magic Motorsport StageX desde seu lan\u00e7amento em 2020. Ele ministrou cursos de escrita de mapas do Master Tuning para afinadores de todo o mundo. Agora voc\u00ea tamb\u00e9m pode adquirir o conhecimento desses cursos de ajuste e remapeamento conforme sua conveni\u00eancia. Aprenda em primeira m\u00e3o com os especialistas e aumente e fortale\u00e7a seu conhecimento sobre tuning.<\/p>\n<h2><strong>Benef\u00edcios do treinamento on-line em Tuning<\/strong><\/h2>\n<p>O treinamento How To Tune A Diesel ECU with StageX Module 2 \u00e9 on-line e, portanto, pode ser visto quantas vezes voc\u00ea precisar. Assim, se voc\u00ea n\u00e3o entender algo na primeira vez, basta assistir novamente. Voc\u00ea tamb\u00e9m pode pausar e reiniciar a sess\u00e3o de treinamento. Assim, voc\u00ea pode fazer uma pausa, tomar notas ou praticar o que aprendeu.<\/p>\n<h3><strong>O software de ajuste Magic Motorsport StageX<\/strong><\/h3>\n<p>Voc\u00ea n\u00e3o precisa ter o software StageX para concluir esses cursos. No entanto, recomendamos que voc\u00ea tenha uma c\u00f3pia do software?aberta e pronta para uso, para que possa acompanhar e participar dos aspectos t\u00e9cnicos da aula.<\/p>\n<p>Se voc\u00ea ainda n\u00e3o tem uma vers\u00e3o completa do software de ajuste StageX, pode compr\u00e1-la aqui em nossa loja de ajuste Remap 101. Compre o <a href=\"https:\/\/www.remap101.co.uk\/pt-br\/?post_type=product&amp;p=85501\">software de ajuste de ve\u00edculos StageX<\/a>.<\/p>\n<h2><strong><a href=\"https:\/\/www.remap101.co.uk\/wp-content\/uploads\/2024\/04\/stagex-2-247x300.png\"><img decoding=\"async\" class=\"alignnone size-medium wp-image-17809\" src=\"https:\/\/www.remap101.co.uk\/wp-content\/uploads\/2024\/04\/stagex-2-247x300.png\" alt=\"Como ajustar uma ECU de diesel com o StageX: M\u00f3dulo 2\" width=\"247\" height=\"300\" srcset=\"https:\/\/www.remap101.co.uk\/wp-content\/uploads\/2024\/04\/stagex-2-247x300.png 247w, https:\/\/www.remap101.co.uk\/wp-content\/uploads\/2024\/04\/stagex-2-255x310.png 255w, https:\/\/www.remap101.co.uk\/wp-content\/uploads\/2024\/04\/stagex-2.png 263w\" sizes=\"(max-width: 247px) 100vw, 247px\" \/><\/a><\/strong><\/h2>\n<h2><strong>Arquivos de ajuste<\/strong><\/h2>\n<p>Enquanto voc\u00ea estiver aprendendo e desenvolvendo suas habilidades de ajuste com o treinamento How to Tune a Diesel ECU with StageX Module 2, talvez queira saber que <a href=\"https:\/\/viezu.com\/\" target=\"_blank\" rel=\"noopener\">a VIEZU<\/a> tamb\u00e9m oferece arquivos e software de remapeamento de ajuste prontos para uso e carregamento para a maioria dos ve\u00edculos. Se voc\u00ea precisar de um servi\u00e7o de arquivo de ajuste, que \u00e9 r\u00e1pido e funciona 7 dias por semana, envie um e-mail para a equipe de suporte em <a href=\"mailto:info@viezu.com\">info@viezu.com<\/a><\/p>\n<p>&nbsp;<\/p>\n","protected":false},"excerpt":{"rendered":"<p>Como ajustar uma ECU a diesel com o StageX Module 2 Explorando os mapas necess\u00e1rios para o ajuste Se voc\u00ea estiver ajustando um ve\u00edculo a diesel pela primeira vez ou se j\u00e1 estiver ajustando h\u00e1 muitos anos, &#8220;How to tune a diesel ECU with StageX Module 2&#8221; fornecer\u00e1 o conhecimento e as informa\u00e7\u00f5es sobre como [&hellip;]<\/p>\n","protected":false},"featured_media":61576,"comment_status":"open","ping_status":"closed","template":"","meta":{"_acf_changed":false},"product_brand":[19676,21147,19682],"product_cat":[24690,22241,22239,24582,24421,24844],"product_tag":[15360,20224,15795,20227],"class_list":{"0":"post-66666","1":"product","2":"type-product","3":"status-publish","4":"has-post-thumbnail","6":"product_brand-magic","7":"product_brand-magic-motorsport","8":"product_brand-stage-x","9":"product_cat-cursos-de-treinamento-on-line-sobre-tuning","10":"product_cat-magia","11":"product_cat-stagex-pt-br","12":"product_cat-treinamento-de-ajuste-de-marca","13":"product_cat-treinamento-de-ajuste-de-todos-os-veiculos","14":"product_cat-formacao-em-otimizacao-de-software","15":"product_tag-diesel-pt-br","16":"product_tag-estagio-magico-x-pt-br","17":"product_tag-online-pt-br","18":"product_tag-treinamento","20":"first","21":"instock","22":"taxable","23":"shipping-taxable","24":"purchasable","25":"product-type-simple"},"acf":[],"_links":{"self":[{"href":"https:\/\/www.remap101.co.uk\/pt-br\/wp-json\/wp\/v2\/product\/66666","targetHints":{"allow":["GET"]}}],"collection":[{"href":"https:\/\/www.remap101.co.uk\/pt-br\/wp-json\/wp\/v2\/product"}],"about":[{"href":"https:\/\/www.remap101.co.uk\/pt-br\/wp-json\/wp\/v2\/types\/product"}],"replies":[{"embeddable":true,"href":"https:\/\/www.remap101.co.uk\/pt-br\/wp-json\/wp\/v2\/comments?post=66666"}],"wp:featuredmedia":[{"embeddable":true,"href":"https:\/\/www.remap101.co.uk\/pt-br\/wp-json\/wp\/v2\/media\/61576"}],"wp:attachment":[{"href":"https:\/\/www.remap101.co.uk\/pt-br\/wp-json\/wp\/v2\/media?parent=66666"}],"wp:term":[{"taxonomy":"product_brand","embeddable":true,"href":"https:\/\/www.remap101.co.uk\/pt-br\/wp-json\/wp\/v2\/product_brand?post=66666"},{"taxonomy":"product_cat","embeddable":true,"href":"https:\/\/www.remap101.co.uk\/pt-br\/wp-json\/wp\/v2\/product_cat?post=66666"},{"taxonomy":"product_tag","embeddable":true,"href":"https:\/\/www.remap101.co.uk\/pt-br\/wp-json\/wp\/v2\/product_tag?post=66666"}],"curies":[{"name":"wp","href":"https:\/\/api.w.org\/{rel}","templated":true}]}}