{"id":66674,"date":"2025-02-27T13:07:50","date_gmt":"2025-02-27T13:07:50","guid":{"rendered":"https:\/\/www.remap101.co.uk\/product\/how-to-tune-a-diesel-ecu-with-stage-x-module-3\/"},"modified":"2026-04-29T08:46:13","modified_gmt":"2026-04-29T07:46:13","slug":"how-to-tune-a-diesel-ecu-with-stage-x-module-3","status":"publish","type":"product","link":"https:\/\/www.remap101.co.uk\/pt-br\/produto\/how-to-tune-a-diesel-ecu-with-stage-x-module-3\/","title":{"rendered":"VTA1065: Como ajustar uma ECU de diesel com o Stage X: M\u00f3dulo 3 de 4"},"content":{"rendered":"<h2><strong>Apresentando nosso curso: Como ajustar uma ECU a diesel com o Stage X M\u00f3dulo 3<\/strong><\/h2>\n<p>Se voc\u00ea estiver ajustando um ve\u00edculo a diesel pela primeira vez ou se j\u00e1 estiver ajustando h\u00e1 muitos anos, &#8220;How to tune a diesel ECU with StageX Module 3&#8221; fornecer\u00e1 o conhecimento e as informa\u00e7\u00f5es sobre como abordar o ajuste com a metodologia SMART. Ao aprender como a estrat\u00e9gia da ECU est\u00e1 funcionando para fornecer a pot\u00eancia e o desempenho de estoque, voc\u00ea obter\u00e1 o conhecimento e a percep\u00e7\u00e3o de como ajustar o ve\u00edculo de acordo com os requisitos dos seus clientes, entendendo como maximizar o potencial do software StageX.<\/p>\n<h2><strong>O que voc\u00ea aprender\u00e1 neste curso de treinamento StageX:<\/strong><\/h2>\n<ul>\n<li>Quais mapas de torque est\u00e3o prejudicando o desempenho e como<\/li>\n<li>Como os limitadores da caixa de c\u00e2mbio podem afetar o rendimento do desempenho.<\/li>\n<li>O potencial de abastecimento e as limita\u00e7\u00f5es da ECU e do motor<\/li>\n<li>Se o Turbo puder oferecer algum desempenho adicional, voc\u00ea poder\u00e1<\/li>\n<\/ul>\n<h2><strong>Desbloqueio da estrat\u00e9gia da ECU de estoque<\/strong><\/h2>\n<p>Neste curso &#8220;How to Tune a Diesel ECU with StageX Module 3&#8221;, voc\u00ea aprender\u00e1 quais mapas precisam ser ajustados e modificados para liberar o potencial de seguran\u00e7a do ve\u00edculo. Voc\u00ea explorar\u00e1 uma variedade de m\u00e9todos de modifica\u00e7\u00e3o diferentes para tabelas de dados de mapas espec\u00edficos. Isso proporcionar\u00e1 a voc\u00ea um entendimento completo de como abordar e realizar o ajuste SMART em uma ECU turbo diesel.<\/p>\n<p>O instrutor que apresenta este curso StageX tem usado o software de ajuste Magic Motorsport StageX desde seu lan\u00e7amento em 2020. Ele ministrou cursos de escrita de mapas do Master Tuning para afinadores de todo o mundo. Agora voc\u00ea tamb\u00e9m pode adquirir o conhecimento desses cursos de ajuste e remapeamento conforme sua conveni\u00eancia. Aprenda em primeira m\u00e3o com os especialistas e aumente e fortale\u00e7a seu conhecimento sobre tuning.<\/p>\n<h3><strong>Mas espere, voc\u00ea vai ficar melhor?<\/strong><\/h3>\n<p>O treinamento How To Tune A Diesel ECU with StageX Module 3 \u00e9 on-line e, portanto, pode ser visto quantas vezes voc\u00ea precisar. Assim, se voc\u00ea n\u00e3o entender algo na primeira vez, basta assistir novamente. Voc\u00ea tamb\u00e9m pode pausar e reiniciar a sess\u00e3o de treinamento. Assim, voc\u00ea pode fazer uma pausa, tomar notas ou praticar o que aprendeu.<\/p>\n<h2><strong>O software de ajuste Magic Motorsport StageX<\/strong><\/h2>\n<p>Voc\u00ea n\u00e3o precisa ter o software StageX para concluir esses cursos. No entanto, recomendamos que voc\u00ea tenha uma c\u00f3pia do software aberta e pronta para uso, para que possa acompanhar e participar dos aspectos t\u00e9cnicos da aula.<\/p>\n<p>Se voc\u00ea ainda n\u00e3o tem uma vers\u00e3o completa do software de ajuste StageX, pode compr\u00e1-la aqui em nossa loja de ajuste Remap 101. Compre o <a href=\"https:\/\/www.remap101.co.uk\/pt-br\/?post_type=product&amp;p=85501\">software de ajuste de ve\u00edculos StageX<\/a>.<\/p>\n<h2><strong><a href=\"https:\/\/www.remap101.co.uk\/wp-content\/uploads\/2024\/04\/stagex-2-e1750091568708.png\"><img decoding=\"async\" class=\"alignnone size-medium wp-image-17806\" src=\"https:\/\/www.remap101.co.uk\/wp-content\/uploads\/2024\/04\/stagex-2-247x300.png\" alt=\"Como ajustar uma ECU de diesel com o StageX: M\u00f3dulo 3\" width=\"247\" height=\"300\" \/><\/a><\/strong><\/h2>\n<h2><strong>Arquivos de ajuste<\/strong><\/h2>\n<p>Enquanto estiver aprendendo e desenvolvendo suas habilidades de ajuste com o treinamento How to Tune a Diesel ECU with StageX Module 3, voc\u00ea pode gostar de saber que <a href=\"https:\/\/viezu.com\/\" target=\"_blank\" rel=\"noopener\">a VIEZU<\/a> tamb\u00e9m oferece arquivos e software de remapeamento de ajuste prontos para usar e carregar para a maioria dos ve\u00edculos. Se voc\u00ea precisar de um servi\u00e7o de arquivos de ajuste, que \u00e9 r\u00e1pido e funciona 7 dias por semana, envie um e-mail para a equipe de suporte em <a href=\"mailto:info@viezu.com\">info@viezu.com<\/a><\/p>\n<p>&nbsp;<\/p>\n","protected":false},"excerpt":{"rendered":"<p>Apresentando nosso curso: Como ajustar uma ECU a diesel com o Stage X M\u00f3dulo 3 Se voc\u00ea estiver ajustando um ve\u00edculo a diesel pela primeira vez ou se j\u00e1 estiver ajustando h\u00e1 muitos anos, &#8220;How to tune a diesel ECU with StageX Module 3&#8221; fornecer\u00e1 o conhecimento e as informa\u00e7\u00f5es sobre como abordar o ajuste [&hellip;]<\/p>\n","protected":false},"featured_media":61576,"comment_status":"open","ping_status":"closed","template":"","meta":{"_acf_changed":false},"product_brand":[19676,21147,19682],"product_cat":[24690,22241,22239,24582,24421,24844],"product_tag":[15360,20224,15795,20227],"class_list":{"0":"post-66674","1":"product","2":"type-product","3":"status-publish","4":"has-post-thumbnail","6":"product_brand-magic","7":"product_brand-magic-motorsport","8":"product_brand-stage-x","9":"product_cat-cursos-de-treinamento-on-line-sobre-tuning","10":"product_cat-magia","11":"product_cat-stagex-pt-br","12":"product_cat-treinamento-de-ajuste-de-marca","13":"product_cat-treinamento-de-ajuste-de-todos-os-veiculos","14":"product_cat-formacao-em-otimizacao-de-software","15":"product_tag-diesel-pt-br","16":"product_tag-estagio-magico-x-pt-br","17":"product_tag-online-pt-br","18":"product_tag-treinamento","20":"first","21":"instock","22":"taxable","23":"shipping-taxable","24":"purchasable","25":"product-type-simple"},"acf":[],"_links":{"self":[{"href":"https:\/\/www.remap101.co.uk\/pt-br\/wp-json\/wp\/v2\/product\/66674","targetHints":{"allow":["GET"]}}],"collection":[{"href":"https:\/\/www.remap101.co.uk\/pt-br\/wp-json\/wp\/v2\/product"}],"about":[{"href":"https:\/\/www.remap101.co.uk\/pt-br\/wp-json\/wp\/v2\/types\/product"}],"replies":[{"embeddable":true,"href":"https:\/\/www.remap101.co.uk\/pt-br\/wp-json\/wp\/v2\/comments?post=66674"}],"wp:featuredmedia":[{"embeddable":true,"href":"https:\/\/www.remap101.co.uk\/pt-br\/wp-json\/wp\/v2\/media\/61576"}],"wp:attachment":[{"href":"https:\/\/www.remap101.co.uk\/pt-br\/wp-json\/wp\/v2\/media?parent=66674"}],"wp:term":[{"taxonomy":"product_brand","embeddable":true,"href":"https:\/\/www.remap101.co.uk\/pt-br\/wp-json\/wp\/v2\/product_brand?post=66674"},{"taxonomy":"product_cat","embeddable":true,"href":"https:\/\/www.remap101.co.uk\/pt-br\/wp-json\/wp\/v2\/product_cat?post=66674"},{"taxonomy":"product_tag","embeddable":true,"href":"https:\/\/www.remap101.co.uk\/pt-br\/wp-json\/wp\/v2\/product_tag?post=66674"}],"curies":[{"name":"wp","href":"https:\/\/api.w.org\/{rel}","templated":true}]}}