{"id":85637,"date":"2025-10-17T17:26:58","date_gmt":"2025-10-17T16:26:58","guid":{"rendered":"https:\/\/www.remap101.co.uk\/product\/vta1086-alientech-ecm-titanium-3-0-curso-on-line-de-ajuste-de-gasolina-modulo-4-de-4\/"},"modified":"2026-03-20T14:31:45","modified_gmt":"2026-03-20T14:31:45","slug":"vta1086-alientech-ecm-titanium-3-0-curso-on-line-de-ajuste-de-gasolina-modulo-4-de-4","status":"publish","type":"product","link":"https:\/\/www.remap101.co.uk\/pt-br\/produto\/vta1086-alientech-ecm-titanium-3-0-curso-on-line-de-ajuste-de-gasolina-modulo-4-de-4\/","title":{"rendered":"VTA1086: Alientech ECM Titanium 3.0: Curso on-line de ajuste de gasolina &#8211; M\u00f3dulo 4 de 4"},"content":{"rendered":"<h3 data-start=\"269\" data-end=\"360\"><strong data-start=\"273\" data-end=\"360\">VTA1086 &#8211; Curso on-line de ajuste de ECM Titanium 3.0 a gasolina da Alientech &#8211; M\u00f3dulo 4 de 4<\/strong><\/h3>\n<p data-start=\"362\" data-end=\"530\">Complete sua jornada de treinamento e libere todo o potencial do <strong data-start=\"426\" data-end=\"449\">ajuste da ECU a gasolina<\/strong> com o <strong data-start=\"455\" data-end=\"472\">M\u00f3dulo 4 de 4<\/strong> da s\u00e9rie de cursos on-line Alientech ECM Titanium 3.0.<\/p>\n<p data-start=\"532\" data-end=\"866\">Este m\u00f3dulo final se concentra em t\u00e9cnicas avan\u00e7adas de calibra\u00e7\u00e3o e verifica\u00e7\u00e3o para que voc\u00ea possa realizar com seguran\u00e7a um <strong data-start=\"630\" data-end=\"658\">ajuste de desempenho do Est\u00e1gio 1<\/strong> usando o software ECM Titanium 3.0 da Alientech. Voc\u00ea aprender\u00e1 a modificar os mapas de torque e fa\u00edsca, refinar as configura\u00e7\u00f5es do limitador e exportar com confian\u00e7a o arquivo de ajuste conclu\u00eddo, pronto para ser gravado na ECU do ve\u00edculo.<\/p>\n<p data-start=\"868\" data-end=\"1152\">Projetado para <strong data-start=\"881\" data-end=\"908\">sintonizadores novos e aspirantes<\/strong>, <strong data-start=\"910\" data-end=\"947\">profissionais de oficinas automotivas<\/strong> e <strong data-start=\"953\" data-end=\"987\">usu\u00e1rios experientes do ECM Titanium<\/strong>, este curso une teoria e pr\u00e1tica, guiando voc\u00ea passo a passo pelo processo de finaliza\u00e7\u00e3o de um ajuste de desempenho profissional e confi\u00e1vel para motores a gasolina.<\/p>\n<hr data-start=\"1154\" data-end=\"1157\" \/>\n<h3 data-start=\"1159\" data-end=\"1187\"><strong data-start=\"1166\" data-end=\"1187\">O que voc\u00ea aprender\u00e1<\/strong><\/h3>\n<p data-start=\"1189\" data-end=\"1264\">Ao se inscrever neste curso, voc\u00ea obter\u00e1 habilidades essenciais de ajuste, incluindo<\/p>\n<ul data-start=\"1266\" data-end=\"1916\">\n<li data-start=\"1266\" data-end=\"1362\">\n<p data-start=\"1268\" data-end=\"1362\">Como <strong data-start=\"1275\" data-end=\"1327\">ajustar com seguran\u00e7a os mapas de solicita\u00e7\u00e3o e limita\u00e7\u00e3o de torque<\/strong> para obter um desempenho equilibrado no Est\u00e1gio 1<\/p>\n<\/li>\n<li data-start=\"1363\" data-end=\"1430\">\n<p data-start=\"1365\" data-end=\"1430\">Revis\u00e3o dos <strong data-start=\"1379\" data-end=\"1428\">mapas de avan\u00e7o de centelha b\u00e1sico, ideal e m\u00ednimo<\/strong><\/p>\n<\/li>\n<li data-start=\"1431\" data-end=\"1534\">\n<p data-start=\"1433\" data-end=\"1534\">Compreens\u00e3o das <strong data-start=\"1447\" data-end=\"1479\">diferen\u00e7as de controle de igni\u00e7\u00e3o<\/strong> entre motores turboalimentados e naturalmente aspirados<\/p>\n<\/li>\n<li data-start=\"1535\" data-end=\"1616\">\n<p data-start=\"1537\" data-end=\"1616\">Realiza\u00e7\u00e3o de <strong data-start=\"1548\" data-end=\"1581\">ajustes seguros do mapa de igni\u00e7\u00e3o<\/strong> para obter pot\u00eancia e efici\u00eancia ideais<\/p>\n<\/li>\n<li data-start=\"1617\" data-end=\"1697\">\n<p data-start=\"1619\" data-end=\"1697\">Aprender a finalidade e a configura\u00e7\u00e3o dos <strong data-start=\"1661\" data-end=\"1695\">limitadores de RPM e de velocidade do ve\u00edculo<\/strong><\/p>\n<\/li>\n<li data-start=\"1698\" data-end=\"1771\">\n<p data-start=\"1700\" data-end=\"1771\"><strong data-start=\"1707\" data-end=\"1739\">Aumentar<\/strong> com seguran\u00e7a <strong data-start=\"1707\" data-end=\"1739\">os limites de velocidade dos ve\u00edculos<\/strong> sem afetar a confiabilidade<\/p>\n<\/li>\n<li data-start=\"1772\" data-end=\"1833\">\n<p data-start=\"1774\" data-end=\"1833\"><strong data-start=\"1774\" data-end=\"1802\">Verifica\u00e7\u00e3o e valida\u00e7\u00e3o das<\/strong> edi\u00e7\u00f5es do mapa antes da exporta\u00e7\u00e3o do arquivo<\/p>\n<\/li>\n<li data-start=\"1834\" data-end=\"1916\">\n<p data-start=\"1836\" data-end=\"1916\"><strong data-start=\"1836\" data-end=\"1860\">Salvar e exportar<\/strong> seu arquivo de calibra\u00e7\u00e3o final pronto para a programa\u00e7\u00e3o da ECU<\/p>\n<\/li>\n<\/ul>\n<hr data-start=\"1918\" data-end=\"1921\" \/>\n<h3 data-start=\"1923\" data-end=\"1949\"><strong data-start=\"1930\" data-end=\"1949\">Caracter\u00edsticas do curso<\/strong><\/h3>\n<ul data-start=\"1951\" data-end=\"2299\">\n<li data-start=\"1951\" data-end=\"1996\">\n<p data-start=\"1953\" data-end=\"1996\"><strong data-start=\"1953\" data-end=\"1968\">100% on-line<\/strong> &#8211; estude a qualquer hora, em qualquer lugar<\/p>\n<\/li>\n<li data-start=\"1997\" data-end=\"2074\">\n<p data-start=\"1999\" data-end=\"2074\"><strong data-start=\"1999\" data-end=\"2029\">Aulas em v\u00eddeo passo a passo<\/strong> com explica\u00e7\u00f5es e demonstra\u00e7\u00f5es claras<\/p>\n<\/li>\n<li data-start=\"2075\" data-end=\"2145\">\n<p data-start=\"2077\" data-end=\"2145\"><strong data-start=\"2077\" data-end=\"2113\">Materiais de refer\u00eancia para download<\/strong> e exemplos pr\u00e1ticos de ajuste<\/p>\n<\/li>\n<li data-start=\"2146\" data-end=\"2210\">\n<p data-start=\"2148\" data-end=\"2210\"><strong data-start=\"2148\" data-end=\"2171\">Testes interativos<\/strong> para testar e refor\u00e7ar seu conhecimento<\/p>\n<\/li>\n<li data-start=\"2211\" data-end=\"2253\">\n<p data-start=\"2213\" data-end=\"2253\">Fornecimento <strong data-start=\"2213\" data-end=\"2242\">de certificado de conclus\u00e3o<\/strong><\/p>\n<\/li>\n<li data-start=\"2254\" data-end=\"2299\">\n<p data-start=\"2256\" data-end=\"2299\"><strong data-start=\"2256\" data-end=\"2275\">Acesso vital\u00edcio<\/strong> a todo o conte\u00fado do curso<\/p>\n<\/li>\n<\/ul>\n<hr data-start=\"2301\" data-end=\"2304\" \/>\n<h3 data-start=\"2306\" data-end=\"2333\"><strong data-start=\"2313\" data-end=\"2333\">Quem deve se inscrever<\/strong><\/h3>\n<p data-start=\"2335\" data-end=\"2364\">Este curso \u00e9 perfeito para voc\u00ea:<\/p>\n<ul data-start=\"2365\" data-end=\"2672\">\n<li data-start=\"2365\" data-end=\"2408\">\n<p data-start=\"2367\" data-end=\"2408\"><strong data-start=\"2383\" data-end=\"2406\">Sintonizadores de ECU a gasolina<\/strong> novos ou aspirantes<\/p>\n<\/li>\n<li data-start=\"2409\" data-end=\"2475\">\n<p data-start=\"2411\" data-end=\"2475\"><strong data-start=\"2411\" data-end=\"2448\">Profissionais de oficinas automotivas<\/strong> e <strong data-start=\"2453\" data-end=\"2473\">remapeadores m\u00f3veis<\/strong><\/p>\n<\/li>\n<li data-start=\"2476\" data-end=\"2570\">\n<p data-start=\"2478\" data-end=\"2570\"><strong data-start=\"2486\" data-end=\"2518\">Usu\u00e1rios<\/strong> atuais <strong data-start=\"2486\" data-end=\"2518\">do Alientech ECM Titanium<\/strong> que desejam expandir sua experi\u00eancia em ajuste de gasolina<\/p>\n<\/li>\n<li data-start=\"2571\" data-end=\"2672\">\n<p data-start=\"2573\" data-end=\"2672\">Qualquer pessoa interessada em aprender como realizar o <strong data-start=\"2633\" data-end=\"2651\">ajuste<\/strong> seguro e confi\u00e1vel <strong data-start=\"2633\" data-end=\"2651\">do Est\u00e1gio 1<\/strong> para motores a gasolina<\/p>\n<\/li>\n<\/ul>\n<hr data-start=\"2674\" data-end=\"2677\" \/>\n<h3 data-start=\"2679\" data-end=\"2712\"><strong data-start=\"2686\" data-end=\"2712\">Por que voc\u00ea deve escolher o Alientech ECM Titanium 3.0: Curso on-line de ajuste de gasolina<\/strong><\/h3>\n<ul data-start=\"2714\" data-end=\"3061\">\n<li data-start=\"2714\" data-end=\"2783\">\n<p data-start=\"2716\" data-end=\"2783\">Aprenda com profissionais do setor usando m\u00e9todos de ajuste do mundo real<\/p>\n<\/li>\n<li data-start=\"2784\" data-end=\"2883\">\n<p data-start=\"2786\" data-end=\"2883\">Obtenha um <strong data-start=\"2793\" data-end=\"2821\">caminho de aprendizado estruturado<\/strong> em todo o processo de ajuste de gasolina do ECM Titanium 3.0<\/p>\n<\/li>\n<li data-start=\"2884\" data-end=\"2967\">\n<p data-start=\"2886\" data-end=\"2967\">Desenvolva confian\u00e7a para criar, validar e exportar arquivos de calibra\u00e7\u00e3o de alta qualidade<\/p>\n<\/li>\n<li data-start=\"2968\" data-end=\"3061\">\n<p data-start=\"2970\" data-end=\"3061\">Conclua sua jornada com a <strong data-start=\"3004\" data-end=\"3059\">s\u00e9rie completa de treinamento de 4 m\u00f3dulos do ECM Titanium Gasoline<\/strong><\/p>\n<\/li>\n<\/ul>\n<hr data-start=\"3063\" data-end=\"3066\" \/>\n<p data-start=\"3068\" data-end=\"3178\"><strong data-start=\"3068\" data-end=\"3176\">Termine sua forma\u00e7\u00e3o em tuning com for\u00e7a e domine as etapas finais da calibra\u00e7\u00e3o profissional da ECU a gasolina.<\/strong><\/p>\n<p data-start=\"3180\" data-end=\"3285\"><strong data-start=\"3180\" data-end=\"3285\">\u27a1\ufe0f Inscreva-se no curso de hoje e finalize seu Alientech ECM Titanium 3.0: Curso Online de Tuning de Gasolina com o M\u00f3dulo 4 &#8211; Tuning de Gasolina.<\/strong><\/p>\n","protected":false},"excerpt":{"rendered":"<p data-start=\"3343\" data-end=\"3609\">Conclua sua jornada de ajuste de gasolina do Alientech ECM Titanium 3.0 com o <strong data-start=\"3413\" data-end=\"3430\">M\u00f3dulo 4 de 4<\/strong>.<br data-start=\"3431\" data-end=\"3434\" \/>Aprenda a modificar com seguran\u00e7a os mapas de torque e de avan\u00e7o de fa\u00edsca, ajustar os limitadores de RPM e de velocidade e exportar um <strong data-start=\"3549\" data-end=\"3577\">ajuste de desempenho<\/strong> profissional <strong data-start=\"3549\" data-end=\"3577\">de Est\u00e1gio 1<\/strong> pronto para ser gravado na ECU.<\/p>\n<p data-start=\"3611\" data-end=\"3784\">Perfeito para <strong data-start=\"3623\" data-end=\"3637\">novos afinadores<\/strong>, <strong data-start=\"3639\" data-end=\"3665\">profissionais de oficina<\/strong> e <strong data-start=\"3671\" data-end=\"3696\">usu\u00e1rios experientes de ECM<\/strong> que desejam finalizar suas habilidades de afina\u00e7\u00e3o de gasolina e obter resultados de n\u00edvel profissional.<\/p>\n","protected":false},"featured_media":77355,"comment_status":"closed","ping_status":"closed","template":"","meta":{"_acf_changed":false},"product_brand":[19674,19679],"product_cat":[24690,24592,24582,24421,24425,14858],"product_tag":[],"class_list":{"0":"post-85637","1":"product","2":"type-product","3":"status-publish","4":"has-post-thumbnail","6":"product_brand-alientech","7":"product_brand-ecm-titanium","8":"product_cat-cursos-de-treinamento-on-line-sobre-tuning","9":"product_cat-treinamento-de-ajuste-de-gasolina","10":"product_cat-treinamento-de-ajuste-de-marca","11":"product_cat-treinamento-de-ajuste-de-todos-os-veiculos","12":"product_cat-treinamento-em-ecm-titanium-pt-br","13":"product_cat-alientech-pt-br","15":"first","16":"instock","17":"taxable","18":"shipping-taxable","19":"purchasable","20":"product-type-simple"},"acf":[],"_links":{"self":[{"href":"https:\/\/www.remap101.co.uk\/pt-br\/wp-json\/wp\/v2\/product\/85637","targetHints":{"allow":["GET"]}}],"collection":[{"href":"https:\/\/www.remap101.co.uk\/pt-br\/wp-json\/wp\/v2\/product"}],"about":[{"href":"https:\/\/www.remap101.co.uk\/pt-br\/wp-json\/wp\/v2\/types\/product"}],"replies":[{"embeddable":true,"href":"https:\/\/www.remap101.co.uk\/pt-br\/wp-json\/wp\/v2\/comments?post=85637"}],"wp:featuredmedia":[{"embeddable":true,"href":"https:\/\/www.remap101.co.uk\/pt-br\/wp-json\/wp\/v2\/media\/77355"}],"wp:attachment":[{"href":"https:\/\/www.remap101.co.uk\/pt-br\/wp-json\/wp\/v2\/media?parent=85637"}],"wp:term":[{"taxonomy":"product_brand","embeddable":true,"href":"https:\/\/www.remap101.co.uk\/pt-br\/wp-json\/wp\/v2\/product_brand?post=85637"},{"taxonomy":"product_cat","embeddable":true,"href":"https:\/\/www.remap101.co.uk\/pt-br\/wp-json\/wp\/v2\/product_cat?post=85637"},{"taxonomy":"product_tag","embeddable":true,"href":"https:\/\/www.remap101.co.uk\/pt-br\/wp-json\/wp\/v2\/product_tag?post=85637"}],"curies":[{"name":"wp","href":"https:\/\/api.w.org\/{rel}","templated":true}]}}