{"id":85699,"date":"2025-09-16T13:41:00","date_gmt":"2025-09-16T12:41:00","guid":{"rendered":"https:\/\/www.remap101.co.uk\/product\/vta1083-alientech-ecm-titanium-3-0-curso-on-line-de-ajuste-de-gasolina-modulo-1-de-4\/"},"modified":"2026-03-20T15:04:01","modified_gmt":"2026-03-20T15:04:01","slug":"vta1083-alientech-ecm-titanium-3-0-curso-on-line-de-ajuste-de-gasolina-modulo-1-de-4","status":"publish","type":"product","link":"https:\/\/www.remap101.co.uk\/pt-br\/produto\/vta1083-alientech-ecm-titanium-3-0-curso-on-line-de-ajuste-de-gasolina-modulo-1-de-4\/","title":{"rendered":"VTA1083: Alientech ECM Titanium 3.0: Curso on-line de ajuste de gasolina &#8211; M\u00f3dulo 1 de 4"},"content":{"rendered":"<h2 data-start=\"332\" data-end=\"394\">Alientech ECM Titanium 3.0: Curso on-line de ajuste de gasolina &#8211; M\u00f3dulo 1 de 4<\/h2>\n<p data-start=\"396\" data-end=\"767\">Domine a arte do remapeamento da ECU a gasolina &#8211; 100% on-line e projetado para se adequar \u00e0 sua agenda.<br data-start=\"485\" data-end=\"488\" \/>Esse treinamento se concentra no software ECM Titanium 3.0 da Alientech e oferece um caminho claro tanto para iniciantes quanto para profissionais experientes. Partindo de conceitos b\u00e1sicos, voc\u00ea avan\u00e7ar\u00e1 em dire\u00e7\u00e3o a habilidades avan\u00e7adas que podem ser aplicadas diretamente a projetos de ajuste do mundo real.<\/p>\n<p data-start=\"774\" data-end=\"799\"><strong data-start=\"776\" data-end=\"797\">O que voc\u00ea aprender\u00e1<\/strong><\/p>\n<ul data-start=\"879\" data-end=\"1195\">\n<li data-start=\"879\" data-end=\"949\">Compreens\u00e3o dos principais recursos e fun\u00e7\u00f5es do software ECM Titanium<\/li>\n<li data-start=\"879\" data-end=\"949\">Uma vis\u00e3o geral do software<\/li>\n<li data-start=\"879\" data-end=\"949\">Onde localizar atalhos, configura\u00e7\u00f5es e confirmar o status do ECM Titanium<\/li>\n<li data-start=\"879\" data-end=\"949\">Como abrir e iniciar um novo projeto no ECM Titanium<\/li>\n<li data-start=\"879\" data-end=\"949\">Compreens\u00e3o da finalidade dos drivers no ECM<\/li>\n<li data-start=\"879\" data-end=\"949\">Como pesquisar, aplicar e gerenciar drivers no software<\/li>\n<li data-start=\"879\" data-end=\"949\">Como solicitar drivers novos ou atualizados da Alientech<\/li>\n<li data-start=\"879\" data-end=\"949\">Configurar e armazenar seu projeto de ajuste para refer\u00eancia futura<\/li>\n<li data-start=\"879\" data-end=\"949\">Entendendo o monitoramento de torque<\/li>\n<li data-start=\"879\" data-end=\"949\">Como o sistema de inje\u00e7\u00e3o suporta o ajuste de desempenho?<\/li>\n<li data-start=\"879\" data-end=\"949\">Entendendo o monitoramento de torque<\/li>\n<li data-start=\"879\" data-end=\"949\">Como o sistema de inje\u00e7\u00e3o suporta o ajuste de desempenho?<\/li>\n<\/ul>\n<p data-start=\"854\" data-end=\"878\"><strong data-start=\"857\" data-end=\"876\">Caracter\u00edsticas do curso<\/strong><\/p>\n<ul data-start=\"879\" data-end=\"1195\">\n<li data-start=\"879\" data-end=\"949\">\n<p data-start=\"881\" data-end=\"949\">Tutoriais em v\u00eddeo passo a passo com materiais de refer\u00eancia para download<\/p>\n<\/li>\n<li data-start=\"950\" data-end=\"1018\">\n<p data-start=\"952\" data-end=\"1018\">Progress\u00e3o estruturada para aumentar a confian\u00e7a e a habilidade pr\u00e1tica<\/p>\n<\/li>\n<li data-start=\"1019\" data-end=\"1076\">\n<p data-start=\"1021\" data-end=\"1076\">Question\u00e1rio interativo para testar e refor\u00e7ar seus conhecimentos<\/p>\n<\/li>\n<li data-start=\"1077\" data-end=\"1131\">\n<p data-start=\"1079\" data-end=\"1131\">Certificado de conclus\u00e3o inclu\u00eddo no curso<\/p>\n<\/li>\n<li data-start=\"1132\" data-end=\"1195\">\n<p data-start=\"1134\" data-end=\"1195\">Acesso vital\u00edcio &#8211; estude a qualquer hora, em qualquer lugar, no seu pr\u00f3prio ritmo<\/p>\n<\/li>\n<\/ul>\n<p data-start=\"1202\" data-end=\"1225\">\ud83d\udc68\u200d\ud83d\udd27 <strong data-start=\"1208\" data-end=\"1223\">Perfeito para voc\u00ea<\/strong><\/p>\n<ul data-start=\"1226\" data-end=\"1465\">\n<li data-start=\"1226\" data-end=\"1265\">\n<p data-start=\"1228\" data-end=\"1265\">Sintonizadores de ECU a gasolina novos ou aspirantes<\/p>\n<\/li>\n<li data-start=\"1266\" data-end=\"1324\">\n<p data-start=\"1268\" data-end=\"1324\">Profissionais de oficinas automotivas e remapeadores m\u00f3veis<\/p>\n<\/li>\n<li data-start=\"1325\" data-end=\"1393\">\n<p data-start=\"1327\" data-end=\"1393\">Usu\u00e1rios existentes do ECM Titanium que desejam treinamento estruturado sobre gasolina<\/p>\n<\/li>\n<li data-start=\"1394\" data-end=\"1465\">\n<p data-start=\"1396\" data-end=\"1465\">Qualquer pessoa que queira aumentar sua experi\u00eancia em ajuste de desempenho de gasolina<\/p>\n<\/li>\n<\/ul>\n<p data-start=\"1472\" data-end=\"1563\"><strong data-start=\"1475\" data-end=\"1561\">Comece hoje mesmo e adquira as habilidades para ajustar ECUs a gasolina com clareza e confian\u00e7a.<\/strong><\/p>\n<p data-start=\"1565\" data-end=\"1811\">Aprenda como remapear motores a gasolina usando o Alientech ECM Titanium 3.0 neste curso on-line detalhado. Com aulas guiadas, um teste pr\u00e1tico e um certificado de conclus\u00e3o, voc\u00ea desenvolver\u00e1 o conhecimento passo a passo, pronto para ser aplicado no mundo real.<\/p>\n","protected":false},"excerpt":{"rendered":"<p>Aprenda o remapeamento da ECU a gasolina com o ECM Titanium 3.0. Treinamento on-line com li\u00e7\u00f5es passo a passo, acesso vital\u00edcio e certificado de conclus\u00e3o.<\/p>\n","protected":false},"featured_media":77355,"comment_status":"closed","ping_status":"closed","template":"","meta":{"_acf_changed":false},"product_brand":[19674,19679],"product_cat":[24690,24592,24582,24421,24425,14858],"product_tag":[22846,22854,22852,22856,22850,22848,22847],"class_list":{"0":"post-85699","1":"product","2":"type-product","3":"status-publish","4":"has-post-thumbnail","6":"product_brand-alientech","7":"product_brand-ecm-titanium","8":"product_cat-cursos-de-treinamento-on-line-sobre-tuning","9":"product_cat-treinamento-de-ajuste-de-gasolina","10":"product_cat-treinamento-de-ajuste-de-marca","11":"product_cat-treinamento-de-ajuste-de-todos-os-veiculos","12":"product_cat-treinamento-em-ecm-titanium-pt-br","13":"product_cat-alientech-pt-br","14":"product_tag-ajuste-on-line-do-ecm-para-gasolina","15":"product_tag-curso-de-gas-ecm-pt-br","16":"product_tag-curso-de-treinamento-online-de-ecm-para-gasolina","17":"product_tag-curso-online-de-gasolina-ecm","18":"product_tag-treinamento-ecm-para-gasolina","19":"product_tag-treinamento-on-line-sobre-ecm-a-gasolina","20":"product_tag-treinamento-on-line-sobre-gasolina-ecm","22":"first","23":"instock","24":"taxable","25":"shipping-taxable","26":"purchasable","27":"product-type-simple"},"acf":[],"_links":{"self":[{"href":"https:\/\/www.remap101.co.uk\/pt-br\/wp-json\/wp\/v2\/product\/85699","targetHints":{"allow":["GET"]}}],"collection":[{"href":"https:\/\/www.remap101.co.uk\/pt-br\/wp-json\/wp\/v2\/product"}],"about":[{"href":"https:\/\/www.remap101.co.uk\/pt-br\/wp-json\/wp\/v2\/types\/product"}],"replies":[{"embeddable":true,"href":"https:\/\/www.remap101.co.uk\/pt-br\/wp-json\/wp\/v2\/comments?post=85699"}],"wp:featuredmedia":[{"embeddable":true,"href":"https:\/\/www.remap101.co.uk\/pt-br\/wp-json\/wp\/v2\/media\/77355"}],"wp:attachment":[{"href":"https:\/\/www.remap101.co.uk\/pt-br\/wp-json\/wp\/v2\/media?parent=85699"}],"wp:term":[{"taxonomy":"product_brand","embeddable":true,"href":"https:\/\/www.remap101.co.uk\/pt-br\/wp-json\/wp\/v2\/product_brand?post=85699"},{"taxonomy":"product_cat","embeddable":true,"href":"https:\/\/www.remap101.co.uk\/pt-br\/wp-json\/wp\/v2\/product_cat?post=85699"},{"taxonomy":"product_tag","embeddable":true,"href":"https:\/\/www.remap101.co.uk\/pt-br\/wp-json\/wp\/v2\/product_tag?post=85699"}],"curies":[{"name":"wp","href":"https:\/\/api.w.org\/{rel}","templated":true}]}}