{"id":85735,"date":"2025-10-17T12:12:14","date_gmt":"2025-10-17T11:12:14","guid":{"rendered":"https:\/\/www.remap101.co.uk\/product\/vta1085-alientech-ecm-titanium-3-0-curso-on-line-de-ajuste-de-gasolina-modulo-3-de-4\/"},"modified":"2026-03-20T14:42:14","modified_gmt":"2026-03-20T14:42:14","slug":"vta1085-alientech-ecm-titanium-3-0-curso-on-line-de-ajuste-de-gasolina-modulo-3-de-4","status":"publish","type":"product","link":"https:\/\/www.remap101.co.uk\/pt-br\/produto\/vta1085-alientech-ecm-titanium-3-0-curso-on-line-de-ajuste-de-gasolina-modulo-3-de-4\/","title":{"rendered":"VTA1085: Alientech ECM Titanium 3.0: Curso on-line de ajuste de gasolina &#8211; M\u00f3dulo 3 de 4"},"content":{"rendered":"<h3 data-start=\"876\" data-end=\"969\"><strong data-start=\"880\" data-end=\"967\">VTA1085 &#8211; Curso on-line de ajuste de ECM Titanium 3.0 a gasolina da Alientech &#8211; M\u00f3dulo 3 de 4 <\/strong><\/h3>\n<p data-start=\"971\" data-end=\"1141\">D\u00ea o pr\u00f3ximo passo em sua <strong data-start=\"998\" data-end=\"1032\">jornada de remapeamento da ECU a gasolina<\/strong> com este m\u00f3dulo de treinamento on-line avan\u00e7ado, desenvolvido por instrutores profissionais de remapeamento da <strong data-start=\"1126\" data-end=\"1138\">Remap101<\/strong>.<\/p>\n<p data-start=\"1143\" data-end=\"1541\">Este curso se concentra na <strong data-start=\"1170\" data-end=\"1192\">estrat\u00e9gia baseada<\/strong> no <strong data-start=\"1170\" data-end=\"1192\">ar<\/strong> do Alientech ECM Titanium 3.0 e ensina como realizar <strong data-start=\"1254\" data-end=\"1299\">o ajuste de desempenho seguro e confi\u00e1vel do Est\u00e1gio 1<\/strong> para motores turboalimentados a gasolina. Cada li\u00e7\u00e3o \u00e9 estruturada para ajudar voc\u00ea a entender a l\u00f3gica por tr\u00e1s do controle de press\u00e3o de alimenta\u00e7\u00e3o, de combust\u00edvel e de trilho, permitindo que voc\u00ea produza remapeamentos eficientes e otimizados para a pot\u00eancia sem comprometer a seguran\u00e7a do motor.<\/p>\n<h3 data-start=\"1548\" data-end=\"1576\"><\/h3>\n<h3 data-start=\"1548\" data-end=\"1576\"><strong data-start=\"1555\" data-end=\"1576\">O que voc\u00ea aprender\u00e1<\/strong><\/h3>\n<ul data-start=\"1577\" data-end=\"2123\">\n<li data-start=\"1577\" data-end=\"1632\">\n<p data-start=\"1579\" data-end=\"1632\">Por onde come\u00e7ar a ajustar uma <strong data-start=\"1604\" data-end=\"1630\">ECU de estrat\u00e9gia baseada em ar<\/strong><\/p>\n<\/li>\n<li data-start=\"1633\" data-end=\"1724\">\n<p data-start=\"1635\" data-end=\"1724\">Como <strong data-start=\"1642\" data-end=\"1698\">converter as porcentagens de ar de enchimento do cilindro em milibares para<\/strong> ajustes precisos<\/p>\n<\/li>\n<li data-start=\"1725\" data-end=\"1813\">\n<p data-start=\"1727\" data-end=\"1813\">A diferen\u00e7a entre <strong data-start=\"1750\" data-end=\"1777\">altera\u00e7\u00f5es percentuais fixas<\/strong> e <strong data-start=\"1782\" data-end=\"1811\">edi\u00e7\u00f5es interpoladas suaves<\/strong><\/p>\n<\/li>\n<li data-start=\"1814\" data-end=\"1871\">\n<p data-start=\"1816\" data-end=\"1871\"><strong data-start=\"1816\" data-end=\"1845\">Ajuste seguro do limitador de pot\u00eancia<\/strong> para desempenho no Est\u00e1gio 1<\/p>\n<\/li>\n<li data-start=\"1872\" data-end=\"1954\">\n<p data-start=\"1874\" data-end=\"1954\">Como modificar com seguran\u00e7a <strong data-start=\"1895\" data-end=\"1917\">os mapas de controle do turbo<\/strong> para obter um resultado consistente e confi\u00e1vel<\/p>\n<\/li>\n<li data-start=\"1955\" data-end=\"2033\">\n<p data-start=\"1957\" data-end=\"2033\">Ajuste correto do <strong data-start=\"1981\" data-end=\"2000\">sistema de abastecimento de combust\u00edvel<\/strong> para corresponder \u00e0s mudan\u00e7as de ar e impulso<\/p>\n<\/li>\n<li data-start=\"2034\" data-end=\"2123\">\n<p data-start=\"2036\" data-end=\"2123\"><strong data-start=\"2036\" data-end=\"2069\">Otimiza\u00e7\u00e3o dos mapas de press\u00e3o do trilho<\/strong> para um fornecimento de energia suave e confiabilidade de longo prazo<\/p>\n<\/li>\n<\/ul>\n<h3 data-start=\"2130\" data-end=\"2156\"><\/h3>\n<h3 data-start=\"2130\" data-end=\"2156\"><strong data-start=\"2137\" data-end=\"2156\">Caracter\u00edsticas do curso<\/strong><\/h3>\n<ul data-start=\"2157\" data-end=\"2516\">\n<li data-start=\"2157\" data-end=\"2211\">\n<p data-start=\"2159\" data-end=\"2211\"><strong data-start=\"2164\" data-end=\"2183\">Aprendizado<\/strong> 100% <strong data-start=\"2164\" data-end=\"2183\">on-line<\/strong> &#8211; estude a qualquer hora, em qualquer lugar<\/p>\n<\/li>\n<li data-start=\"2212\" data-end=\"2281\">\n<p data-start=\"2214\" data-end=\"2281\"><strong data-start=\"2214\" data-end=\"2246\">Tutoriais em v\u00eddeo passo a passo<\/strong> para voc\u00ea usar o Alientech ECM Titanium 3.0<\/p>\n<\/li>\n<li data-start=\"2282\" data-end=\"2340\">\n<p data-start=\"2284\" data-end=\"2340\"><strong data-start=\"2284\" data-end=\"2320\">Materiais de refer\u00eancia para download<\/strong> e exemplos de dados<\/p>\n<\/li>\n<li data-start=\"2341\" data-end=\"2395\">\n<p data-start=\"2343\" data-end=\"2395\"><strong data-start=\"2343\" data-end=\"2366\">Testes interativos<\/strong> para testar sua compreens\u00e3o<\/p>\n<\/li>\n<li data-start=\"2396\" data-end=\"2462\">\n<p data-start=\"2398\" data-end=\"2462\"><strong data-start=\"2398\" data-end=\"2427\">Certificado de conclus\u00e3o<\/strong> emitido ap\u00f3s o t\u00e9rmino do m\u00f3dulo<\/p>\n<\/li>\n<li data-start=\"2463\" data-end=\"2516\">\n<p data-start=\"2465\" data-end=\"2516\"><strong data-start=\"2465\" data-end=\"2484\">Acesso vital\u00edcio<\/strong> &#8211; revisite o conte\u00fado a qualquer momento<\/p>\n<\/li>\n<\/ul>\n<h3 data-start=\"2523\" data-end=\"2559\"><\/h3>\n<h3 data-start=\"2523\" data-end=\"2559\">\ud83d\udc68\u200d\ud83d\udd27 <strong data-start=\"2533\" data-end=\"2559\">A quem se destina este curso?<\/strong><\/h3>\n<ul data-start=\"2560\" data-end=\"2836\">\n<li data-start=\"2560\" data-end=\"2604\">\n<p data-start=\"2562\" data-end=\"2604\"><strong data-start=\"2562\" data-end=\"2602\">Novos e aspirantes a sintonizadores de ECU a gasolina<\/strong><\/p>\n<\/li>\n<li data-start=\"2605\" data-end=\"2667\">\n<p data-start=\"2607\" data-end=\"2667\"><strong data-start=\"2607\" data-end=\"2644\">Profissionais de oficinas automotivas<\/strong> e remapeadores m\u00f3veis<\/p>\n<\/li>\n<li data-start=\"2668\" data-end=\"2758\">\n<p data-start=\"2670\" data-end=\"2758\"><strong data-start=\"2670\" data-end=\"2711\">Usu\u00e1rios existentes do Alientech ECM Titanium<\/strong> que buscam conhecimento estruturado de ajuste de gasolina<\/p>\n<\/li>\n<li data-start=\"2759\" data-end=\"2836\">\n<p data-start=\"2761\" data-end=\"2836\">Qualquer pessoa que queira <strong data-start=\"2779\" data-end=\"2834\">expandir sua experi\u00eancia em ajuste de desempenho de gasolina<\/strong><\/p>\n<\/li>\n<\/ul>\n<p data-start=\"3210\" data-end=\"3368\">Refine sua precis\u00e3o de ajuste e domine o mapeamento seguro do desempenho do Est\u00e1gio 1 com o M\u00f3dulo 3 do <strong data-start=\"3304\" data-end=\"3365\">Alientech ECM Titanium 3.0: Curso on-line de ajuste de gasolina<\/strong>.<\/p>\n<p data-start=\"3370\" data-end=\"3526\">Aprenda t\u00e9cnicas pr\u00e1ticas e profissionais<br data-start=\"3412\" data-end=\"3415\" \/>\u2705 Ganhe confian\u00e7a em aplicativos de ajuste do mundo real<br data-start=\"3467\" data-end=\"3470\" \/>\u2705 Ganhe um certificado de conclus\u00e3o e acesso vital\u00edcio<\/p>\n<p data-start=\"3528\" data-end=\"3602\"><strong data-start=\"3528\" data-end=\"3602\">Inscreva-se hoje mesmo e leve suas habilidades de ajuste de ECU a gasolina para o pr\u00f3ximo n\u00edvel.<\/strong><\/p>\n","protected":false},"excerpt":{"rendered":"<p data-start=\"258\" data-end=\"639\">Aprimore suas habilidades de ajuste com o <strong data-start=\"290\" data-end=\"360\">M\u00f3dulo 3 do curso Alientech ECM Titanium 3.0: Curso de ajuste de gasolina<\/strong>. Aprenda a realizar <strong data-start=\"402\" data-end=\"432\">o ajuste de desempenho<\/strong> seguro e eficaz <strong data-start=\"402\" data-end=\"432\">do Est\u00e1gio 1<\/strong> em motores a gasolina turboalimentados. Domine os ajustes do limitador de pot\u00eancia, a otimiza\u00e7\u00e3o do controle do turbo, as corre\u00e7\u00f5es de combust\u00edvel e o refinamento da press\u00e3o do rail &#8211; tudo isso por meio do treinamento pr\u00e1tico e estruturado do ECM Titanium.<\/p>\n<p data-start=\"641\" data-end=\"796\">Perfeito para <strong data-start=\"653\" data-end=\"739\">iniciantes em ajuste de ECU, profissionais do setor automotivo e usu\u00e1rios experientes do ECM Titanium<\/strong> que desejam fortalecer seus conhecimentos de ajuste de gasolina.<\/p>\n","protected":false},"featured_media":77355,"comment_status":"closed","ping_status":"closed","template":"","meta":{"_acf_changed":false},"product_brand":[19674,19679],"product_cat":[24690,24592,24582,24421,24425,14858],"product_tag":[],"class_list":{"0":"post-85735","1":"product","2":"type-product","3":"status-publish","4":"has-post-thumbnail","6":"product_brand-alientech","7":"product_brand-ecm-titanium","8":"product_cat-cursos-de-treinamento-on-line-sobre-tuning","9":"product_cat-treinamento-de-ajuste-de-gasolina","10":"product_cat-treinamento-de-ajuste-de-marca","11":"product_cat-treinamento-de-ajuste-de-todos-os-veiculos","12":"product_cat-treinamento-em-ecm-titanium-pt-br","13":"product_cat-alientech-pt-br","15":"first","16":"instock","17":"taxable","18":"shipping-taxable","19":"purchasable","20":"product-type-simple"},"acf":[],"_links":{"self":[{"href":"https:\/\/www.remap101.co.uk\/pt-br\/wp-json\/wp\/v2\/product\/85735","targetHints":{"allow":["GET"]}}],"collection":[{"href":"https:\/\/www.remap101.co.uk\/pt-br\/wp-json\/wp\/v2\/product"}],"about":[{"href":"https:\/\/www.remap101.co.uk\/pt-br\/wp-json\/wp\/v2\/types\/product"}],"replies":[{"embeddable":true,"href":"https:\/\/www.remap101.co.uk\/pt-br\/wp-json\/wp\/v2\/comments?post=85735"}],"wp:featuredmedia":[{"embeddable":true,"href":"https:\/\/www.remap101.co.uk\/pt-br\/wp-json\/wp\/v2\/media\/77355"}],"wp:attachment":[{"href":"https:\/\/www.remap101.co.uk\/pt-br\/wp-json\/wp\/v2\/media?parent=85735"}],"wp:term":[{"taxonomy":"product_brand","embeddable":true,"href":"https:\/\/www.remap101.co.uk\/pt-br\/wp-json\/wp\/v2\/product_brand?post=85735"},{"taxonomy":"product_cat","embeddable":true,"href":"https:\/\/www.remap101.co.uk\/pt-br\/wp-json\/wp\/v2\/product_cat?post=85735"},{"taxonomy":"product_tag","embeddable":true,"href":"https:\/\/www.remap101.co.uk\/pt-br\/wp-json\/wp\/v2\/product_tag?post=85735"}],"curies":[{"name":"wp","href":"https:\/\/api.w.org\/{rel}","templated":true}]}}