{"id":109893,"date":"2026-02-12T10:42:28","date_gmt":"2026-02-12T10:42:28","guid":{"rendered":"https:\/\/www.remap101.co.uk\/?post_type=product&#038;p=109893"},"modified":"2026-02-13T12:00:39","modified_gmt":"2026-02-13T12:00:39","slug":"curso-de-formacao-em-sala-de-aula-dimsport-race-evo-copy","status":"publish","type":"product","link":"https:\/\/www.remap101.co.uk\/pt-pt\/produto\/curso-de-formacao-em-sala-de-aula-dimsport-race-evo-copy\/","title":{"rendered":"Curso de Forma\u00e7\u00e3o em Sala de Aula Dimsport Race Evo (Copy)"},"content":{"rendered":"<h2>Cursos de Forma\u00e7\u00e3o em Sala de Aula Dimsport Race Evo &#8211; Diesel, Gasolina e Combinado<\/h2>\n<p>Domina a edi\u00e7\u00e3o profissional de ficheiros e a recalibra\u00e7\u00e3o da ECU utilizando software de afina\u00e7\u00e3o &#8211; Cursos de forma\u00e7\u00e3o em sala de aula Race Evo da Dimsport.<\/p>\n<p>O Race Evo da Dimsport (por vezes ainda referido em conte\u00fados mais antigos como Race2000) continua a ser uma das plataformas de software de afina\u00e7\u00e3o mais fi\u00e1veis e estruturadas do mercado. Constru\u00eddo com base em interfaces gr\u00e1ficas simples e numa biblioteca de ECUs suportadas, o Race Evo ajuda os afinadores a identificar, editar e personalizar rapidamente os principais mapas de calibra\u00e7\u00e3o &#8211; com uma base t\u00e9cnica s\u00f3lida e precis\u00e3o visual. <\/p>\n<p>Mas, como qualquer ferramenta s\u00e9ria, a forma como a utilizas faz toda a diferen\u00e7a.<\/p>\n<p>Os cursos de forma\u00e7\u00e3o em sala de aula Race Evo da Dimsport s\u00e3o ministrados em ingl\u00eas e concebidos para apoiar os afinadores que trabalham com diesel, gasolina ou ambos os tipos de combust\u00edvel &#8211; quer estejas apenas a come\u00e7ar, quer j\u00e1 estejas a afinar com Race Evo e queiras ir mais longe. Esta \u00e9 uma forma\u00e7\u00e3o pr\u00e1tica, orientada por um tutor, concebida para te ajudar a afinar com clareza, confian\u00e7a e plena consci\u00eancia comercial. <\/p>\n<h2>N\u00edveis de cursos dispon\u00edveis<\/h2>\n<p>Cada n\u00edvel do Curso de Forma\u00e7\u00e3o em Sala de Aula Dimsport Race Evo baseia-se no anterior, assegurando o desenvolvimento das tuas capacidades t\u00e9cnicas e comerciais em conjunto:<\/p>\n<h3>Cursos de forma\u00e7\u00e3o Dimsport Race Evo para principiantes<\/h3>\n<p>Ideal se fores novo no tuning ou novo no Race Evo. Aprender\u00e1s: <\/p>\n<ul>\n<li>Como utilizar a interface do software Race Evo com confian\u00e7a<\/li>\n<li>Estrutura do ficheiro, reconhecimento da ECU e ajuste seguro do mapa<\/li>\n<li>L\u00f3gica de afina\u00e7\u00e3o da fase 1 para ve\u00edculos a gas\u00f3leo ou a gasolina<\/li>\n<li>Como trabalhar com a estrutura de mapas guiados do Race Evo e utilizar os ficheiros de suporte incorporados<\/li>\n<\/ul>\n<h3>Curso de Forma\u00e7\u00e3o Interm\u00e9dio Dimsport Race Evo em Sala de Aula<\/h3>\n<p>Perfeito se j\u00e1 afinaste com o Race Evo e queres melhorar o controlo dos ficheiros. Vais aprender: <\/p>\n<ul>\n<li>Escala de mapas, alinhamento de eixos e edi\u00e7\u00e3o manual<\/li>\n<li>Afina\u00e7\u00e3o de carater\u00edsticas como estalos e estrondos ou limitadores de pipocas<\/li>\n<li>Apoio a ve\u00edculos ligeiramente modificados<\/li>\n<li>Resolu\u00e7\u00e3o de problemas no mundo real e aperfei\u00e7oamento da l\u00f3gica em v\u00e1rias ECUs<\/li>\n<\/ul>\n<h3>Curso de Forma\u00e7\u00e3o Avan\u00e7ada Dimsport Race Evo em Sala de Aula<\/h3>\n<p>Concebido para utilizadores experientes que apoiam ve\u00edculos modificados ou estrat\u00e9gias personalizadas. Aprender\u00e1s: <\/p>\n<ul>\n<li>Edi\u00e7\u00e3o avan\u00e7ada de modelos de bin\u00e1rio e fluxo de ar<\/li>\n<li>Escalonamento dos injectores, l\u00f3gica do turbo e suporte do sistema de combust\u00edvel<\/li>\n<li>Reestrutura\u00e7\u00e3o l\u00f3gica para UCEs n\u00e3o suportadas ou complexas<\/li>\n<li>Estrat\u00e9gias de afina\u00e7\u00e3o comerciais e tratamento de emiss\u00f5es fora de estrada\/desporto motorizado<\/li>\n<\/ul>\n<h2>Porqu\u00ea treinar com o Remap 101 no Dimsport Race Evo?<\/h2>\n<ul>\n<li>Tutores reais. Afina\u00e7\u00e3o real. Aprende com profissionais que criam ficheiros todos os dias  <\/li>\n<li>Aprendizagem em sala de aula em pequenos grupos para um verdadeiro envolvimento e feedback<\/li>\n<li>Foco pr\u00e1tico: constr\u00f3i e testa ficheiros durante a forma\u00e7\u00e3o, n\u00e3o apenas a teoria<\/li>\n<li>Cursos Diesel, gasolina e combinados dispon\u00edveis<\/li>\n<li>Emite um certificado por cada n\u00edvel conclu\u00eddo<\/li>\n<li>Apoiado pela VIEZU Technologies &#8211; uma autoridade mundial em remapeamento de ECU e educa\u00e7\u00e3o de afina\u00e7\u00e3o<\/li>\n<\/ul>\n<h2>Como te inscreveres no nosso curso de forma\u00e7\u00e3o em sala de aula Dimsport Race Evo:<\/h2>\n<h3>Escolhe o teu tipo de combust\u00edvel:<\/h3>\n<ul>\n<li>Gas\u00f3leo<\/li>\n<li>Gasolina<\/li>\n<li>Combina\u00e7\u00e3o de gas\u00f3leo e gasolina<\/li>\n<\/ul>\n<h3>Escolhe o teu n\u00edvel:<\/h3>\n<ul>\n<li>Iniciante<\/li>\n<li>Intermedi\u00e1rio<\/li>\n<li>Avan\u00e7ado<\/li>\n<\/ul>\n<h3>Escolhe a tua data:<\/h3>\n<p>Encontra os pr\u00f3ximos  <a href=\"https:\/\/www.remap101.co.uk\/pt-pt\/event-software\/corrida-evo-pt-pt\/\">Cursos Dimsport Race Evo<\/a><\/p>\n<p>Reserva o nosso Curso de Forma\u00e7\u00e3o em Sala de Aula Dimsport Race Evo online, ou contacta-nos para falarmos sobre o curso mais adequado para ti<\/p>\n<h2>N\u00e3o tens a certeza de qual \u00e9 o curso de forma\u00e7\u00e3o Tuning certo para ti?<\/h2>\n<p>N\u00e3o te preocupes &#8211; j\u00e1 ajud\u00e1mos milhares de afinadores a come\u00e7ar e sabemos como \u00e9 f\u00e1cil sobrestimar ou subestimar o teu ponto de partida. Entra em contacto connosco e ajudar-te-emos a encontrar o melhor ponto de partida para os teus objectivos e n\u00edvel de experi\u00eancia. <\/p>\n<p><strong>Telefona:<\/strong> <a href=\"tel:+44%20(0)1789%20774444\">+44 (0)1789 774444<\/a><\/p>\n<p><strong>Envia um e-mail:<\/strong> <a href=\"mailto:info@viezu.com\">info@viezu.com<\/a><\/p>\n","protected":false},"excerpt":{"rendered":"<p>Constr\u00f3i ficheiros de gasolina de alta performance usando o Dimsport Race Evo. Come\u00e7a hoje o teu curso de forma\u00e7\u00e3o em sala de aula Dimsport Race Evo! <\/p>\n","protected":false},"featured_media":109954,"comment_status":"closed","ping_status":"closed","template":"","meta":{"_acf_changed":false},"product_brand":[21155],"product_cat":[24595,24417,24605,24606,24603,24601,24415,24602,24600,24598],"product_tag":[22987,22988],"class_list":{"0":"post-109893","1":"product","2":"type-product","3":"status-publish","4":"has-post-thumbnail","6":"product_brand-dimsport","7":"product_cat-cursos-de-formacao-tuning-no-reino-unido","8":"product_cat-cursos-presenciais-de-formacao-tuning","9":"product_cat-formacao-diesel-tuning","10":"product_cat-formacao-em-tuning-gasolina-gasolina","11":"product_cat-formacao-em-tuning-de-motos","12":"product_cat-formacao-em-afinacao-de-tractores","13":"product_cat-formacao-em-tuning-para-todos-os-veiculos","14":"product_cat-formacao-em-afinacao-de-barcos","15":"product_cat-formacao-em-tuning-automovel","16":"product_cat-formacao-tuning-para-principiantes","17":"product_tag-dimsport-race-evo-pt-pt","18":"product_tag-sala-de-aula-dimsport-race-evo","19":"product_shipping_class-nao-e-necessario-envio","21":"first","22":"instock","23":"purchasable","24":"product-type-variable","25":"has-default-attributes"},"acf":[],"_links":{"self":[{"href":"https:\/\/www.remap101.co.uk\/pt-pt\/wp-json\/wp\/v2\/product\/109893","targetHints":{"allow":["GET"]}}],"collection":[{"href":"https:\/\/www.remap101.co.uk\/pt-pt\/wp-json\/wp\/v2\/product"}],"about":[{"href":"https:\/\/www.remap101.co.uk\/pt-pt\/wp-json\/wp\/v2\/types\/product"}],"replies":[{"embeddable":true,"href":"https:\/\/www.remap101.co.uk\/pt-pt\/wp-json\/wp\/v2\/comments?post=109893"}],"wp:featuredmedia":[{"embeddable":true,"href":"https:\/\/www.remap101.co.uk\/pt-pt\/wp-json\/wp\/v2\/media\/109954"}],"wp:attachment":[{"href":"https:\/\/www.remap101.co.uk\/pt-pt\/wp-json\/wp\/v2\/media?parent=109893"}],"wp:term":[{"taxonomy":"product_brand","embeddable":true,"href":"https:\/\/www.remap101.co.uk\/pt-pt\/wp-json\/wp\/v2\/product_brand?post=109893"},{"taxonomy":"product_cat","embeddable":true,"href":"https:\/\/www.remap101.co.uk\/pt-pt\/wp-json\/wp\/v2\/product_cat?post=109893"},{"taxonomy":"product_tag","embeddable":true,"href":"https:\/\/www.remap101.co.uk\/pt-pt\/wp-json\/wp\/v2\/product_tag?post=109893"}],"curies":[{"name":"wp","href":"https:\/\/api.w.org\/{rel}","templated":true}]}}