{"id":110185,"date":"2026-03-06T15:53:38","date_gmt":"2026-03-06T15:53:38","guid":{"rendered":"https:\/\/www.remap101.co.uk\/?post_type=product&#038;p=110185"},"modified":"2026-03-31T10:32:19","modified_gmt":"2026-03-31T09:32:19","slug":"vta1041-solucoes-bosch-edc17-dpf-com-evc-winols-copy","status":"publish","type":"product","link":"https:\/\/www.remap101.co.uk\/pt-pt\/produto\/vta1041-solucoes-bosch-edc17-dpf-com-evc-winols-copy\/","title":{"rendered":"VTA1089: Estalos e pancadas com o EVC WinOLS"},"content":{"rendered":"<h2>Afina\u00e7\u00e3o avan\u00e7ada para obter pops, bangs, burbles e outros efeitos, utilizando o EVC WinOLS5<\/h2>\n<p>Solu\u00e7\u00f5es avan\u00e7adas de pops e bangs com o software EVC WinOLS5. Este \u00e9 um curso de forma\u00e7\u00e3o online \u00fanico, e o teu formador especializado \u00e9 o diretor t\u00e9cnico e diretor-geral da VIEZU, Simon White. <\/p>\n<p><strong>** Ao comprares este curso de forma\u00e7\u00e3o por 199\u20ac+IVA, tens acesso a Super Mappacks no valor de 400\u20ac! **<\/strong><\/p>\n<p>Este \u00e9 um pacote de valor fant\u00e1stico &#8211; um curso avan\u00e7ado de forma\u00e7\u00e3o especializada, com um conjunto abrangente de Super Map Packs descarreg\u00e1veis, para um pacote de trabalho completo por apenas \u00a3199 + IVA.<\/p>\n<h2 data-start=\"1018\" data-end=\"1040\"><\/h2>\n<h2 data-start=\"1018\" data-end=\"1040\">Vis\u00e3o geral do curso<\/h2>\n<p data-start=\"1042\" data-end=\"1744\">Este curso intensivo online desmistifica a afina\u00e7\u00e3o de pops e bangs, centrando-se em dois motores a gasolina populares: o MED 9.1.2 do Audi TTRS e o MG1CS024 do BMW X3M. Trabalhando no WinOLS, aprender\u00e1s a localizar e analisar os mapas principais que regulam o corte de combust\u00edvel, a l\u00f3gica do modo de condu\u00e7\u00e3o e a temporiza\u00e7\u00e3o da igni\u00e7\u00e3o. Ver\u00e1s como adaptar o atraso de sobrecurso para manter o combust\u00edvel a fluir para um crepitar controlado e como ajustar os mapas de igni\u00e7\u00e3o base, \u00f3timo e m\u00ednimo para que a combust\u00e3o se desloque em seguran\u00e7a para o escape. O curso tamb\u00e9m introduz os limitadores de dura\u00e7\u00e3o do som e de temperatura do catalisador espec\u00edficos do MG1, dando-te as ferramentas para criares uma ac\u00fastica desportiva de sobrealimenta\u00e7\u00e3o sem comprometer a fiabilidade ou a conformidade com as emiss\u00f5es.   <\/p>\n<h4 data-start=\"1746\" data-end=\"1770\">O que vais aprender<\/h4>\n<ul data-start=\"1772\" data-end=\"3169\">\n<li data-section-id=\"7012dd\" data-start=\"1772\" data-end=\"1997\">\n<p data-start=\"1774\" data-end=\"1997\"><strong data-start=\"1774\" data-end=\"1809\">Identifica\u00e7\u00e3o e an\u00e1lise de mapas<\/strong> &#8211; Utiliza as fun\u00e7\u00f5es de mapeamento e pesquisa no WinOLS para encontrar tabelas de atraso no corte de combust\u00edvel, mapas de temporiza\u00e7\u00e3o da igni\u00e7\u00e3o (base, \u00f3timo e m\u00ednimo) e mapas de afina\u00e7\u00e3o de som MG1CS024.<\/p>\n<\/li>\n<li data-section-id=\"1ovx0k6\" data-start=\"1998\" data-end=\"2242\">\n<p data-start=\"2000\" data-end=\"2242\"><strong data-start=\"2000\" data-end=\"2037\">Prolongar o atraso do corte de combust\u00edvel em excesso<\/strong> &#8211; Modifica os tempos de atraso no MED 9.1.2 para manter os injectores activos durante a desacelera\u00e7\u00e3o e gerar estalos, e aplica ajustes semelhantes aos mapas de atraso do modo de condu\u00e7\u00e3o MG1CS024 para ativar os estalos apenas no modo desportivo.<\/p>\n<\/li>\n<li data-section-id=\"1h433cs\" data-start=\"2243\" data-end=\"2442\">\n<p data-start=\"2245\" data-end=\"2442\"><strong data-start=\"2245\" data-end=\"2281\">Zonas de ativa\u00e7\u00e3o e modos de condu\u00e7\u00e3o<\/strong> &#8211; Define janelas espec\u00edficas de RPM\/carga para os estalos e estrondos e aproveita os mapas de comuta\u00e7\u00e3o do modo de condu\u00e7\u00e3o para ativar ou desativar a afina\u00e7\u00e3o do som, dependendo da sele\u00e7\u00e3o do condutor.<\/p>\n<\/li>\n<li data-section-id=\"1sapvx7\" data-start=\"2443\" data-end=\"2642\">\n<p data-start=\"2445\" data-end=\"2642\"><strong data-start=\"2445\" data-end=\"2475\">Estrat\u00e9gias de temporiza\u00e7\u00e3o da igni\u00e7\u00e3o<\/strong> &#8211; Retarda a temporiza\u00e7\u00e3o de forma consistente nos mapas base, \u00f3timo e m\u00ednimo em 10-30 graus para deslocar a combust\u00e3o para o escape e controlar o volume e a frequ\u00eancia dos estalos.<\/p>\n<\/li>\n<li data-section-id=\"1jzaiqb\" data-start=\"2643\" data-end=\"2959\">\n<p data-start=\"2645\" data-end=\"2959\"><strong data-start=\"2645\" data-end=\"2691\">Seguran\u00e7a e prote\u00e7\u00e3o da temperatura do catalisador<\/strong> &#8211; Compreende a fun\u00e7\u00e3o dos limitadores de temperatura do catalisador no MG1CS024 e aprende porque \u00e9 que estes limites devem permanecer inalterados. Tamb\u00e9m vais explorar como manter o efeito confinado a intervalos de RPM seguros para evitar sobrecarregar o turbocompressor, as v\u00e1lvulas de escape e os catalisadores. <\/p>\n<\/li>\n<li data-section-id=\"1t3364o\" data-start=\"2960\" data-end=\"3169\">\n<p data-start=\"2962\" data-end=\"3169\"><strong data-start=\"2962\" data-end=\"2994\">Fluxo de trabalho pr\u00e1tico no WinOLS<\/strong> &#8211; Acompanha as demonstra\u00e7\u00f5es gravadas no ecr\u00e3 para cada passo, desde o carregamento de ficheiros originais e compara\u00e7\u00e3o de linhas de base at\u00e9 \u00e0 grava\u00e7\u00e3o de projectos modificados e verifica\u00e7\u00e3o das altera\u00e7\u00f5es.<\/p>\n<\/li>\n<\/ul>\n<h4 data-start=\"3171\" data-end=\"3193\">Carater\u00edsticas do curso<\/h4>\n<ul data-start=\"3195\" data-end=\"3778\">\n<li data-section-id=\"14n9ezt\" data-start=\"3195\" data-end=\"3305\">\n<p data-start=\"3197\" data-end=\"3305\"><strong data-start=\"3197\" data-end=\"3229\">Tutoriais em v\u00eddeo passo-a-passo<\/strong> com narra\u00e7\u00e3o clara e destaques no ecr\u00e3 que mostram como editar cada mapa.<\/p>\n<\/li>\n<li data-section-id=\"v9bvqv\" data-start=\"3306\" data-end=\"3451\">\n<p data-start=\"3308\" data-end=\"3451\"><strong data-start=\"3308\" data-end=\"3334\">Progress\u00e3o estruturada<\/strong> em quatro li\u00e7\u00f5es, come\u00e7ando com a descoberta de mapas no MED 9.1.2 e culminando no trabalho avan\u00e7ado de igni\u00e7\u00e3o no MG1CS024.<\/p>\n<\/li>\n<li><strong>Os Super Mappacks <\/strong>est\u00e3o inclu\u00eddos nos materiais do curso para ambas as ECUs abrangidas neste curso. Isto d\u00e1-te 2 super mappacks completos n\u00e3o s\u00f3 para seguires este curso de forma\u00e7\u00e3o, mas tamb\u00e9m para explorares e compreenderes as estrat\u00e9gias mais profundas e as estruturas de mapas dentro destas ECUs. <\/li>\n<li data-section-id=\"gg8bnx\" data-start=\"3452\" data-end=\"3554\">\n<p data-start=\"3454\" data-end=\"3554\"><strong data-start=\"3454\" data-end=\"3474\">Teste interativo<\/strong> no final do curso para refor\u00e7ar os conceitos-chave e testar a tua compreens\u00e3o.<\/p>\n<\/li>\n<li data-section-id=\"1roafd0\" data-start=\"3555\" data-end=\"3648\">\n<p data-start=\"3557\" data-end=\"3648\"><strong data-start=\"3557\" data-end=\"3586\">Certificado de conclus\u00e3o<\/strong> para validar as tuas compet\u00eancias de afina\u00e7\u00e3o de pops-and-bangs recentemente adquiridas.<\/p>\n<\/li>\n<li data-section-id=\"72jxye\" data-start=\"3649\" data-end=\"3778\">\n<p data-start=\"3651\" data-end=\"3778\"><strong data-start=\"3651\" data-end=\"3670\">Acesso vital\u00edcio<\/strong> &#8211; estuda ao teu pr\u00f3prio ritmo, rev\u00ea as demonstra\u00e7\u00f5es sempre que necess\u00e1rio e guarda o teu curso para refer\u00eancia futura.<\/p>\n<\/li>\n<\/ul>\n<h4 data-start=\"3780\" data-end=\"3798\">Perfeito para<\/h4>\n<ul data-start=\"3800\" data-end=\"4248\">\n<li data-section-id=\"14rd4a5\" data-start=\"3800\" data-end=\"3882\">\n<p data-start=\"3802\" data-end=\"3882\">Utilizadores experientes do WinOLS que pretendam adicionar a afina\u00e7\u00e3o de pops-and-bangs \u00e0 sua caixa de ferramentas.<\/p>\n<\/li>\n<li data-section-id=\"zbw7ex\" data-start=\"3883\" data-end=\"3991\">\n<p data-start=\"3885\" data-end=\"3991\">Remodeladores de ECU profissionais e engenheiros de calibra\u00e7\u00e3o que procuram criar estrat\u00e9gias de som de sobrealimenta\u00e7\u00e3o personalizadas.<\/p>\n<\/li>\n<li data-section-id=\"s7aabw\" data-start=\"3992\" data-end=\"4124\">\n<p data-start=\"3994\" data-end=\"4124\">Redactores de ficheiros que trabalham com unidades de controlo de motores a gasolina modernos e que necessitam de uma metodologia fi\u00e1vel para melodias seguras de estalidos \/ borbulhas \/ pop e bang.<\/p>\n<\/li>\n<li data-section-id=\"1005i0t\" data-start=\"4125\" data-end=\"4248\">\n<p data-start=\"4127\" data-end=\"4248\">Qualquer pessoa que pretenda elevar a sua compreens\u00e3o do ajuste do tempo de igni\u00e7\u00e3o e da l\u00f3gica de afina\u00e7\u00e3o do som para al\u00e9m do n\u00edvel de principiante.<\/p>\n<\/li>\n<\/ul>\n<p data-start=\"4250\" data-end=\"4393\" data-is-last-node=\"\" data-is-only-node=\"\">Come\u00e7a hoje e ganha a confian\u00e7a necess\u00e1ria para produzir estalos e batidas controladas que impressionam os clientes, preservando a integridade do motor e do catalisador.<\/p>\n<h2><\/h2>\n<h2><strong>Crescimento Pessoal e <\/strong><span style=\"font-size: 26px;\"><b>Oportunidades de Neg\u00f3cio<\/b><\/span><\/h2>\n<p>Temos o prazer de te apoiar na tua jornada de desenvolvimento de conhecimentos e de melhoria de compet\u00eancias. Os nossos formadores dedicam-se a elevar os padr\u00f5es da ind\u00fastria de tuning e a criar um espa\u00e7o para que possas aprender e crescer. Queremos que tires o m\u00e1ximo partido desta sess\u00e3o online de forma\u00e7\u00e3o em tuning EVC WinOLS. Como tal, sugerimos que consideres fazer os nossos outros cursos e m\u00f3dulos de tuning online.   <\/p>\n<p><strong>Mas espere, fica melhor&#8230;.<\/strong><\/p>\n<p>Cada sess\u00e3o de forma\u00e7\u00e3o pode ser vista v\u00e1rias vezes e o melhor da forma\u00e7\u00e3o online \u00e9 que, se n\u00e3o percebeste bem alguma coisa, podes v\u00ea-la v\u00e1rias vezes at\u00e9 a dominares. E tamb\u00e9m podes fazer uma pausa e recome\u00e7ar. Assim, tens tempo para tomar notas ou mesmo praticar o que acabaste de ver.  <\/p>\n<h3><\/h3>\n<h3><strong>Software de afina\u00e7\u00e3o EVC WinOLS<\/strong><\/h3>\n<p>N\u00e3o tens de possuir <a href=\"https:\/\/www.remap101.co.uk\/pt-pt\/?post_type=product&#038;p=85667\">o software EVC WinOLS<\/a> para concluir estes cursos, no entanto, n\u00e3o \u00e9 o ideal.<\/p>\n<p>Queremos que tenhas a melhor experi\u00eancia de forma\u00e7\u00e3o; deves considerar a possibilidade de obter o software para participares ativamente na forma\u00e7\u00e3o e poderes praticar o que aprendeste antes de avan\u00e7ares para outras sess\u00f5es. Se ainda n\u00e3o tens a vers\u00e3o completa do software de afina\u00e7\u00e3o EVC WinOLs, podes v\u00ea-la aqui na loja de afina\u00e7\u00e3o Remap 101 <a href=\"https:\/\/www.remap101.co.uk\/pt-pt\/categoria-produto\/compra\/ferramentas-de-ajuste-profissionais\/\">Software de afina\u00e7\u00e3o <\/a>  <\/p>\n<p>&nbsp;<\/p>\n<h3><strong>Ajustando arquivos  <\/strong><\/h3>\n<p>Enquanto aprendes e desenvolves as tuas t\u00e9cnicas de pops e bangs com o EVC WinOLS, talvez gostes de saber que a VIEZU tamb\u00e9m oferece ficheiros e software de remap prontos a usar e a carregar para a maioria dos ve\u00edculos. Se precisares de um servi\u00e7o de ficheiros de afina\u00e7\u00e3o, que \u00e9 r\u00e1pido e est\u00e1 aberto 7 dias por semana, envia um e-mail para a equipa de apoio em <a href=\"mailto:info@viezu.com\">info@viezu.com<\/a> <\/p>\n<p>&nbsp;<\/p>\n","protected":false},"excerpt":{"rendered":"<h2>Afina\u00e7\u00e3o avan\u00e7ada para obter pops, bangs, burbles e outros efeitos, utilizando o EVC WinOLS5<\/h2>\n<p>Aperfei\u00e7oa os teus conhecimentos de afina\u00e7\u00e3o com este curso especializado em pops-and-bangs para o EVC WinOLS. Em quatro li\u00e7\u00f5es avan\u00e7adas, aprender\u00e1s a identificar, modificar e sincronizar os mapas chave que controlam o atraso no corte de combust\u00edvel e a temporiza\u00e7\u00e3o da igni\u00e7\u00e3o em duas plataformas: Bosch MED 9.1.2 (Audi TTRS) e Bosch MG1CS024 (BMW X3M). Atrav\u00e9s de tutoriais em v\u00eddeo passo-a-passo, descobrir\u00e1s como ativar os estalos a pedido utilizando os controlos do modo de condu\u00e7\u00e3o, aumentar o atraso do corte de combust\u00edvel sem alterar os AFRs e aplicar um retardamento de igni\u00e7\u00e3o consistente, respeitando os limites de temperatura do catalisador. Inclui um question\u00e1rio e um certificado de conclus\u00e3o, e podes estudar em qualquer altura com acesso vital\u00edcio.   <\/p>\n<p><strong>** Ao comprares este curso de forma\u00e7\u00e3o por 199\u20ac+IVA, recebes Super Mappacks para download no valor de 400\u20ac! **  <\/strong><\/p>\n<p>Este curso inclui question\u00e1rios para testar os teus conhecimentos e, se passares nos testes, recebes um certificado de conclus\u00e3o VIEZU.<\/p>\n<p>O tutor que apresenta o curso utiliza o software EVC WinOLS h\u00e1 mais de 15 anos e tem ministrado cursos de escrita de mapas Master Tuning e sess\u00f5es de forma\u00e7\u00e3o em todo o mundo, incluindo o Reino Unido, EUA e China. Tamb\u00e9m no M\u00e9dio Oriente, \u00c1frica do Sul e outros locais internacionais com grande sucesso. Agora podes participar nestes cursos de forma\u00e7\u00e3o de tuning e remapeamento \u00e0 tua vontade. E ao ritmo que te conv\u00e9m, a partir da tua pr\u00f3pria casa ou oficina. Aprende em primeira m\u00e3o com os especialistas e aumenta e refor\u00e7a as tuas capacidades de tuning, desenvolvimento pessoal e conhecimentos de remap.    <\/p>\n<h2><\/h2>\n","protected":false},"featured_media":110195,"comment_status":"open","ping_status":"closed","template":"","meta":{"_acf_changed":false},"product_brand":[21146,19675],"product_cat":[24689,24599,24606,24415,24416,24418,24600,24596,24597,24714,24721,24722],"product_tag":[24764,24761,24763,24760,24755,15306,15307,24762,22493],"class_list":{"0":"post-110185","1":"product","2":"type-product","3":"status-publish","4":"has-post-thumbnail","6":"product_brand-evc","7":"product_brand-winols","8":"product_cat-cursos-de-formacao-online-sobre-tuning","9":"product_cat-formacao-tuning-por-tipo-de-veiculo","10":"product_cat-formacao-em-tuning-gasolina-gasolina","11":"product_cat-formacao-em-tuning-para-todos-os-veiculos","12":"product_cat-treinamento-evc-winols","13":"product_cat-formacao-em-afinacao-eletronica-evc","14":"product_cat-formacao-em-tuning-automovel","15":"product_cat-formacao-sobre-o-brand-tuning","16":"product_cat-formacao-tuning-por-nivel","17":"product_cat-formacao-em-ajuste-de-software","18":"product_cat-intermedia","19":"product_cat-avancado","20":"product_tag-afinacao-de-som","21":"product_tag-bate","22":"product_tag-crepita","23":"product_tag-estalos-pt-pt","24":"product_tag-estalos-e-franjas","25":"product_tag-evc-pt-pt","26":"product_tag-evc-winols-pt-pt","27":"product_tag-rebarba","28":"product_tag-winols5-pt-pt","30":"first","31":"instock","32":"taxable","33":"shipping-taxable","34":"purchasable","35":"product-type-simple"},"acf":[],"_links":{"self":[{"href":"https:\/\/www.remap101.co.uk\/pt-pt\/wp-json\/wp\/v2\/product\/110185","targetHints":{"allow":["GET"]}}],"collection":[{"href":"https:\/\/www.remap101.co.uk\/pt-pt\/wp-json\/wp\/v2\/product"}],"about":[{"href":"https:\/\/www.remap101.co.uk\/pt-pt\/wp-json\/wp\/v2\/types\/product"}],"replies":[{"embeddable":true,"href":"https:\/\/www.remap101.co.uk\/pt-pt\/wp-json\/wp\/v2\/comments?post=110185"}],"wp:featuredmedia":[{"embeddable":true,"href":"https:\/\/www.remap101.co.uk\/pt-pt\/wp-json\/wp\/v2\/media\/110195"}],"wp:attachment":[{"href":"https:\/\/www.remap101.co.uk\/pt-pt\/wp-json\/wp\/v2\/media?parent=110185"}],"wp:term":[{"taxonomy":"product_brand","embeddable":true,"href":"https:\/\/www.remap101.co.uk\/pt-pt\/wp-json\/wp\/v2\/product_brand?post=110185"},{"taxonomy":"product_cat","embeddable":true,"href":"https:\/\/www.remap101.co.uk\/pt-pt\/wp-json\/wp\/v2\/product_cat?post=110185"},{"taxonomy":"product_tag","embeddable":true,"href":"https:\/\/www.remap101.co.uk\/pt-pt\/wp-json\/wp\/v2\/product_tag?post=110185"}],"curies":[{"name":"wp","href":"https:\/\/api.w.org\/{rel}","templated":true}]}}