{"id":51031,"date":"2021-09-30T14:46:38","date_gmt":"2021-09-30T13:46:38","guid":{"rendered":"https:\/\/www.remap101.co.uk\/product\/alientech-ecm-titanium-3-0-software-versao-de-credito\/"},"modified":"2026-01-28T09:18:56","modified_gmt":"2026-01-28T09:18:56","slug":"alientech-ecm-titanium-software-credit-version","status":"publish","type":"product","link":"https:\/\/www.remap101.co.uk\/pt-pt\/produto\/alientech-ecm-titanium-software-credit-version\/","title":{"rendered":"Alientech ECM Titanium 3.0 Software Vers\u00e3o de Cr\u00e9dito"},"content":{"rendered":"<p>Vers\u00e3o de cr\u00e9dito do software Alientech ECM Titanium. Uma vers\u00e3o de cr\u00e9dito genu\u00edna do software de remapeamento da ECU Alientech ECM Titanium 3.0. O ECM Credit \u00e9 muitas vezes o primeiro software com que os afinadores come\u00e7am. \u00c9 agrad\u00e1vel e f\u00e1cil de usar, mas sendo a vers\u00e3o de cr\u00e9dito, \u00e9 muito mais barato tamb\u00e9m. Por isso, \u00e9 um bom software de arranque.    <\/p>\n<h2>Alientech ECM Titanium 3.0 Software &#8211; Cr\u00e9dito<\/h2>\n<h3>Qual \u00e9 a diferen\u00e7a entre o software ECM completo e a vers\u00e3o de cr\u00e9dito do software Alientech ECM Titanium 3.0?<\/h3>\n<p data-start=\"395\" data-end=\"685\">A principal diferen\u00e7a reside na forma como acedes aos recursos de afina\u00e7\u00e3o. A vers\u00e3o de cr\u00e9dito do ECM Titanium \u00e9 um software de afina\u00e7\u00e3o da ECU pago, ideal para principiantes ou afinadores que n\u00e3o afinam com frequ\u00eancia. Tem um custo inicial mais baixo, mas ter\u00e1s de comprar controladores e pacotes de mapas \u00e0 medida que avan\u00e7as.  <\/p>\n<p data-start=\"687\" data-end=\"882\">Em contrapartida, a vers\u00e3o completa do ECM Titanium vem totalmente carregada com todos os drivers e pacotes de mapas inclu\u00eddos, permitindo-te afinar um n\u00famero ilimitado de ve\u00edculos sem custos adicionais depois de activada.<\/p>\n<p data-start=\"884\" data-end=\"1082\"><strong data-start=\"887\" data-end=\"932\">Est\u00e1s a come\u00e7ar ou a afinar ocasionalmente?<\/strong> A Vers\u00e3o de Cr\u00e9dito pode ser o ponto de entrada perfeito.<br data-start=\"985\" data-end=\"988\">\ud83d\udc49 <strong data-start=\"991\" data-end=\"1030\">Afinas regularmente ou profissionalmente?<\/strong> Escolhe a vers\u00e3o completa ou a vers\u00e3o promocional para obteres o m\u00e1ximo valor.<\/p>\n<div id=\"attachment_36118\" style=\"width: 310px\" class=\"wp-caption aligncenter\"><img decoding=\"async\" aria-describedby=\"caption-attachment-36118\" class=\"wp-image-6027 size-medium\" src=\"https:\/\/www.remap101.co.uk\/wp-content\/uploads\/2021\/09\/alientech-ecm-software.jpg\" alt=\"Alientech ECM Titanium Software - Cr\u00e9dito\" width=\"300\" height=\"225\"><p id=\"caption-attachment-36118\" class=\"wp-caption-text\">Alientech ECM Software Dongle<\/p><\/div>\n<h2>Apoio \u00e0 forma\u00e7\u00e3o<\/h2>\n<p>A academia de forma\u00e7\u00e3o mant\u00e9m em stock todas as vers\u00f5es do software ECM. Disponibiliza sess\u00f5es de forma\u00e7\u00e3o e demonstra\u00e7\u00e3o. Se precisares de ajuda para escolher o software certo, diz-nos. A equipa de apoio t\u00e9cnico ter\u00e1 todo o prazer em responder \u00e0s tuas perguntas   <\/p>\n<p>O software de afina\u00e7\u00e3o ECM Titanium \u00e9 muito f\u00e1cil de utilizar e aprender. E a academia de forma\u00e7\u00e3o tem uma gama completa de cursos de forma\u00e7\u00e3o Alientech ECM. Abrange a afina\u00e7\u00e3o de motores a gasolina e a diesel. E todos os aspectos da utiliza\u00e7\u00e3o do software para afina\u00e7\u00e3o e remapeamento da ecu. Inclui a afina\u00e7\u00e3o da caixa de velocidades, clonagem e servi\u00e7os de afina\u00e7\u00e3o de desempenho e economia de combust\u00edvel.    <\/p>\n<h2>Porqu\u00ea escolher a Academia T\u00e9cnica VIEZU?<\/h2>\n<p><span style=\"font-size: 16px;\">A VIEZU Technical Academy a est\u00e1 dispon\u00edvel para ajudar com toda a tua forma\u00e7\u00e3o em tuning autom\u00f3vel e remapeamento de ecus, ferramentas de tuning e requisitos de software.<\/span><\/p>\n<p>Consulta as nossas <a href=\"https:\/\/www.remap101.co.uk\/es\/?post_type=sfwd-courses&#038;p=24629\">sess\u00f5es gratuitas de forma\u00e7\u00e3o de introdu\u00e7\u00e3o ao ECM<\/a>, os nossos v\u00eddeos online de apresenta\u00e7\u00e3o e visita &#8211; estamos aqui para ajudar.<\/p>\n<p>E v\u00ea a lista completa dos cursos de forma\u00e7\u00e3o da Alientech, tanto em sala como online, aqui : <a href=\"https:\/\/www.remap101.co.uk\/alientech-training\/learn-ecm-titanum\/\">Forma\u00e7\u00e3o VIEZU ECM<\/a><\/p>\n<div>\n<div>\n<h2>Junta-te \u00e0 nossa comunidade | <a href=\"https:\/\/www.facebook.com\/groups\/guildoftuners\" target=\"_blank\" rel=\"noopener\">Guild of Tuners<\/a><\/h2>\n<\/div>\n<ul>\n<li>Webinars gratuitos fant\u00e1sticos!<\/li>\n<li>Tecnologia de ponta para tuning<\/li>\n<li>Not\u00edcias frescas da Tool &amp; Software Wizards<\/li>\n<\/ul>\n<\/div>\n<p>&nbsp;<\/p>\n","protected":false},"excerpt":{"rendered":"<p>Vers\u00e3o de cr\u00e9dito do software Alientech ECM Titanium. Uma vers\u00e3o de cr\u00e9dito genu\u00edna do software de remapeamento de ecu Alientech ECM Titanium 3.0. O ECM Credit \u00e9 muitas vezes o primeiro software com que os afinadores come\u00e7am. \u00c9 agrad\u00e1vel e f\u00e1cil de usar, mas sendo a vers\u00e3o de cr\u00e9dito, \u00e9 muito mais barato tamb\u00e9m. Por isso, \u00e9 um bom software de arranque.     <span style=\"font-family: var(--global-body-font-family); font-size: 16px;\">V\u00ea mais abaixo.<\/span><\/p>\n","protected":false},"featured_media":54607,"comment_status":"open","ping_status":"closed","template":"","meta":{"_acf_changed":false},"product_brand":[],"product_cat":[24628,22122,15213,15054,24725],"product_tag":[23158,15250,23156,23157],"class_list":{"0":"post-51031","1":"product","2":"type-product","3":"status-publish","4":"has-post-thumbnail","6":"product_cat-compra","7":"product_cat-ecm-titanium-pt-pt-2","8":"product_cat-ferramentas-de-ajuste-profissionais","9":"product_cat-alientech-pt-pt-2","10":"product_cat-software-de-ajuste-profissional","11":"product_tag-alientech-ecm-titanium-3-0-software-versao-de-credito","12":"product_tag-alientech-ecm-titanium-software-pt-pt","13":"product_tag-versao-de-credito","14":"product_tag-versao-de-credito-ecm","16":"first","17":"instock","18":"taxable","19":"shipping-taxable","20":"purchasable","21":"product-type-simple"},"acf":[],"_links":{"self":[{"href":"https:\/\/www.remap101.co.uk\/pt-pt\/wp-json\/wp\/v2\/product\/51031","targetHints":{"allow":["GET"]}}],"collection":[{"href":"https:\/\/www.remap101.co.uk\/pt-pt\/wp-json\/wp\/v2\/product"}],"about":[{"href":"https:\/\/www.remap101.co.uk\/pt-pt\/wp-json\/wp\/v2\/types\/product"}],"replies":[{"embeddable":true,"href":"https:\/\/www.remap101.co.uk\/pt-pt\/wp-json\/wp\/v2\/comments?post=51031"}],"wp:featuredmedia":[{"embeddable":true,"href":"https:\/\/www.remap101.co.uk\/pt-pt\/wp-json\/wp\/v2\/media\/54607"}],"wp:attachment":[{"href":"https:\/\/www.remap101.co.uk\/pt-pt\/wp-json\/wp\/v2\/media?parent=51031"}],"wp:term":[{"taxonomy":"product_brand","embeddable":true,"href":"https:\/\/www.remap101.co.uk\/pt-pt\/wp-json\/wp\/v2\/product_brand?post=51031"},{"taxonomy":"product_cat","embeddable":true,"href":"https:\/\/www.remap101.co.uk\/pt-pt\/wp-json\/wp\/v2\/product_cat?post=51031"},{"taxonomy":"product_tag","embeddable":true,"href":"https:\/\/www.remap101.co.uk\/pt-pt\/wp-json\/wp\/v2\/product_tag?post=51031"}],"curies":[{"name":"wp","href":"https:\/\/api.w.org\/{rel}","templated":true}]}}