{"id":51066,"date":"2022-01-06T15:07:08","date_gmt":"2022-01-06T15:07:08","guid":{"rendered":"https:\/\/www.remap101.co.uk\/product\/ecm-titanium-gasolina-tuning-modulo-4-de-6\/"},"modified":"2026-01-07T12:27:34","modified_gmt":"2026-01-07T12:27:34","slug":"ecm-titanium-gasoline-tuning-module-4-of-6","status":"publish","type":"product","link":"https:\/\/www.remap101.co.uk\/pt-pt\/produto\/ecm-titanium-gasoline-tuning-module-4-of-6\/","title":{"rendered":"VTA1026: M\u00f3dulo de Forma\u00e7\u00e3o ECM Titanium Gasolina 4 de 6"},"content":{"rendered":"<h2>ECM Tit\u00e2nio Gasolina | Treinamento de Gasolina Online M\u00f3dulo 4 de 6<\/h2>\n<p>ECM Tit\u00e2nio Gasolina | Treinamento de gasolina Curso de forma\u00e7\u00e3o on-line o que \u00e9 coberto:<\/p>\n<ul>\n<li>Saiba mais sobre o Lambda no contexto do remapeamento da ECU e como fazer altera\u00e7\u00f5es\n<ul>\n<li>O que \u00e9 e, como, fazer altera\u00e7\u00f5es no Wastegate\n<ul>\n<li>Saiba por que e como a v\u00e1lvula de lixo precisa mudar<\/li>\n<\/ul>\n<\/li>\n<li>Como ajustar mapas de fa\u00edsca em um motor turbo a gasolina\n<ul>\n<li>E assim, explore os mapas do Spark, aprenda sobre como modific\u00e1-los corretamente<\/li>\n<\/ul>\n<\/li>\n<li>Levando a subestimar os mapas dispon\u00edveis para modifica\u00e7\u00e3o em ve\u00edculos a gasolina\/gasolina. Aprender a l\u00f3gica e a estrat\u00e9gia em torno do porqu\u00ea de modific\u00e1-los <\/li>\n<\/ul>\n<\/li>\n<\/ul>\n<p>Este m\u00f3dulo de Forma\u00e7\u00e3o Online ECM Titanium Gasolina \u00e9 a 4\u00aa sess\u00e3o de uma s\u00e9rie de 6 Sess\u00f5es de Forma\u00e7\u00e3o Online de Afina\u00e7\u00e3o ECM Titanium Gasolina da Alientech. Como tal, recomenda-se que estes cursos sejam feitos em ordem consecutiva para que possas beneficiar ao m\u00e1ximo da extensa transfer\u00eancia de conhecimentos. <\/p>\n<p>O Trainer, por conce\u00e7\u00e3o, baseia-se nos teus conhecimentos de um m\u00f3dulo para o outro. Por isso, os exerc\u00edcios pr\u00e1ticos que ir\u00e1s realizar no curso anterior ir\u00e3o guiar-te atrav\u00e9s dos passos chave para seres um Tuner competente. Portanto, mesmo que j\u00e1 estejas a usar o software Alientech ECM Titanium, come\u00e7a com a li\u00e7\u00e3o introdut\u00f3ria. Desta forma, poder\u00e1s seguir confortavelmente a l\u00f3gica e a estrutura das li\u00e7\u00f5es, passo a passo.   <\/p>\n<h3><strong>Software de ajuste de ECM da Alientech  <\/strong><\/h3>\n<p>Em teoria, n\u00e3o precisas de ter comprado o software de afina\u00e7\u00e3o Alientech ECM para fazer este curso de forma\u00e7\u00e3o. No entanto, para uma melhor experi\u00eancia de aprendizagem e para garantir que obt\u00e9ns o melhor impacto dos cursos de forma\u00e7\u00e3o Remap 101. Aconselhamos-te mesmo a fazeres a forma\u00e7\u00e3o com o software \u00e0 m\u00e3o.  <\/p>\n<p>Se tiveres o software ECM, poder\u00e1s seguir ativamente a forma\u00e7\u00e3o. Assim, poder\u00e1s participar nos exerc\u00edcios durante e ap\u00f3s a forma\u00e7\u00e3o. Sabemos que vais tirar muito mais partido da forma\u00e7\u00e3o se fizeres o curso com o software. Como tal, talvez gostes de saber que a Remap 101 tem em stock, fornece e treina praticamente todas as ferramentas e software de afina\u00e7\u00e3o. Podes ver a loja de ferramentas e software de tuning aqui: <a href=\"https:\/\/www.remap101.co.uk\/pt-pt\/categoria-produto\/ferramentas-e-software-de-ajuste-profissional-pt-pt\/\">Loja<\/a>    <\/p>\n","protected":false},"excerpt":{"rendered":"<h2>ECM Titanium Gasoline\/Petrol Tuning Online Training Module 4 de 6<\/h2>\n","protected":false},"featured_media":56739,"comment_status":"open","ping_status":"closed","template":"","meta":{"_acf_changed":false},"product_brand":[19674,19679],"product_cat":[24689,24430,24606,24415,24596,14859,24714],"product_tag":[15298,15299,15300,15302],"class_list":{"0":"post-51066","1":"product","2":"type-product","3":"status-publish","4":"has-post-thumbnail","6":"product_brand-alientech","7":"product_brand-ecm-titanium","8":"product_cat-cursos-de-formacao-online-sobre-tuning","9":"product_cat-formacao-ecm-titanium-pt-pt","10":"product_cat-formacao-em-tuning-gasolina-gasolina","11":"product_cat-formacao-em-tuning-para-todos-os-veiculos","12":"product_cat-formacao-sobre-o-brand-tuning","13":"product_cat-alientech-pt-pt","14":"product_cat-formacao-em-ajuste-de-software","15":"product_tag-ecm-pt-pt","16":"product_tag-ecm-titanium-pt-pt","17":"product_tag-gasolina-pt-pt","18":"product_tag-gasolina-pt-pt-2","20":"first","21":"instock","22":"taxable","23":"shipping-taxable","24":"purchasable","25":"product-type-simple"},"acf":[],"_links":{"self":[{"href":"https:\/\/www.remap101.co.uk\/pt-pt\/wp-json\/wp\/v2\/product\/51066","targetHints":{"allow":["GET"]}}],"collection":[{"href":"https:\/\/www.remap101.co.uk\/pt-pt\/wp-json\/wp\/v2\/product"}],"about":[{"href":"https:\/\/www.remap101.co.uk\/pt-pt\/wp-json\/wp\/v2\/types\/product"}],"replies":[{"embeddable":true,"href":"https:\/\/www.remap101.co.uk\/pt-pt\/wp-json\/wp\/v2\/comments?post=51066"}],"wp:featuredmedia":[{"embeddable":true,"href":"https:\/\/www.remap101.co.uk\/pt-pt\/wp-json\/wp\/v2\/media\/56739"}],"wp:attachment":[{"href":"https:\/\/www.remap101.co.uk\/pt-pt\/wp-json\/wp\/v2\/media?parent=51066"}],"wp:term":[{"taxonomy":"product_brand","embeddable":true,"href":"https:\/\/www.remap101.co.uk\/pt-pt\/wp-json\/wp\/v2\/product_brand?post=51066"},{"taxonomy":"product_cat","embeddable":true,"href":"https:\/\/www.remap101.co.uk\/pt-pt\/wp-json\/wp\/v2\/product_cat?post=51066"},{"taxonomy":"product_tag","embeddable":true,"href":"https:\/\/www.remap101.co.uk\/pt-pt\/wp-json\/wp\/v2\/product_tag?post=51066"}],"curies":[{"name":"wp","href":"https:\/\/api.w.org\/{rel}","templated":true}]}}