{"id":51068,"date":"2022-01-10T18:38:55","date_gmt":"2022-01-10T18:38:55","guid":{"rendered":"https:\/\/www.remap101.co.uk\/product\/evc-winols-diesel-modulo-de-afinacao-6-de-6a\/"},"modified":"2026-01-30T13:42:46","modified_gmt":"2026-01-30T13:42:46","slug":"evc-winols-diesel-tuning-module-6-of-6a","status":"publish","type":"product","link":"https:\/\/www.remap101.co.uk\/pt-pt\/produto\/evc-winols-diesel-tuning-module-6-of-6a\/","title":{"rendered":"VTA1027: M\u00f3dulo de afina\u00e7\u00e3o diesel EVC WinOLS 6 de 6a"},"content":{"rendered":"<h2>VTA1027: EVC WinOLS Forma\u00e7\u00e3o Online em Afina\u00e7\u00e3o de Motores Diesel M\u00f3dulo 6 de 6a<\/h2>\n<p>Esta \u00e9 a 6\u00aa sec\u00e7\u00e3o do curso de forma\u00e7\u00e3o online Viezu Remap101 sobre afina\u00e7\u00e3o e calibra\u00e7\u00e3o de motores diesel com o EVC WinOLS.<\/p>\n<p>A 6\u00aa sec\u00e7\u00e3o est\u00e1 dividida em 2 m\u00f3dulos &#8211; listados abaixo:<\/p>\n<ul>\n<li><strong>EVC WinOLS Diesel Tuning Training Module 6 of 6a (este m\u00f3dulo)<\/strong><\/li>\n<li>EVC WinOLS Diesel Tuning Training Module 6 of 6b (o m\u00f3dulo final deste curso online)<\/li>\n<\/ul>\n<p>O WinOLS \u00e9 um software complexo que pode ser dif\u00edcil de aprender para o novo utilizador. Por isso, os cursos online Viezu Remap101 em WinOLS incluem mais m\u00f3dulos do que os nossos cursos noutras plataformas de software.<\/p>\n<p>No total, h\u00e1 8 m\u00f3dulos neste curso online de afina\u00e7\u00e3o de motores diesel utilizando o WinOLS.<\/p>\n<p>Para tirares o m\u00e1ximo proveito e valor deste curso online, deves fazer os m\u00f3dulos pela ordem correta, em sequ\u00eancia. Isto permite-te desenvolver os teus conhecimentos e compet\u00eancias de uma forma estruturada.<\/p>\n<p>Por conseguinte, ter\u00e1s vantagem em fazer os m\u00f3dulos anteriores deste curso antes de tentares este m\u00f3dulo.<\/p>\n<h3><strong>O que \u00e9 coberto no EVC WinOLS Diesel Tuning Module 6 de 6a:<\/strong><\/h3>\n<ol>\n<li>Como come\u00e7ar a fazer modifica\u00e7\u00f5es no arquivo original<\/li>\n<li>Como desfazer ou reverter as modifica\u00e7\u00f5es para o estado original do arquivo<\/li>\n<li>O m\u00e9todo <strong>A B C<\/strong> para fazer altera\u00e7\u00f5es<\/li>\n<li>&#8216;Bin\u00e1rio de pico&#8217; vs &#8216;Bin\u00e1rio \u00f3timo&#8217;<\/li>\n<li>Modifica\u00e7\u00e3o dos limitadores de bin\u00e1rio<\/li>\n<li>Guardar uma vers\u00e3o com notas<\/li>\n<\/ol>\n<p>O formador deste m\u00f3dulo de forma\u00e7\u00e3o tem vindo a afinar e a remapear com WinOLs h\u00e1 mais de 15 anos e ministrou cursos de escrita de mapas de afina\u00e7\u00e3o e sess\u00f5es de forma\u00e7\u00e3o nos EUA, China, M\u00e9dio Oriente, \u00c1frica do Sul e outros pa\u00edses em todo o mundo. Agora, a partir da tua casa ou da tua empresa, tamb\u00e9m podes aprender em primeira m\u00e3o os conhecimentos de master tuning.<\/p>\n<h3><strong>Acesso vital\u00edcio a cada m\u00f3dulo<\/strong><\/h3>\n<p>Quando compras um m\u00f3dulo, tens acesso vital\u00edcio ao mesmo. Podes v\u00ea-lo e rev\u00ea-lo as vezes que quiseres.<\/p>\n<p>Podes fazer uma pausa e recome\u00e7ar os v\u00eddeos de forma\u00e7\u00e3o. Se precisares de fazer uma pausa, ou se fores interrompido, n\u00e3o h\u00e1 problema &#8211; faz uma pausa no v\u00eddeo e recome\u00e7a quando estiveres pronto. Isto tamb\u00e9m \u00e9 bom para tomares notas e praticares sozinho, para praticares o que acabaste de ver.<\/p>\n<h3><strong>O software WinOLS<\/strong><\/h3>\n<p>N\u00e3o \u00e9 necess\u00e1rio possuir o software WinOLS da EVC para concluir estes cursos de forma\u00e7\u00e3o online WinOLS, no entanto, \u00e9 melhor ter o software no seu pr\u00f3prio computador. Isto significa que podes acompanhar o formador no v\u00eddeo e praticar as t\u00e9cnicas e os procedimentos que te s\u00e3o mostrados.<\/p>\n<p>Se ainda n\u00e3o tens uma vers\u00e3o completa do software de afina\u00e7\u00e3o EVC WinOLS, podes v\u00ea-la e compr\u00e1-la aqui na loja de afina\u00e7\u00e3o Remap 101 &#8211; <a href=\"https:\/\/www.remap101.co.uk\/pt-pt\/categoria-produto\/ferramentas-e-software-de-ajuste-profissional-pt-pt\/\">Software de afina\u00e7\u00e3o.<\/a><\/p>\n","protected":false},"excerpt":{"rendered":"<p>VTA1027: EVC WinOLS Forma\u00e7\u00e3o Online em Afina\u00e7\u00e3o de Motores Diesel M\u00f3dulo 6 de 6a Esta \u00e9 a 6\u00aa sec\u00e7\u00e3o do curso de forma\u00e7\u00e3o online Viezu Remap101 sobre afina\u00e7\u00e3o e calibra\u00e7\u00e3o de motores diesel com o EVC WinOLS. A 6\u00aa sec\u00e7\u00e3o est\u00e1 dividida em 2 m\u00f3dulos &#8211; listados abaixo: EVC WinOLS Diesel Tuning Training Module 6 [&hellip;]<\/p>\n","protected":false},"featured_media":56809,"comment_status":"open","ping_status":"closed","template":"","meta":{"_acf_changed":false},"product_brand":[21146,19675],"product_cat":[24689,24605,24599,24415,24416,24418,24597,24714],"product_tag":[15306,15307,15309],"class_list":{"0":"post-51068","1":"product","2":"type-product","3":"status-publish","4":"has-post-thumbnail","6":"product_brand-evc","7":"product_brand-winols","8":"product_cat-cursos-de-formacao-online-sobre-tuning","9":"product_cat-formacao-diesel-tuning","10":"product_cat-formacao-tuning-por-tipo-de-veiculo","11":"product_cat-formacao-em-tuning-para-todos-os-veiculos","12":"product_cat-treinamento-evc-winols","13":"product_cat-formacao-em-afinacao-eletronica-evc","14":"product_cat-formacao-tuning-por-nivel","15":"product_cat-formacao-em-ajuste-de-software","16":"product_tag-evc-pt-pt","17":"product_tag-evc-winols-pt-pt","18":"product_tag-evc-winols-diesel-pt-pt","20":"first","21":"instock","22":"taxable","23":"shipping-taxable","24":"purchasable","25":"product-type-simple"},"acf":[],"_links":{"self":[{"href":"https:\/\/www.remap101.co.uk\/pt-pt\/wp-json\/wp\/v2\/product\/51068","targetHints":{"allow":["GET"]}}],"collection":[{"href":"https:\/\/www.remap101.co.uk\/pt-pt\/wp-json\/wp\/v2\/product"}],"about":[{"href":"https:\/\/www.remap101.co.uk\/pt-pt\/wp-json\/wp\/v2\/types\/product"}],"replies":[{"embeddable":true,"href":"https:\/\/www.remap101.co.uk\/pt-pt\/wp-json\/wp\/v2\/comments?post=51068"}],"wp:featuredmedia":[{"embeddable":true,"href":"https:\/\/www.remap101.co.uk\/pt-pt\/wp-json\/wp\/v2\/media\/56809"}],"wp:attachment":[{"href":"https:\/\/www.remap101.co.uk\/pt-pt\/wp-json\/wp\/v2\/media?parent=51068"}],"wp:term":[{"taxonomy":"product_brand","embeddable":true,"href":"https:\/\/www.remap101.co.uk\/pt-pt\/wp-json\/wp\/v2\/product_brand?post=51068"},{"taxonomy":"product_cat","embeddable":true,"href":"https:\/\/www.remap101.co.uk\/pt-pt\/wp-json\/wp\/v2\/product_cat?post=51068"},{"taxonomy":"product_tag","embeddable":true,"href":"https:\/\/www.remap101.co.uk\/pt-pt\/wp-json\/wp\/v2\/product_tag?post=51068"}],"curies":[{"name":"wp","href":"https:\/\/api.w.org\/{rel}","templated":true}]}}