{"id":51085,"date":"2022-01-05T13:49:41","date_gmt":"2022-01-05T13:49:41","guid":{"rendered":"https:\/\/www.remap101.co.uk\/product\/ecm-titanium-gasolina-tuning-training-modulo-3-de-6\/"},"modified":"2026-01-07T12:37:34","modified_gmt":"2026-01-07T12:37:34","slug":"ecm-titanium-gasoline-tuning-training-module-3-of-6","status":"publish","type":"product","link":"https:\/\/www.remap101.co.uk\/pt-pt\/produto\/ecm-titanium-gasoline-tuning-training-module-3-of-6\/","title":{"rendered":"VTA1025: Alientech ECM Titanium Gasolina &#8211; M\u00f3dulo 3 de 6"},"content":{"rendered":"<h2>Alientech ECM Titanium Gasolina &#8211; M\u00f3dulo 3 de 6<\/h2>\n<p>ECM Titanium Gasoline Tuning Training o que \u00e9 coberto:<\/p>\n<ul>\n<li><span style=\"font-family: var(--global-body-font-family);\">Como abordar a afina\u00e7\u00e3o da gasolina em diferentes tipos de ve\u00edculos e como transferir a l\u00f3gica das li\u00e7\u00f5es anteriores e aplic\u00e1-las a esta li\u00e7\u00e3o.<\/span><\/li>\n<li style=\"list-style-type: none;\">\n<ul>\n<li>\n<ul>\n<li>Qual configura\u00e7\u00e3o o fabricante do ve\u00edculo aplica para o ve\u00edculo a gasolina<\/li>\n<\/ul>\n<\/li>\n<li>Investiga\u00e7\u00e3o de ficheiros\n<ul>\n<li>Que mapas-chave verificar<\/li>\n<li>O que fazem estes mapas-chave e que efeito t\u00eam no ve\u00edculo<\/li>\n<li>Os benef\u00edcios de compreender estes mapas-chave e,<\/li>\n<li>As potenciais melhorias dispon\u00edveis<\/li>\n<li>Como identificar um aumento seguro e confi\u00e1vel para ve\u00edculos Turbo a gasolina<\/li>\n<\/ul>\n<\/li>\n<li>E, portanto, na sequ\u00eancia da investiga\u00e7\u00e3o, fazer as altera\u00e7\u00f5es nos Limitadores Request e Turbo para desbloquear o impulso extra que o ve\u00edculo pode fazer com seguran\u00e7a.<\/li>\n<\/ul>\n<\/li>\n<\/ul>\n<p>Este m\u00f3dulo \u00e9 a 3\u00aa sess\u00e3o de uma s\u00e9rie de 6 sess\u00f5es online de Treinamento de Tuning de Gasolina Titanium ECM da Alientech. Por isso, os 6 M\u00f3dulos devem ser tomados em ordem consecutiva para que voc\u00ea obtenha o m\u00e1ximo benef\u00edcio e conhecimento. Portanto, cada sess\u00e3o de treinamento ir\u00e1 construir sobre o seu conhecimento do curso anterior. Como tal, mesmo, se voc\u00ea j\u00e1 estiver usando o Alientech ECM Titanium Software. Sugerimos come\u00e7ar com a aula introdut\u00f3ria para garantir que voc\u00ea possa seguir confortavelmente a l\u00f3gica e a estrutura das aulas.    <\/p>\n<h3><strong>Software de ajuste de ECM da Alientech  <\/strong><\/h3>\n<p>Em teoria, n\u00e3o precisas de ter comprado o software de afina\u00e7\u00e3o Alientech ECM para fazer este curso de forma\u00e7\u00e3o. No entanto, para uma melhor experi\u00eancia de aprendizagem e para garantir que obt\u00e9ns o melhor impacto dos cursos de forma\u00e7\u00e3o Remap 101. Aconselhamos-te mesmo a fazeres a forma\u00e7\u00e3o com o software \u00e0 m\u00e3o.  <\/p>\n<p>Se tiveres o software ECM, poder\u00e1s seguir ativamente a forma\u00e7\u00e3o. E, portanto, participa nos exerc\u00edcios durante e ap\u00f3s a forma\u00e7\u00e3o. Na nossa experi\u00eancia, a forma\u00e7\u00e3o refor\u00e7a e cria uma base de conhecimentos muito melhor com o software utilizado em conjunto com o curso. <\/p>\n<p>A Remap 101 tem em stock, fornece e treina praticamente todas as ferramentas e software de afina\u00e7\u00e3o. Podes ver a ferramenta de afina\u00e7\u00e3o e a loja de software aqui: <a href=\"https:\/\/www.remap101.co.uk\/pt-pt\/categoria-produto\/ferramentas-e-software-de-ajuste-profissional-pt-pt\/\">Shop<\/a><\/p>\n","protected":false},"excerpt":{"rendered":"<h2>Alientech ECM Titanium Gasolina &#8211; M\u00f3dulo 3 de 6<\/h2>\n","protected":false},"featured_media":56669,"comment_status":"open","ping_status":"closed","template":"","meta":{"_acf_changed":false},"product_brand":[19674,19679],"product_cat":[24689,24430,24606,24415,24596,14859,24714],"product_tag":[15298,15299,15300,15302],"class_list":{"0":"post-51085","1":"product","2":"type-product","3":"status-publish","4":"has-post-thumbnail","6":"product_brand-alientech","7":"product_brand-ecm-titanium","8":"product_cat-cursos-de-formacao-online-sobre-tuning","9":"product_cat-formacao-ecm-titanium-pt-pt","10":"product_cat-formacao-em-tuning-gasolina-gasolina","11":"product_cat-formacao-em-tuning-para-todos-os-veiculos","12":"product_cat-formacao-sobre-o-brand-tuning","13":"product_cat-alientech-pt-pt","14":"product_cat-formacao-em-ajuste-de-software","15":"product_tag-ecm-pt-pt","16":"product_tag-ecm-titanium-pt-pt","17":"product_tag-gasolina-pt-pt","18":"product_tag-gasolina-pt-pt-2","20":"first","21":"instock","22":"taxable","23":"shipping-taxable","24":"product-type-simple"},"acf":[],"_links":{"self":[{"href":"https:\/\/www.remap101.co.uk\/pt-pt\/wp-json\/wp\/v2\/product\/51085","targetHints":{"allow":["GET"]}}],"collection":[{"href":"https:\/\/www.remap101.co.uk\/pt-pt\/wp-json\/wp\/v2\/product"}],"about":[{"href":"https:\/\/www.remap101.co.uk\/pt-pt\/wp-json\/wp\/v2\/types\/product"}],"replies":[{"embeddable":true,"href":"https:\/\/www.remap101.co.uk\/pt-pt\/wp-json\/wp\/v2\/comments?post=51085"}],"wp:featuredmedia":[{"embeddable":true,"href":"https:\/\/www.remap101.co.uk\/pt-pt\/wp-json\/wp\/v2\/media\/56669"}],"wp:attachment":[{"href":"https:\/\/www.remap101.co.uk\/pt-pt\/wp-json\/wp\/v2\/media?parent=51085"}],"wp:term":[{"taxonomy":"product_brand","embeddable":true,"href":"https:\/\/www.remap101.co.uk\/pt-pt\/wp-json\/wp\/v2\/product_brand?post=51085"},{"taxonomy":"product_cat","embeddable":true,"href":"https:\/\/www.remap101.co.uk\/pt-pt\/wp-json\/wp\/v2\/product_cat?post=51085"},{"taxonomy":"product_tag","embeddable":true,"href":"https:\/\/www.remap101.co.uk\/pt-pt\/wp-json\/wp\/v2\/product_tag?post=51085"}],"curies":[{"name":"wp","href":"https:\/\/api.w.org\/{rel}","templated":true}]}}