{"id":51092,"date":"2021-12-24T11:44:37","date_gmt":"2021-12-24T11:44:37","guid":{"rendered":"https:\/\/www.remap101.co.uk\/product\/ecm-titanium-gasolina-tuning-training-modulo-2-de-6\/"},"modified":"2025-12-08T06:41:12","modified_gmt":"2025-12-08T06:41:12","slug":"ecm-titanium-gasoline-tuning-module-2-of-6","status":"publish","type":"product","link":"https:\/\/www.remap101.co.uk\/pt-pt\/produto\/ecm-titanium-gasoline-tuning-module-2-of-6\/","title":{"rendered":"VTA1024: ECM Titanium Gasoline Tuning Module 2 de 6"},"content":{"rendered":"<h2>ECM Titanium Gasoline Tuning Online Training Module 2 de 6<\/h2>\n<p>ECM Titanium Gasoline Tuning Online Training o que \u00e9 coberto:<\/p>\n<ul>\n<li>Na sequ\u00eancia da investiga\u00e7\u00e3o, fazendo as altera\u00e7\u00f5es ao pedido e Turbo Limiters para desbloquear a press\u00e3o de impulso extra<\/li>\n<li>O que \u00e9 o Lambda e como fazer altera\u00e7\u00f5es e converter o valor do Lambda em AFR<\/li>\n<li>O que \u00e9 o Wastegate e como fazer altera\u00e7\u00f5es nele<\/li>\n<li>Ajustando mapas de fa\u00edsca em um turbo a gasolina<\/li>\n<\/ul>\n<p>Este m\u00f3dulo na 2\u00aa sess\u00e3o de uma s\u00e9rie de 6 sess\u00f5es online Alientech ECM Titanium Gasoline Tuning Training. Este conjunto de 6 cursos de forma\u00e7\u00e3o introdut\u00f3ria deve realmente ser realizado na sequ\u00eancia pretendida pelo Formador, ou seja, de 1 a 6. Como cada sess\u00e3o de forma\u00e7\u00e3o ir\u00e1 desenvolver a forma\u00e7\u00e3o e t\u00f3picos do curso anterior; como tal, mesmo que voc\u00ea j\u00e1 esteja usando o software Alientech ECM. Sugerimos come\u00e7ar com uma aula de introdu\u00e7\u00e3o. Desta forma, n\u00e3o h\u00e1 lacunas no seu conhecimento e, portanto, os seguintes cursos fluem juntos e fazem sentido.    <\/p>\n<h3><strong>Software de ajuste de ECM da Alientech  <\/strong><\/h3>\n<p>N\u00e3o precisas de ter o software de afina\u00e7\u00e3o Alientech ECM para fazer os cursos de forma\u00e7\u00e3o. No entanto, para uma melhor experi\u00eancia de aprendizagem e tamb\u00e9m para garantir que obt\u00e9ns o melhor impacto dos cursos de forma\u00e7\u00e3o Remap 101. Aconselhamos-te mesmo a fazeres a forma\u00e7\u00e3o com o software ECM.  <\/p>\n<p>Se tiveres o software ECM, poder\u00e1s seguir ativamente a forma\u00e7\u00e3o e participar nos exerc\u00edcios durante e ap\u00f3s a forma\u00e7\u00e3o. Na nossa experi\u00eancia, a forma\u00e7\u00e3o \u00e9 refor\u00e7ada e cria uma base de conhecimentos muito melhor se o software for utilizado em conjunto com o curso de forma\u00e7\u00e3o. <\/p>\n<p>A Remap 101 tem em stock, fornece e treina praticamente todas as ferramentas de afina\u00e7\u00e3o e software &#8211; podes ver a loja de ferramentas de afina\u00e7\u00e3o e software aqui: <a href=\"https:\/\/www.remap101.co.uk\/pt-pt\/categoria-produto\/ferramentas-e-software-de-ajuste-profissional-pt-pt\/\">Loja <\/a> <\/p>\n<p>E se n\u00e3o tiveres a certeza de quais as ferramentas ou o software de que necessitas, a equipa de apoio t\u00e9cnico ter\u00e1 todo o prazer em aconselhar-te.<\/p>\n","protected":false},"excerpt":{"rendered":"<h2>ECM Titanium Gasoline\/Petrol Tuning Online Training Module 2 de 6<\/h2>\n<p>ECM Titanium Gasoline Tuning Training o que \u00e9 coberto:<\/p>\n<ul>\n<li>Na sequ\u00eancia da investiga\u00e7\u00e3o, fazendo as altera\u00e7\u00f5es ao pedido e Turbo Limiters para desbloquear o impulso extra que o ve\u00edculo pode fazer com seguran\u00e7a<\/li>\n<li>O que \u00e9 o Lambda e como fazer altera\u00e7\u00f5es e converter o valor do Lambda em AFR<\/li>\n<li>O que \u00e9 o Wastegate e como fazer altera\u00e7\u00f5es nele<\/li>\n<li>Ajustando mapas de fa\u00edsca em um turbo a gasolina<\/li>\n<\/ul>\n","protected":false},"featured_media":36980,"comment_status":"open","ping_status":"closed","template":"","meta":{"_acf_changed":false},"product_brand":[19674,19679],"product_cat":[24689,24430,24606,24415,24596,14859,24714],"product_tag":[15298,15299,15300,15302],"class_list":{"0":"post-51092","1":"product","2":"type-product","3":"status-publish","4":"has-post-thumbnail","6":"product_brand-alientech","7":"product_brand-ecm-titanium","8":"product_cat-cursos-de-formacao-online-sobre-tuning","9":"product_cat-formacao-ecm-titanium-pt-pt","10":"product_cat-formacao-em-tuning-gasolina-gasolina","11":"product_cat-formacao-em-tuning-para-todos-os-veiculos","12":"product_cat-formacao-sobre-o-brand-tuning","13":"product_cat-alientech-pt-pt","14":"product_cat-formacao-em-ajuste-de-software","15":"product_tag-ecm-pt-pt","16":"product_tag-ecm-titanium-pt-pt","17":"product_tag-gasolina-pt-pt","18":"product_tag-gasolina-pt-pt-2","20":"first","21":"instock","22":"taxable","23":"shipping-taxable","24":"purchasable","25":"product-type-simple"},"acf":[],"_links":{"self":[{"href":"https:\/\/www.remap101.co.uk\/pt-pt\/wp-json\/wp\/v2\/product\/51092","targetHints":{"allow":["GET"]}}],"collection":[{"href":"https:\/\/www.remap101.co.uk\/pt-pt\/wp-json\/wp\/v2\/product"}],"about":[{"href":"https:\/\/www.remap101.co.uk\/pt-pt\/wp-json\/wp\/v2\/types\/product"}],"replies":[{"embeddable":true,"href":"https:\/\/www.remap101.co.uk\/pt-pt\/wp-json\/wp\/v2\/comments?post=51092"}],"wp:featuredmedia":[{"embeddable":true,"href":"https:\/\/www.remap101.co.uk\/pt-pt\/wp-json\/wp\/v2\/media\/36980"}],"wp:attachment":[{"href":"https:\/\/www.remap101.co.uk\/pt-pt\/wp-json\/wp\/v2\/media?parent=51092"}],"wp:term":[{"taxonomy":"product_brand","embeddable":true,"href":"https:\/\/www.remap101.co.uk\/pt-pt\/wp-json\/wp\/v2\/product_brand?post=51092"},{"taxonomy":"product_cat","embeddable":true,"href":"https:\/\/www.remap101.co.uk\/pt-pt\/wp-json\/wp\/v2\/product_cat?post=51092"},{"taxonomy":"product_tag","embeddable":true,"href":"https:\/\/www.remap101.co.uk\/pt-pt\/wp-json\/wp\/v2\/product_tag?post=51092"}],"curies":[{"name":"wp","href":"https:\/\/api.w.org\/{rel}","templated":true}]}}