{"id":51100,"date":"2021-12-22T13:30:09","date_gmt":"2021-12-22T13:30:09","guid":{"rendered":"https:\/\/www.remap101.co.uk\/product\/ecm-titanium-gasolina-tuning-training-modulo-1-de-6\/"},"modified":"2025-12-08T06:41:02","modified_gmt":"2025-12-08T06:41:02","slug":"ecm-titanium-gasoline-tuning-training-module-1-of-6","status":"publish","type":"product","link":"https:\/\/www.remap101.co.uk\/pt-pt\/produto\/ecm-titanium-gasoline-tuning-training-module-1-of-6\/","title":{"rendered":"VTA1023: Alientech ECM Titanium Gasolina &#8211; M\u00f3dulo 1 de 6"},"content":{"rendered":"<h3><strong>Alientech ECM Titanium Gasolina Tuning Online M\u00f3dulo 1 de 6<\/strong><\/h3>\n<p>Forma\u00e7\u00e3o ECM Titanium Gasoline Tuning, este \u00e9 o primeiro de seis cursos online de forma\u00e7\u00e3o ECM da Alientech. Nesta sess\u00e3o vamos apresentar-te o software ECM para afina\u00e7\u00e3o de gasolina e gasolina. <\/p>\n<p>Os tutores apresentados neste curso online Alientech ECM Titanium Gasoline Tuning Training t\u00eam estado a afinar durante muitos anos. Oferece suporte a sintonizadores em todo o mundo com grandes redes de revendedores e instala\u00e7\u00f5es. Al\u00e9m disso, organiza semin\u00e1rios de forma\u00e7\u00e3o de afina\u00e7\u00e3o em todo o mundo. Aprende com estes afinadores muito experientes, oferecendo dicas do of\u00edcio que s\u00f3 os especialistas conhecem e poucos partilham.   <\/p>\n<p>Este \u00e9 um m\u00f3dulo de forma\u00e7\u00e3o completo. Reserva 1 hora para fazeres este curso e o teste associado ao mesmo.<\/p>\n<p>Atrav\u00e9s da s\u00e9rie de 6 cursos de afina\u00e7\u00e3o online, aprender\u00e1s a carregar ficheiros de software originais, a identificar os mapas. E faz altera\u00e7\u00f5es no ficheiro de software para obteres resultados excelentes de afina\u00e7\u00e3o. Oferece pot\u00eancia, desempenho e ficheiros de afina\u00e7\u00e3o personalizados.  <\/p>\n<p>As sess\u00f5es de forma\u00e7\u00e3o online do Alientech ECM Titanium Gasoline Tuning Training devem ser feitas por ordem, de 1 a 6. Cada m\u00f3dulo de forma\u00e7\u00e3o baseia-se no conhecimento do \u00faltimo curso. Por isso, mesmo que j\u00e1 tenhas utilizado o software de afina\u00e7\u00e3o ECM no passado. \u00c9 aconselh\u00e1vel come\u00e7ar com a primeira sess\u00e3o, para que n\u00e3o haja lacunas na tua forma\u00e7\u00e3o. E cada curso faz sentido quando faz refer\u00eancia \u00e0s informa\u00e7\u00f5es das sess\u00f5es de forma\u00e7\u00e3o anteriores.    <\/p>\n<h3><strong>Mas espere, fica melhor&#8230;.<\/strong><\/h3>\n<p>Cada sess\u00e3o de treino pode ser assistida v\u00e1rias vezes. Como tal, uma das grandes coisas sobre o treinamento on-line \u00e9 se voc\u00ea n\u00e3o entendeu bem algo. Voc\u00ea pode assisti-lo novamente, e de novo e de novo at\u00e9 domin\u00e1-lo. E voc\u00ea tamb\u00e9m pode pausar e reiniciar. Da\u00ed dar-lhe tempo para tomar notas, ou mesmo praticar o que acabou de ver    <\/p>\n<h3><strong>Software de ajuste de ECM da Alientech  <\/strong><\/h3>\n<p>N\u00e3o \u00e9 necess\u00e1rio operar ou possuir o software de afina\u00e7\u00e3o ECM da Alientech para participar nestes cursos de forma\u00e7\u00e3o ECM online. No entanto, queremos que tenhas a melhor experi\u00eancia de aprendizagem poss\u00edvel. E tamb\u00e9m que tires o m\u00e1ximo partido da forma\u00e7\u00e3o. Para isso, \u00e9 necess\u00e1rio que tenhas o software aberto e instalado contigo. Isto n\u00e3o s\u00f3 garante que podes acompanhar a forma\u00e7\u00e3o, mas tamb\u00e9m, e muito importante, que podes praticar o que viste e aprendeste. E, como tal, refor\u00e7a a aprendizagem enquanto esta ainda est\u00e1 fresca.     <\/p>\n<p>A Remap 101 tem em stock, fornece e treina praticamente todas as ferramentas e software de tuning &#8211; podes ver a loja de ferramentas e software aqui: <a href=\"https:\/\/www.remap101.co.uk\/pt-pt\/categoria-produto\/ferramentas-e-software-de-ajuste-profissional-pt-pt\/\">Loja<\/a><\/p>\n","protected":false},"excerpt":{"rendered":"<h3><strong>Alientech ECM Titanium Gasolina Tuning Online M\u00f3dulo 1 de 6<\/strong><\/h3>\n<p>Forma\u00e7\u00e3o ECM Titanium Gasoline Tuning, este \u00e9 o primeiro de seis cursos online de forma\u00e7\u00e3o ECM da Alientech. Nesta sess\u00e3o vamos apresentar-te o software ECM para afina\u00e7\u00e3o de gasolina e gasolina. <\/p>\n<p>Atrav\u00e9s da s\u00e9rie de 6 cursos de afina\u00e7\u00e3o online, aprender\u00e1s a carregar ficheiros de software originais, a identificar os mapas. E faz altera\u00e7\u00f5es no ficheiro de software para obteres resultados excelentes de afina\u00e7\u00e3o. Oferece pot\u00eancia, desempenho e ficheiros de afina\u00e7\u00e3o personalizados.  <\/p>\n","protected":false},"featured_media":56609,"comment_status":"open","ping_status":"closed","template":"","meta":{"_acf_changed":false},"product_brand":[19674,19679],"product_cat":[24689,24430,24606,24415,24596,14859,24714],"product_tag":[15338,15250,15298,15299,15337],"class_list":{"0":"post-51100","1":"product","2":"type-product","3":"status-publish","4":"has-post-thumbnail","6":"product_brand-alientech","7":"product_brand-ecm-titanium","8":"product_cat-cursos-de-formacao-online-sobre-tuning","9":"product_cat-formacao-ecm-titanium-pt-pt","10":"product_cat-formacao-em-tuning-gasolina-gasolina","11":"product_cat-formacao-em-tuning-para-todos-os-veiculos","12":"product_cat-formacao-sobre-o-brand-tuning","13":"product_cat-alientech-pt-pt","14":"product_cat-formacao-em-ajuste-de-software","15":"product_tag-alient-pt-pt","16":"product_tag-alientech-ecm-titanium-software-pt-pt","17":"product_tag-ecm-pt-pt","18":"product_tag-ecm-titanium-pt-pt","19":"product_tag-treinamento-alientech-ecm-titanium","21":"first","22":"instock","23":"taxable","24":"shipping-taxable","25":"purchasable","26":"product-type-simple"},"acf":[],"_links":{"self":[{"href":"https:\/\/www.remap101.co.uk\/pt-pt\/wp-json\/wp\/v2\/product\/51100","targetHints":{"allow":["GET"]}}],"collection":[{"href":"https:\/\/www.remap101.co.uk\/pt-pt\/wp-json\/wp\/v2\/product"}],"about":[{"href":"https:\/\/www.remap101.co.uk\/pt-pt\/wp-json\/wp\/v2\/types\/product"}],"replies":[{"embeddable":true,"href":"https:\/\/www.remap101.co.uk\/pt-pt\/wp-json\/wp\/v2\/comments?post=51100"}],"wp:featuredmedia":[{"embeddable":true,"href":"https:\/\/www.remap101.co.uk\/pt-pt\/wp-json\/wp\/v2\/media\/56609"}],"wp:attachment":[{"href":"https:\/\/www.remap101.co.uk\/pt-pt\/wp-json\/wp\/v2\/media?parent=51100"}],"wp:term":[{"taxonomy":"product_brand","embeddable":true,"href":"https:\/\/www.remap101.co.uk\/pt-pt\/wp-json\/wp\/v2\/product_brand?post=51100"},{"taxonomy":"product_cat","embeddable":true,"href":"https:\/\/www.remap101.co.uk\/pt-pt\/wp-json\/wp\/v2\/product_cat?post=51100"},{"taxonomy":"product_tag","embeddable":true,"href":"https:\/\/www.remap101.co.uk\/pt-pt\/wp-json\/wp\/v2\/product_tag?post=51100"}],"curies":[{"name":"wp","href":"https:\/\/api.w.org\/{rel}","templated":true}]}}