{"id":51140,"date":"2021-12-13T14:39:42","date_gmt":"2021-12-13T14:39:42","guid":{"rendered":"https:\/\/www.remap101.co.uk\/product\/treinamento-alientech-ecm-titanium-diesel-modulo-1-de-4\/"},"modified":"2025-12-08T06:40:11","modified_gmt":"2025-12-08T06:40:11","slug":"alientech-ecm-titanium-diesel-training-module-1-of-4","status":"publish","type":"product","link":"https:\/\/www.remap101.co.uk\/pt-pt\/produto\/alientech-ecm-titanium-diesel-training-module-1-of-4\/","title":{"rendered":"VTA1018: Alientech E CM Titanium Diesel &#8211; M\u00f3dulo 1 de 4"},"content":{"rendered":"<h3><strong>Alientech ECM Titanium Diesel Training-M\u00f3dulo 1 de 4<\/strong><\/h3>\n<p>Alientech ECM Titanium Diesel Training parte 1 de 4 cursos de software ECM Titanium focados na afina\u00e7\u00e3o de motores Diesel. Este \u00e9 o primeiro de 4 cursos de forma\u00e7\u00e3o de afina\u00e7\u00e3o Diesel. Leva-te passo a passo atrav\u00e9s da utiliza\u00e7\u00e3o do software ECM para criar ficheiros de afina\u00e7\u00e3o de remap personalizados e \u00e0 medida. Aprende a encontrar e a identificar mapas de afina\u00e7\u00e3o, a utilizar e a reutilizar ficheiros de afina\u00e7\u00e3o que tenhas criado. O que alterar e em que medida dentro do software para desenvolver ficheiros de afina\u00e7\u00e3o e software que fornecem ficheiros de afina\u00e7\u00e3o fortes e fi\u00e1veis.    <\/p>\n<p>Este \u00e9 um m\u00f3dulo de forma\u00e7\u00e3o completo. Reserva 1 hora para fazeres este curso e o teste associado ao mesmo<\/p>\n<p>Os t\u00f3picos principais incluem como abordar a afina\u00e7\u00e3o de motores diesel, como identificar mapas de bin\u00e1rio e limitadores. Aprender\u00e1s tamb\u00e9m a import\u00e2ncia destes e como abordar o teu projeto de afina\u00e7\u00e3o. <\/p>\n<p>Este curso cont\u00e9m 4 li\u00e7\u00f5es, materiais adicionais do curso e um teste de conhecimentos no final de cada li\u00e7\u00e3o. Com a nota de aprova\u00e7\u00e3o adequada &#8211; podes descarregar o teu Certificado de Conclus\u00e3o com sucesso. <\/p>\n<p>Aprende diretamente com um profissional de tuning que passou 15 anos a trabalhar com o software ECM. E afina carros com as m\u00e3os e apoia muitas centenas de clientes profissionais em todo o mundo. A Viezu organiza semin\u00e1rios internacionais de forma\u00e7\u00e3o e afina\u00e7\u00e3o em locais importantes do mundo. E agora podes, pela primeira vez, aceder a este conhecimento interno no conforto da tua casa.   <\/p>\n<p>Aprende sobre as vers\u00f5es do ECM Titanium e ganha conhecimento para determinar qual \u00e9 a melhor vers\u00e3o para ti e para as necessidades do teu neg\u00f3cio. Para que possas entrar nos detalhes de como instalar e registar o teu Alientech ECM Titanium Software. Al\u00e9m disso, aprende sobre os IDs da Alientech e como acessar o Banco de Dados da Alientech com o seu software ECM Titanium genu\u00edno.  <\/p>\n<h3><strong>Mas espere, fica melhor&#8230;.<\/strong><\/h3>\n<p>Cada sess\u00e3o de treino pode ser assistida v\u00e1rias vezes. Como tal, uma das grandes coisas sobre o treinamento on-line \u00e9 se voc\u00ea n\u00e3o entendeu bem algo. Voc\u00ea pode assisti-lo novamente, e de novo e de novo at\u00e9 domin\u00e1-lo. E voc\u00ea tamb\u00e9m pode pausar e reiniciar. Da\u00ed dar-lhe tempo para tomar notas, ou mesmo praticar o que acabou de ver    <\/p>\n<h3><strong>Alientech ECM Titanium Software<\/strong><\/h3>\n<p>Este curso de treinamento \u00e9 melhor feito com o software Alientech ECM aberto e instalado no seu PC. Se voc\u00ea j\u00e1 tem o software voc\u00ea ser\u00e1 capaz de n\u00e3o s\u00f3 seguir o treinamento. Mas tamb\u00e9m participe ativamente e pratique o que aprendeu durante e ap\u00f3s a sess\u00e3o de treinamento. Por isso, se voc\u00ea ainda n\u00e3o tem o seu software Alientech ECM, voc\u00ea pode encontrar as 3 vers\u00f5es e op\u00e7\u00f5es diferentes aqui em nossa loja: <a href=\"https:\/\/www.remap101.co.uk\/pt-pt\/categoria-produto\/ferramentas-e-software-de-ajuste-profissional-pt-pt\/\">Alientech ECM<\/a>   <\/p>\n","protected":false},"excerpt":{"rendered":"<p>Este \u00e9 o primeiro de 4 cursos de forma\u00e7\u00e3o em afina\u00e7\u00e3o Diesel. Levando-o passo a passo atrav\u00e9s do uso do software ECM para criar arquivos de ajuste de remapeamento personalizados e personalizados. Saiba como encontrar e identificar mapas, usar e reutilizar arquivos de ajuste que voc\u00ea criou. O que mudar e por quanto dentro do software para desenvolver arquivos de ajuste e software que entregam arquivos de ajuste fortes e confi\u00e1veis.   <\/p>\n","protected":false},"featured_media":56419,"comment_status":"open","ping_status":"closed","template":"","meta":{"_acf_changed":false},"product_brand":[19674],"product_cat":[24689,24605,24430,24415,24596,14859,24714],"product_tag":[15351,15358,15337],"class_list":{"0":"post-51140","1":"product","2":"type-product","3":"status-publish","4":"has-post-thumbnail","6":"product_brand-alientech","7":"product_cat-cursos-de-formacao-online-sobre-tuning","8":"product_cat-formacao-diesel-tuning","9":"product_cat-formacao-ecm-titanium-pt-pt","10":"product_cat-formacao-em-tuning-para-todos-os-veiculos","11":"product_cat-formacao-sobre-o-brand-tuning","12":"product_cat-alientech-pt-pt","13":"product_cat-formacao-em-ajuste-de-software","14":"product_tag-ecm-diesel-pt-pt","15":"product_tag-gasoleo","16":"product_tag-treinamento-alientech-ecm-titanium","18":"first","19":"instock","20":"taxable","21":"shipping-taxable","22":"purchasable","23":"product-type-course"},"acf":[],"_links":{"self":[{"href":"https:\/\/www.remap101.co.uk\/pt-pt\/wp-json\/wp\/v2\/product\/51140","targetHints":{"allow":["GET"]}}],"collection":[{"href":"https:\/\/www.remap101.co.uk\/pt-pt\/wp-json\/wp\/v2\/product"}],"about":[{"href":"https:\/\/www.remap101.co.uk\/pt-pt\/wp-json\/wp\/v2\/types\/product"}],"replies":[{"embeddable":true,"href":"https:\/\/www.remap101.co.uk\/pt-pt\/wp-json\/wp\/v2\/comments?post=51140"}],"wp:featuredmedia":[{"embeddable":true,"href":"https:\/\/www.remap101.co.uk\/pt-pt\/wp-json\/wp\/v2\/media\/56419"}],"wp:attachment":[{"href":"https:\/\/www.remap101.co.uk\/pt-pt\/wp-json\/wp\/v2\/media?parent=51140"}],"wp:term":[{"taxonomy":"product_brand","embeddable":true,"href":"https:\/\/www.remap101.co.uk\/pt-pt\/wp-json\/wp\/v2\/product_brand?post=51140"},{"taxonomy":"product_cat","embeddable":true,"href":"https:\/\/www.remap101.co.uk\/pt-pt\/wp-json\/wp\/v2\/product_cat?post=51140"},{"taxonomy":"product_tag","embeddable":true,"href":"https:\/\/www.remap101.co.uk\/pt-pt\/wp-json\/wp\/v2\/product_tag?post=51140"}],"curies":[{"name":"wp","href":"https:\/\/api.w.org\/{rel}","templated":true}]}}