{"id":51148,"date":"2021-11-20T13:44:01","date_gmt":"2021-11-20T13:44:01","guid":{"rendered":"https:\/\/www.remap101.co.uk\/product\/evc-winols-diesel-tuning-online-modulo-4-de-6b\/"},"modified":"2026-01-30T13:16:36","modified_gmt":"2026-01-30T13:16:36","slug":"evc-winols-diesel-tuning-online-module-4-of-6b","status":"publish","type":"product","link":"https:\/\/www.remap101.co.uk\/pt-pt\/produto\/evc-winols-diesel-tuning-online-module-4-of-6b\/","title":{"rendered":"VTA1017: M\u00f3dulo de afina\u00e7\u00e3o diesel EVC WinOLS 4 de 6b"},"content":{"rendered":"<h2>VTA1017: Curso Online de Afina\u00e7\u00e3o de ECUs Diesel EVC WinOLS &#8211; M\u00f3dulo 4 de 6b<\/h2>\n<p>Esta \u00e9 a 4\u00aa sec\u00e7\u00e3o do curso de forma\u00e7\u00e3o online Viezu Remap101 WinOLS Diesel Tuning.<\/p>\n<p>A 4\u00aa sec\u00e7\u00e3o est\u00e1 dividida em 2 m\u00f3dulos, a seguir indicados:<\/p>\n<ul>\n<li><span style=\"font-family: var(--global-body-font-family);\">EVC WinOLS Diesel Tuning Online M\u00f3dulo 4 de 6a<\/span><\/li>\n<li><strong>EVC WinOLS Diesel Tuning Online M\u00f3dulo 4 de 6b (este m\u00f3dulo)<\/strong><\/li>\n<\/ul>\n<p>&nbsp;<\/p>\n<p>Deves dispor de 4 horas para completar estes 2 m\u00f3dulos.<\/p>\n<p>No final desta sec\u00e7\u00e3o do curso, ter\u00e1s conhecimentos sobre o desenvolvimento de Pacotes de Mapas.<\/p>\n<p>Estes m\u00f3dulos incluem conhecimentos detalhados sobre a Gest\u00e3o de Dados de Mapas. Aprender\u00e1s a identificar, rotular e converter dados em formatos adequados para posterior manipula\u00e7\u00e3o na afina\u00e7\u00e3o de ve\u00edculos &#8211; essencialmente, transformar&#8221;dados&#8221; em&#8221;informa\u00e7\u00e3o&#8221;. Isto envolver\u00e1 algum trabalho quantitativo &#8211; por isso, fornecemos materiais de curso adicionais para complementar o teu estudo.<\/p>\n<p>Para tirares o m\u00e1ximo proveito e valor destes cursos em linha, deves fazer os m\u00f3dulos em sequ\u00eancia. Isto permitir-te-\u00e1 desenvolver os teus conhecimentos e compet\u00eancias de uma forma l\u00f3gica e estruturada. Cada m\u00f3dulo baseia-se nos conhecimentos do m\u00f3dulo anterior.<\/p>\n<p>Este curso de forma\u00e7\u00e3o online Viezu Remap101 cont\u00e9m um total de 8 m\u00f3dulos sobre a utiliza\u00e7\u00e3o do WinOLS para a afina\u00e7\u00e3o e calibra\u00e7\u00e3o da ECU diesel.<\/p>\n<p>O software WinOLS \u00e9 poderoso mas pode ser dif\u00edcil de aprender &#8211; a interface do utilizador \u00e9 uma &#8220;tela em branco&#8221;. Por isso, os nossos cursos de forma\u00e7\u00e3o WinOLS incluem mais m\u00f3dulos do que os nossos cursos de forma\u00e7\u00e3o para outros pacotes de software.<\/p>\n<p>&nbsp;<\/p>\n<h3>Software EVC WinOLS 5<\/h3>\n<p>Ter\u00e1s uma melhor experi\u00eancia de aprendizagem neste curso online se tiveres o software WinOLS a correr no teu pr\u00f3prio PC enquanto segues o curso. Desta forma, podes praticar o que acabaste de aprender no v\u00eddeo. Podes seguir o que o formador te mostra, \u00e0 medida que vais avan\u00e7ando. Esta \u00e9 uma aprendizagem pr\u00e1tica que te dar\u00e1 mais confian\u00e7a na utiliza\u00e7\u00e3o do software.<\/p>\n<p>Se ainda n\u00e3o tens uma vers\u00e3o completa do software de afina\u00e7\u00e3o EVC WinOLS, podes v\u00ea-la e compr\u00e1-la aqui na loja de afina\u00e7\u00e3o online &#8211; <a href=\"https:\/\/www.remap101.co.uk\/pt-pt\/categoria-produto\/ferramentas-e-software-de-ajuste-profissional-pt-pt\/\">Software de afina\u00e7\u00e3o <\/a><\/p>\n","protected":false},"excerpt":{"rendered":"<p>Agora vamos pegar no que estudaste at\u00e9 agora nos <strong>m\u00f3dulos 1 a 3 do EVC WinOLS 5 Diesel Tuning<\/strong> e aprofundar a compreens\u00e3o dos dados da ECU do ponto de vista do afinador de ve\u00edculos que necessita de utilizar, controlar e manipular os dados para atingir os objectivos de afina\u00e7\u00e3o. Para dar um tema a isto, vamos referir-nos a esta sec\u00e7\u00e3o como <strong>Transformar &#8220;Dados&#8221; em &#8220;Informa\u00e7\u00e3o&#8221; <\/strong>do ponto de vista do afinador de ve\u00edculos utilizando o software EVC WinOLS 5.<\/p>\n<p>Nas pr\u00f3ximas 4 li\u00e7\u00f5es, continuaremos com o tema Defini\u00e7\u00e3o dos dados cartogr\u00e1ficos. Prepara-te para dispor de, pelo menos, 4 horas em ambas as partes deste m\u00f3dulo, de ponta a ponta do estudo, para cobrir este elemento de Dados de Mapas da tua forma\u00e7\u00e3o.<\/p>\n","protected":false},"featured_media":56379,"comment_status":"open","ping_status":"closed","template":"","meta":{"_acf_changed":false},"product_brand":[21146,19675],"product_cat":[24689,24605,24599,24415,24416,24418,24597,24714],"product_tag":[15306,15309,15358],"class_list":{"0":"post-51148","1":"product","2":"type-product","3":"status-publish","4":"has-post-thumbnail","6":"product_brand-evc","7":"product_brand-winols","8":"product_cat-cursos-de-formacao-online-sobre-tuning","9":"product_cat-formacao-diesel-tuning","10":"product_cat-formacao-tuning-por-tipo-de-veiculo","11":"product_cat-formacao-em-tuning-para-todos-os-veiculos","12":"product_cat-treinamento-evc-winols","13":"product_cat-formacao-em-afinacao-eletronica-evc","14":"product_cat-formacao-tuning-por-nivel","15":"product_cat-formacao-em-ajuste-de-software","16":"product_tag-evc-pt-pt","17":"product_tag-evc-winols-diesel-pt-pt","18":"product_tag-gasoleo","20":"first","21":"instock","22":"taxable","23":"shipping-taxable","24":"purchasable","25":"product-type-simple"},"acf":[],"_links":{"self":[{"href":"https:\/\/www.remap101.co.uk\/pt-pt\/wp-json\/wp\/v2\/product\/51148","targetHints":{"allow":["GET"]}}],"collection":[{"href":"https:\/\/www.remap101.co.uk\/pt-pt\/wp-json\/wp\/v2\/product"}],"about":[{"href":"https:\/\/www.remap101.co.uk\/pt-pt\/wp-json\/wp\/v2\/types\/product"}],"replies":[{"embeddable":true,"href":"https:\/\/www.remap101.co.uk\/pt-pt\/wp-json\/wp\/v2\/comments?post=51148"}],"wp:featuredmedia":[{"embeddable":true,"href":"https:\/\/www.remap101.co.uk\/pt-pt\/wp-json\/wp\/v2\/media\/56379"}],"wp:attachment":[{"href":"https:\/\/www.remap101.co.uk\/pt-pt\/wp-json\/wp\/v2\/media?parent=51148"}],"wp:term":[{"taxonomy":"product_brand","embeddable":true,"href":"https:\/\/www.remap101.co.uk\/pt-pt\/wp-json\/wp\/v2\/product_brand?post=51148"},{"taxonomy":"product_cat","embeddable":true,"href":"https:\/\/www.remap101.co.uk\/pt-pt\/wp-json\/wp\/v2\/product_cat?post=51148"},{"taxonomy":"product_tag","embeddable":true,"href":"https:\/\/www.remap101.co.uk\/pt-pt\/wp-json\/wp\/v2\/product_tag?post=51148"}],"curies":[{"name":"wp","href":"https:\/\/api.w.org\/{rel}","templated":true}]}}