{"id":51177,"date":"2022-03-08T12:42:50","date_gmt":"2022-03-08T12:42:50","guid":{"rendered":"https:\/\/www.remap101.co.uk\/product\/evc-winols-gasoline-tuning-training-online-modulo-4-de-6a\/"},"modified":"2026-01-16T10:26:42","modified_gmt":"2026-01-16T10:26:42","slug":"evc-winols-gasoline-tuning-training-online-module-4-of-6a","status":"publish","type":"product","link":"https:\/\/www.remap101.co.uk\/pt-pt\/produto\/evc-winols-gasoline-tuning-training-online-module-4-of-6a\/","title":{"rendered":"VTA1034: M\u00f3dulo de Afina\u00e7\u00e3o de Gasolina do EVC WinOLS 4 de 6a"},"content":{"rendered":"<h2>Curso de forma\u00e7\u00e3o online de afina\u00e7\u00e3o de ve\u00edculos a gasolina EVC WinOLS<\/h2>\n<h3>EVC WinOLS Forma\u00e7\u00e3o Online para gasolina \/ gasolina: M\u00f3dulo 4 de 6a<\/h3>\n<p>Forma\u00e7\u00e3o WinOLS para Afina\u00e7\u00e3o de Motores a Gasolina e Remapping da ECU. Este m\u00f3dulo de forma\u00e7\u00e3o online EVC WinOLS para a afina\u00e7\u00e3o de motores a gasolina faz parte da 4\u00aa sec\u00e7\u00e3o do curso de forma\u00e7\u00e3o online Viezu Remap101 WinOLS para a afina\u00e7\u00e3o de motores a gasolina.<\/p>\n<p>Os cursos de forma\u00e7\u00e3o online Remap101 da Viezu s\u00e3o modulares. Cada m\u00f3dulo baseia-se no anterior. Os m\u00f3dulos desenvolvem os teus conhecimentos e compet\u00eancias passo a passo.<\/p>\n<p>Os t\u00f3picos abordados incluem o formato dos ficheiros e mapas de afina\u00e7\u00e3o, bem como a configura\u00e7\u00e3o e as fun\u00e7\u00f5es do software da ECU.<\/p>\n<p>Este m\u00f3dulo abrange mappacks, reconhecimento e rotulagem de dados, compreens\u00e3o do tamanho dos dados e muito mais.<\/p>\n<p>O WinOLS \u00e9 dif\u00edcil de aprender. A interface do utilizador \u00e9 uma tela em branco. Existem poucas pistas, guias ou pontos de partida para o utilizador. Por isso, os nossos cursos de forma\u00e7\u00e3o online para o WinOLS t\u00eam mais m\u00f3dulos do que os cursos para outro software.<\/p>\n<p>Existem 4 m\u00f3dulos nesta 4\u00aa sec\u00e7\u00e3o do nosso curso online de gasolina WinOLS. Os m\u00f3dulos s\u00e3o:<\/p>\n<ol>\n<li><strong>WinOLS Gasoline Training Online: M\u00f3dulo 4 de 6a &#8211; este m\u00f3dulo<\/strong><\/li>\n<li><a href=\"https:\/\/www.remap101.co.uk\/pt-pt\/produto\/evc-winols-gasoline-tuning-training-online-module-4-of-6b\/\">EVC WinOLS Gasoline Training Online: M\u00f3dulo 4 de 6b \u2013 clique para comprar esta li\u00e7\u00e3o<\/a><\/li>\n<li><a href=\"https:\/\/www.remap101.co.uk\/es\/?post_type=sfwd-courses&amp;p=24518\">WinOLS Gasoline Training Online: M\u00f3dulo 4 de 6c \u2013 clique para comprar esta li\u00e7\u00e3o<\/a><\/li>\n<li><a href=\"https:\/\/www.remap101.co.uk\/pt-pt\/produto\/evc-winols-gasoline-tuning-training-online-module-4-of-6d\/?preview_id=9496&amp;preview_nonce=86e4c91d22&amp;_thumbnail_id=9185&amp;preview=true\">EVC WinOLS Gasoline Training Online: M\u00f3dulo 4 de 6d \u2013 clique para comprar esta li\u00e7\u00e3o<\/a><\/li>\n<\/ol>\n<h3>Os benef\u00edcios do treinamento on-line com a Viezu<\/h3>\n<p>Uma vez comprado, tens acesso vital\u00edcio a estes m\u00f3dulos de forma\u00e7\u00e3o Viezu Remap101. V\u00ea e rev\u00ea sempre que quiseres.<\/p>\n<p>Uma das principais vantagens da aprendizagem online Viezu Remap101 \u00e9 que podes aprender e melhorar as tuas compet\u00eancias ao teu pr\u00f3prio ritmo. Se n\u00e3o perceberes alguma coisa, volta a ver essa parte do v\u00eddeo. Revisita e rev\u00ea as vezes que quiseres.<\/p>\n<p>Podes pausar e reiniciar os v\u00eddeos &#8211; por isso, n\u00e3o h\u00e1 problemas se fores interrompido.<\/p>\n<p>Fornecemos-te um ficheiro original para praticar. Podes seguir o que o formador est\u00e1 a fazer e praticar os procedimentos e as t\u00e9cnicas. \u00c9 uma aprendizagem pr\u00e1tica.<\/p>\n<h3>Software de ajuste EVC WinOLs<\/h3>\n<p>N\u00e3o \u00e9 essencial ter o software WinOLS da EVC para participar neste curso WinOLS &#8211; no entanto, recomendamos vivamente que o tenhas.<\/p>\n<p>Ter o software WinOLS aberto e a trabalhar no teu pr\u00f3prio PC enquanto v\u00eas o v\u00eddeo de forma\u00e7\u00e3o ir\u00e1 melhorar a tua experi\u00eancia de aprendizagem. Podes seguir o que o formador est\u00e1 a fazer. Isto ir\u00e1 aumentar a tua confian\u00e7a no software.<\/p>\n<p>Se precisares de comprar software EVC WinOls genu\u00edno, podes v\u00ea-lo e compr\u00e1-lo na nossa loja online &#8211; <a href=\"https:\/\/www.remap101.co.uk\/product\/winols-5-tuning-software-evc\/\">WinOls Software<\/a>.<\/p>\n","protected":false},"excerpt":{"rendered":"<p>EVC WinOLS Gasoline Tuning Training : M\u00f3dulo 4 de 6a; Esta li\u00e7\u00e3o aborda<span style=\"font-family: var(--global-body-font-family);\">a importa\u00e7\u00e3o de um &#8216;pacote de mapas&#8217;, <\/span>a cria\u00e7\u00e3o de um perfil para o tipo ECU e muito mais.<\/p>\n","protected":false},"featured_media":57419,"comment_status":"open","ping_status":"closed","template":"","meta":{"_acf_changed":false},"product_brand":[21146,19675],"product_cat":[24689,24606,24415,24416,24418,24596,24714],"product_tag":[15306,23010,23011],"class_list":{"0":"post-51177","1":"product","2":"type-product","3":"status-publish","4":"has-post-thumbnail","6":"product_brand-evc","7":"product_brand-winols","8":"product_cat-cursos-de-formacao-online-sobre-tuning","9":"product_cat-formacao-em-tuning-gasolina-gasolina","10":"product_cat-formacao-em-tuning-para-todos-os-veiculos","11":"product_cat-treinamento-evc-winols","12":"product_cat-formacao-em-afinacao-eletronica-evc","13":"product_cat-formacao-sobre-o-brand-tuning","14":"product_cat-formacao-em-ajuste-de-software","15":"product_tag-evc-pt-pt","16":"product_tag-gasolina-pt-pt-3","17":"product_tag-software-de-ajuste-winols-5-evc-pt-pt","19":"first","20":"instock","21":"taxable","22":"shipping-taxable","23":"purchasable","24":"product-type-simple"},"acf":[],"_links":{"self":[{"href":"https:\/\/www.remap101.co.uk\/pt-pt\/wp-json\/wp\/v2\/product\/51177","targetHints":{"allow":["GET"]}}],"collection":[{"href":"https:\/\/www.remap101.co.uk\/pt-pt\/wp-json\/wp\/v2\/product"}],"about":[{"href":"https:\/\/www.remap101.co.uk\/pt-pt\/wp-json\/wp\/v2\/types\/product"}],"replies":[{"embeddable":true,"href":"https:\/\/www.remap101.co.uk\/pt-pt\/wp-json\/wp\/v2\/comments?post=51177"}],"wp:featuredmedia":[{"embeddable":true,"href":"https:\/\/www.remap101.co.uk\/pt-pt\/wp-json\/wp\/v2\/media\/57419"}],"wp:attachment":[{"href":"https:\/\/www.remap101.co.uk\/pt-pt\/wp-json\/wp\/v2\/media?parent=51177"}],"wp:term":[{"taxonomy":"product_brand","embeddable":true,"href":"https:\/\/www.remap101.co.uk\/pt-pt\/wp-json\/wp\/v2\/product_brand?post=51177"},{"taxonomy":"product_cat","embeddable":true,"href":"https:\/\/www.remap101.co.uk\/pt-pt\/wp-json\/wp\/v2\/product_cat?post=51177"},{"taxonomy":"product_tag","embeddable":true,"href":"https:\/\/www.remap101.co.uk\/pt-pt\/wp-json\/wp\/v2\/product_tag?post=51177"}],"curies":[{"name":"wp","href":"https:\/\/api.w.org\/{rel}","templated":true}]}}