{"id":51184,"date":"2022-02-23T16:48:18","date_gmt":"2022-02-23T16:48:18","guid":{"rendered":"https:\/\/www.remap101.co.uk\/product\/evc-winols-gasoline-tuning-training-online-modulo-3-de-6\/"},"modified":"2026-01-16T10:12:41","modified_gmt":"2026-01-16T10:12:41","slug":"evc-winols-gasoline-tuning-training-online-module-3-of-6","status":"publish","type":"product","link":"https:\/\/www.remap101.co.uk\/pt-pt\/produto\/evc-winols-gasoline-tuning-training-online-module-3-of-6\/","title":{"rendered":"VTA1033: EVC WinOLS Gasolina M\u00f3dulo de Sintoniza\u00e7\u00e3o 3 de 6"},"content":{"rendered":"<h2>EVC WinOLS Curso online de forma\u00e7\u00e3o de afina\u00e7\u00e3o de motores a gasolina<\/h2>\n<h3>Forma\u00e7\u00e3o online EVC WinOLS para ECUs a gasolina: M\u00f3dulo 3 de 6 &#8211; este m\u00f3dulo cobre os passos necess\u00e1rios para iniciar e gerir um novo projeto.<\/h3>\n<p>Este m\u00f3dulo de forma\u00e7\u00e3o EVC WinOLS para a afina\u00e7\u00e3o e remapeamento de ve\u00edculos a gasolina \u00e9 a terceira parte do curso de forma\u00e7\u00e3o online Viezu Remap101 WinOLS para a afina\u00e7\u00e3o de ve\u00edculos a gasolina.<\/p>\n<p>Os cursos de forma\u00e7\u00e3o online Remap101 da Viezu s\u00e3o modulares. Cada m\u00f3dulo baseia-se no m\u00f3dulo anterior. Os m\u00f3dulos em conjunto formam um programa estruturado de aprendizagem. Desenvolve os teus conhecimentos e compet\u00eancias passo a passo.<\/p>\n<p>O conte\u00fado do curso de afina\u00e7\u00e3o de gasolina WinOLS inclui o formato dos ficheiros e mapas de afina\u00e7\u00e3o que s\u00e3o utilizados para afinar e calibrar ECUs a gasolina, bem como a configura\u00e7\u00e3o e as fun\u00e7\u00f5es.<\/p>\n<h3>Os benef\u00edcios do treinamento on-line com a Viezu<\/h3>\n<p>Uma vez comprado, tens acesso vital\u00edcio a estes m\u00f3dulos de forma\u00e7\u00e3o Viezu Remap101. Podes ver os v\u00eddeos de forma\u00e7\u00e3o ilimitadas vezes.<\/p>\n<p>Uma das principais vantagens da aprendizagem online do Viezu Remap101 \u00e9 que, se n\u00e3o compreenderes um conceito ou uma t\u00e9cnica na primeira visualiza\u00e7\u00e3o, podes voltar a ver e rever. Podes fazer isto quantas vezes quiseres. Aprende ao ritmo que te conv\u00e9m.<\/p>\n<p>Podes fazer uma pausa e reiniciar os v\u00eddeos, sempre que quiseres. Isto permite-te lidar com interrup\u00e7\u00f5es ou fazer uma pausa. Tamb\u00e9m te d\u00e1 tempo para experimentares uma t\u00e9cnica ou um processo, antes de passares para a parte seguinte do v\u00eddeo.<\/p>\n<h3>Software de ajuste WinOLs<\/h3>\n<p>Podes fazer qualquer um dos nossos m\u00f3dulos de forma\u00e7\u00e3o WinOls sem o software. No entanto, a tua experi\u00eancia de aprendizagem ser\u00e1 muito melhor se tiveres o software aberto, a funcionar e contigo, no teu pr\u00f3prio computador.<\/p>\n<p>Ter o teu pr\u00f3prio software significa que podes praticar o que aprendeste antes de passares para a parte seguinte do curso de forma\u00e7\u00e3o. Refor\u00e7a a tua aprendizagem e aumenta a tua confian\u00e7a no software.<\/p>\n<p>Se ainda n\u00e3o compraste o teu software WinOls genu\u00edno, podes v\u00ea-lo e compr\u00e1-lo na nossa loja online &#8211; <a href=\"https:\/\/www.remap101.co.uk\/product\/winols-5-tuning-software-evc\/\">WinOls Software<\/a>.<\/p>\n<p>&nbsp;<\/p>\n<p>Forma\u00e7\u00e3o em remapeamento de ECU e remapeamento da Viezu Training Academy e Remap101.<\/p>\n","protected":false},"excerpt":{"rendered":"<p>EVC WinOLS Gasoline Tuning Training : M\u00f3dulo 3 de 6; Esta li\u00e7\u00e3o aborda as etapas necess\u00e1rias para iniciar um novo projeto e abrir um projeto.<\/p>\n<p>Treinamento de remapeamento e remapeamento de ECU da Academia de Treinamento VIEZU<\/p>\n","protected":false},"featured_media":57369,"comment_status":"open","ping_status":"closed","template":"","meta":{"_acf_changed":false},"product_brand":[21146,19675],"product_cat":[24689,24606,24415,24416,24418,24596,24714],"product_tag":[15306,15300,15302,15215],"class_list":{"0":"post-51184","1":"product","2":"type-product","3":"status-publish","4":"has-post-thumbnail","6":"product_brand-evc","7":"product_brand-winols","8":"product_cat-cursos-de-formacao-online-sobre-tuning","9":"product_cat-formacao-em-tuning-gasolina-gasolina","10":"product_cat-formacao-em-tuning-para-todos-os-veiculos","11":"product_cat-treinamento-evc-winols","12":"product_cat-formacao-em-afinacao-eletronica-evc","13":"product_cat-formacao-sobre-o-brand-tuning","14":"product_cat-formacao-em-ajuste-de-software","15":"product_tag-evc-pt-pt","16":"product_tag-gasolina-pt-pt","17":"product_tag-gasolina-pt-pt-2","18":"product_tag-software-de-ajuste-winols-5-evc","20":"first","21":"instock","22":"taxable","23":"shipping-taxable","24":"purchasable","25":"product-type-simple"},"acf":[],"_links":{"self":[{"href":"https:\/\/www.remap101.co.uk\/pt-pt\/wp-json\/wp\/v2\/product\/51184","targetHints":{"allow":["GET"]}}],"collection":[{"href":"https:\/\/www.remap101.co.uk\/pt-pt\/wp-json\/wp\/v2\/product"}],"about":[{"href":"https:\/\/www.remap101.co.uk\/pt-pt\/wp-json\/wp\/v2\/types\/product"}],"replies":[{"embeddable":true,"href":"https:\/\/www.remap101.co.uk\/pt-pt\/wp-json\/wp\/v2\/comments?post=51184"}],"wp:featuredmedia":[{"embeddable":true,"href":"https:\/\/www.remap101.co.uk\/pt-pt\/wp-json\/wp\/v2\/media\/57369"}],"wp:attachment":[{"href":"https:\/\/www.remap101.co.uk\/pt-pt\/wp-json\/wp\/v2\/media?parent=51184"}],"wp:term":[{"taxonomy":"product_brand","embeddable":true,"href":"https:\/\/www.remap101.co.uk\/pt-pt\/wp-json\/wp\/v2\/product_brand?post=51184"},{"taxonomy":"product_cat","embeddable":true,"href":"https:\/\/www.remap101.co.uk\/pt-pt\/wp-json\/wp\/v2\/product_cat?post=51184"},{"taxonomy":"product_tag","embeddable":true,"href":"https:\/\/www.remap101.co.uk\/pt-pt\/wp-json\/wp\/v2\/product_tag?post=51184"}],"curies":[{"name":"wp","href":"https:\/\/api.w.org\/{rel}","templated":true}]}}