{"id":51236,"date":"2022-01-21T11:44:19","date_gmt":"2022-01-21T11:44:19","guid":{"rendered":"https:\/\/www.remap101.co.uk\/product\/evc-winols-gasoline-tuning-training-online-modulo-2-de-6\/"},"modified":"2026-01-06T15:53:14","modified_gmt":"2026-01-06T15:53:14","slug":"evc-winols-gasoline-tuning-module-2-of-6","status":"publish","type":"product","link":"https:\/\/www.remap101.co.uk\/pt-pt\/produto\/evc-winols-gasoline-tuning-module-2-of-6\/","title":{"rendered":"VTA1032: EVC WinOLS Gasoline Tuning Module 2 de 6"},"content":{"rendered":"<h2>EVC WinOLS Curso online de forma\u00e7\u00e3o de afina\u00e7\u00e3o da ECU a gasolina<\/h2>\n<h3>Forma\u00e7\u00e3o EVC WinOLS para Gasolina \/ Gasolina: M\u00f3dulo 2 de 6 &#8211; este m\u00f3dulo aborda a forma de iniciar e gerir um novo projeto no WinOLS.<\/h3>\n<p>Este m\u00f3dulo de forma\u00e7\u00e3o online EVC WinOLS Gasoline tuning \u00e9 o 2\u00ba m\u00f3dulo do curso de forma\u00e7\u00e3o online Viezu Remap101 para a afina\u00e7\u00e3o e calibra\u00e7\u00e3o da ECU a gasolina utilizando o WinOLS.<\/p>\n<p>Cada m\u00f3dulo de forma\u00e7\u00e3o dos nossos cursos online baseia-se no m\u00f3dulo anterior. Os m\u00f3dulos combinam-se para te dar um programa estruturado de aprendizagem que desenvolve a tua compreens\u00e3o, conhecimentos e compet\u00eancias pr\u00e1ticas.<\/p>\n<p>O curso de forma\u00e7\u00e3o online Remap101 da Viezu para o WinOLS abrange a configura\u00e7\u00e3o e as fun\u00e7\u00f5es do software, bem como a cria\u00e7\u00e3o de ficheiros de afina\u00e7\u00e3o e mapas para afinar e atualizar ECUs de motores a gasolina.<\/p>\n<p>Neste m\u00f3dulo, um ficheiro de software original de base de um ve\u00edculo BMW \u00e9 utilizado como exemplo de forma\u00e7\u00e3o. Os princ\u00edpios de afina\u00e7\u00e3o abordados, bem como a forma\u00e7\u00e3o sobre as fun\u00e7\u00f5es e a utiliza\u00e7\u00e3o do software WinOls, s\u00e3o transfer\u00edveis para a maioria das aplica\u00e7\u00f5es de afina\u00e7\u00e3o de motores a gasolina.<\/p>\n<h3>As vantagens da forma\u00e7\u00e3o em linha<\/h3>\n<p>Uma vez adquirido, tens acesso vital\u00edcio ao teu m\u00f3dulo &#8211; podes ver e rever as vezes que quiseres &#8211; n\u00e3o h\u00e1 limites.<\/p>\n<p>Tamb\u00e9m podes fazer pausa e reiniciar o v\u00eddeo de forma\u00e7\u00e3o &#8211; as vezes que quiseres. Isto permite-te rever pontos importantes. Al\u00e9m disso, se fores interrompido, ou se quiseres fazer uma pausa &#8211; n\u00e3o h\u00e1 problema &#8211; basta fazeres uma pausa e recome\u00e7ar o v\u00eddeo mais tarde, quando estiveres pronto. Isto tamb\u00e9m te d\u00e1 a oportunidade de praticares por ti pr\u00f3prio as t\u00e9cnicas e os processos do v\u00eddeo. Controlas o ritmo da tua pr\u00f3pria aprendizagem.<\/p>\n<h3>Software de ajuste WinOLs<\/h3>\n<p>Embora possas frequentar qualquer um dos m\u00f3dulos de forma\u00e7\u00e3o do VTA WinOls sem ter o software, a tua experi\u00eancia de aprendizagem ser\u00e1 muito maior se tiveres o software aberto e contigo enquanto percorres o v\u00eddeo de forma\u00e7\u00e3o. Al\u00e9m disso, podes praticar o que acabaste de aprender, \u00e0 medida que vais avan\u00e7ando.<\/p>\n<p>Se precisares de comprar o teu pr\u00f3prio software WinOls genu\u00edno, podes compr\u00e1-lo na nossa loja online &#8211; <a href=\"https:\/\/www.remap101.co.uk\/product\/winols-5-tuning-software-evc\/\">WinOls Software<\/a>.<\/p>\n<p>&nbsp;<\/p>\n<p>&nbsp;<\/p>\n<p>Forma\u00e7\u00e3o em remapeamento de ECU e remapeamento da Viezu Training Academy e Remap101.<\/p>\n","protected":false},"excerpt":{"rendered":"<p>EVC WinOLS Gasoline Tuning Training : M\u00f3dulo 2 de 6; Esta li\u00e7\u00e3o aborda as etapas necess\u00e1rias para iniciar um novo projeto e abrir um projeto.<\/p>\n","protected":false},"featured_media":57069,"comment_status":"open","ping_status":"closed","template":"","meta":{"_acf_changed":false},"product_brand":[21146,19675],"product_cat":[24689,24606,24415,24416,24418,24596,24714],"product_tag":[15306,23010,23011],"class_list":{"0":"post-51236","1":"product","2":"type-product","3":"status-publish","4":"has-post-thumbnail","6":"product_brand-evc","7":"product_brand-winols","8":"product_cat-cursos-de-formacao-online-sobre-tuning","9":"product_cat-formacao-em-tuning-gasolina-gasolina","10":"product_cat-formacao-em-tuning-para-todos-os-veiculos","11":"product_cat-treinamento-evc-winols","12":"product_cat-formacao-em-afinacao-eletronica-evc","13":"product_cat-formacao-sobre-o-brand-tuning","14":"product_cat-formacao-em-ajuste-de-software","15":"product_tag-evc-pt-pt","16":"product_tag-gasolina-pt-pt-3","17":"product_tag-software-de-ajuste-winols-5-evc-pt-pt","19":"first","20":"instock","21":"taxable","22":"shipping-taxable","23":"purchasable","24":"product-type-simple"},"acf":[],"_links":{"self":[{"href":"https:\/\/www.remap101.co.uk\/pt-pt\/wp-json\/wp\/v2\/product\/51236","targetHints":{"allow":["GET"]}}],"collection":[{"href":"https:\/\/www.remap101.co.uk\/pt-pt\/wp-json\/wp\/v2\/product"}],"about":[{"href":"https:\/\/www.remap101.co.uk\/pt-pt\/wp-json\/wp\/v2\/types\/product"}],"replies":[{"embeddable":true,"href":"https:\/\/www.remap101.co.uk\/pt-pt\/wp-json\/wp\/v2\/comments?post=51236"}],"wp:featuredmedia":[{"embeddable":true,"href":"https:\/\/www.remap101.co.uk\/pt-pt\/wp-json\/wp\/v2\/media\/57069"}],"wp:attachment":[{"href":"https:\/\/www.remap101.co.uk\/pt-pt\/wp-json\/wp\/v2\/media?parent=51236"}],"wp:term":[{"taxonomy":"product_brand","embeddable":true,"href":"https:\/\/www.remap101.co.uk\/pt-pt\/wp-json\/wp\/v2\/product_brand?post=51236"},{"taxonomy":"product_cat","embeddable":true,"href":"https:\/\/www.remap101.co.uk\/pt-pt\/wp-json\/wp\/v2\/product_cat?post=51236"},{"taxonomy":"product_tag","embeddable":true,"href":"https:\/\/www.remap101.co.uk\/pt-pt\/wp-json\/wp\/v2\/product_tag?post=51236"}],"curies":[{"name":"wp","href":"https:\/\/api.w.org\/{rel}","templated":true}]}}