{"id":51243,"date":"2022-01-17T16:07:21","date_gmt":"2022-01-17T16:07:21","guid":{"rendered":"https:\/\/www.remap101.co.uk\/product\/evc-winols-gasoline-tuning-training-modulo-1-de-6\/"},"modified":"2026-01-05T17:36:06","modified_gmt":"2026-01-05T17:36:06","slug":"evc-winols-gasoline-tuning-training-module-1-of-6","status":"publish","type":"product","link":"https:\/\/www.remap101.co.uk\/pt-pt\/produto\/evc-winols-gasoline-tuning-training-module-1-of-6\/","title":{"rendered":"VTA1031: M\u00f3dulo de Afina\u00e7\u00e3o de Gasolina do EVC WinOLS 1 de 6"},"content":{"rendered":"<h2>EVC WinOLS Curso de Forma\u00e7\u00e3o em Tuning a Gasolina<\/h2>\n<h3>Forma\u00e7\u00e3o online de afina\u00e7\u00e3o de motores a gasolina EVC WinOLS: M\u00f3dulo 1 de 6 &#8211; come\u00e7a a trabalhar no download, instala\u00e7\u00e3o e configura\u00e7\u00e3o do EVC WinOLS 5.<\/h3>\n<p>Este \u00e9 o primeiro m\u00f3dulo do curso de forma\u00e7\u00e3o online Remap101 da Viezu Training Academy sobre afina\u00e7\u00e3o de motores a gasolina e remapeamento da ECU com o EVC WinOLS.<\/p>\n<p>Os nossos cursos de forma\u00e7\u00e3o online s\u00e3o modulares. Cada m\u00f3dulo baseia-se no anterior. Em conjunto, os m\u00f3dulos de um curso formam um programa estruturado de aprendizagem.<\/p>\n<p>Obter\u00e1s o m\u00e1ximo de benef\u00edcios e valor total do curso se fizeres os m\u00f3dulos na ordem correta, em sequ\u00eancia.<\/p>\n<p>O EVC WinOLS \u00e9 um poderoso software de afina\u00e7\u00e3o e remapeamento. No entanto, \u00e9 dif\u00edcil de aprender, para o novo utilizador. Com o WinOLS, est\u00e1s a trabalhar com dados em bruto. Isto d\u00e1-te muito controlo manual, mas o WinOLS n\u00e3o te d\u00e1 pontos de partida f\u00e1ceis de utilizar ou orienta\u00e7\u00e3o como parte da sua interface de utilizador.<\/p>\n<p>O curso online Remap101 da Viezu para o WinOLS acompanha-o passo a passo na instala\u00e7\u00e3o, configura\u00e7\u00e3o e utiliza\u00e7\u00e3o do software &#8211; de forma estruturada. Como o WinOLS \u00e9 complexo, os nossos cursos WinOLS t\u00eam mais m\u00f3dulos do que os nossos cursos para outras plataformas de software.<\/p>\n<p>Ao completares todos os m\u00f3dulos deste curso de forma\u00e7\u00e3o online ter\u00e1s uma boa no\u00e7\u00e3o do WinOLS e de como pode ser utilizado para aplica\u00e7\u00f5es pr\u00e1ticas na afina\u00e7\u00e3o, remapeamento e calibra\u00e7\u00e3o de ECUs de motores a gasolina.<\/p>\n<p>O que abrange este primeiro m\u00f3dulo:<\/p>\n<ol>\n<li>Como se preparar para o sucesso na escrita de mapas<\/li>\n<li>O que voc\u00ea deve fazer antes de come\u00e7ar a usar o software<\/li>\n<li>Organiza\u00e7\u00e3o e defini\u00e7\u00e3o de prefer\u00eancias<\/li>\n<li>Recomenda\u00e7\u00f5es para configura\u00e7\u00f5es<\/li>\n<li>Otimiza\u00e7\u00e3o de vistas e layouts<\/li>\n<li>Como usar o software e o que evitar<\/li>\n<\/ol>\n<p>Reserva 1 hora para fazeres este m\u00f3dulo e o teste\/question\u00e1rio.<\/p>\n<p>Neste primeiro m\u00f3dulo do EVC WinOLS Gasoline, vais aprender a descarregar e instalar o EVC WinOLS 5. Aprender\u00e1s a configurar o software e a definir as tuas defini\u00e7\u00f5es, antes de criares o teu primeiro projeto e ficheiro de afina\u00e7\u00e3o.<\/p>\n<p>Neste m\u00f3dulo, um ficheiro de software original de base de um ve\u00edculo BMW \u00e9 o exemplo de treino. Os princ\u00edpios de afina\u00e7\u00e3o abordados e as t\u00e9cnicas de utiliza\u00e7\u00e3o do software WinOls s\u00e3o transfer\u00edveis para a maioria das aplica\u00e7\u00f5es de afina\u00e7\u00e3o de motores a gasolina.<\/p>\n<p>N\u00e3o \u00e9 essencial ter o teu pr\u00f3prio software WinOLS para fazer este curso de forma\u00e7\u00e3o. No entanto, a tua experi\u00eancia de aprendizagem ser\u00e1 muito melhor se tiveres o software aberto e contigo no teu pr\u00f3prio computador enquanto trabalhas nos m\u00f3dulos. Isto d\u00e1-te a oportunidade de praticares no software e experimentares por ti pr\u00f3prio os processos e t\u00e9cnicas que aprendeste no v\u00eddeo. Isto refor\u00e7a a tua aprendizagem.<\/p>\n<p>Se ainda n\u00e3o compraste o teu software WinOLS genu\u00edno, podes v\u00ea-lo e compr\u00e1-lo na nossa loja online &#8211; <a href=\"https:\/\/www.remap101.co.uk\/product\/winols-5-tuning-software-evc\/\">WinOls Software<\/a>.<\/p>\n","protected":false},"excerpt":{"rendered":"<p>EVC WinOLS Gasolina M\u00f3dulo de Afina\u00e7\u00e3o 1 de 6; duas li\u00e7\u00f5es sobre download, instala\u00e7\u00e3o e configura\u00e7\u00e3o do EVC WinOLS5.<\/p>\n<p>Este \u00e9 um m\u00f3dulo de treinamento completo, por favor, aguarde 1 hora para fazer este curso e o teste associado a ele<\/p>\n","protected":false},"featured_media":57049,"comment_status":"open","ping_status":"closed","template":"","meta":{"_acf_changed":false},"product_brand":[21146,19675],"product_cat":[24689,24606,24415,24416,24418,24600,24596,24598,24714],"product_tag":[15306,15300,15302,15215],"class_list":{"0":"post-51243","1":"product","2":"type-product","3":"status-publish","4":"has-post-thumbnail","6":"product_brand-evc","7":"product_brand-winols","8":"product_cat-cursos-de-formacao-online-sobre-tuning","9":"product_cat-formacao-em-tuning-gasolina-gasolina","10":"product_cat-formacao-em-tuning-para-todos-os-veiculos","11":"product_cat-treinamento-evc-winols","12":"product_cat-formacao-em-afinacao-eletronica-evc","13":"product_cat-formacao-em-tuning-automovel","14":"product_cat-formacao-sobre-o-brand-tuning","15":"product_cat-formacao-tuning-para-principiantes","16":"product_cat-formacao-em-ajuste-de-software","17":"product_tag-evc-pt-pt","18":"product_tag-gasolina-pt-pt","19":"product_tag-gasolina-pt-pt-2","20":"product_tag-software-de-ajuste-winols-5-evc","22":"first","23":"instock","24":"taxable","25":"shipping-taxable","26":"purchasable","27":"product-type-simple"},"acf":[],"_links":{"self":[{"href":"https:\/\/www.remap101.co.uk\/pt-pt\/wp-json\/wp\/v2\/product\/51243","targetHints":{"allow":["GET"]}}],"collection":[{"href":"https:\/\/www.remap101.co.uk\/pt-pt\/wp-json\/wp\/v2\/product"}],"about":[{"href":"https:\/\/www.remap101.co.uk\/pt-pt\/wp-json\/wp\/v2\/types\/product"}],"replies":[{"embeddable":true,"href":"https:\/\/www.remap101.co.uk\/pt-pt\/wp-json\/wp\/v2\/comments?post=51243"}],"wp:featuredmedia":[{"embeddable":true,"href":"https:\/\/www.remap101.co.uk\/pt-pt\/wp-json\/wp\/v2\/media\/57049"}],"wp:attachment":[{"href":"https:\/\/www.remap101.co.uk\/pt-pt\/wp-json\/wp\/v2\/media?parent=51243"}],"wp:term":[{"taxonomy":"product_brand","embeddable":true,"href":"https:\/\/www.remap101.co.uk\/pt-pt\/wp-json\/wp\/v2\/product_brand?post=51243"},{"taxonomy":"product_cat","embeddable":true,"href":"https:\/\/www.remap101.co.uk\/pt-pt\/wp-json\/wp\/v2\/product_cat?post=51243"},{"taxonomy":"product_tag","embeddable":true,"href":"https:\/\/www.remap101.co.uk\/pt-pt\/wp-json\/wp\/v2\/product_tag?post=51243"}],"curies":[{"name":"wp","href":"https:\/\/api.w.org\/{rel}","templated":true}]}}