{"id":51251,"date":"2022-01-14T16:47:28","date_gmt":"2022-01-14T16:47:28","guid":{"rendered":"https:\/\/www.remap101.co.uk\/product\/ecm-titanio-gasolina-modulo-de-sintonizacao-6-de-6\/"},"modified":"2026-01-07T12:25:22","modified_gmt":"2026-01-07T12:25:22","slug":"ecm-titanium-gasoline-tuning-module-6-of-6","status":"publish","type":"product","link":"https:\/\/www.remap101.co.uk\/pt-pt\/produto\/ecm-titanium-gasoline-tuning-module-6-of-6\/","title":{"rendered":"VTA1030: M\u00f3dulo de afina\u00e7\u00e3o a gasolina ECM Titanium 6 de 6"},"content":{"rendered":"<h2>ECM Titanium Gasoline Tuning Module Online 6 de 6<\/h2>\n<p>ECM Titanium Petrol I Gasoline Training : Este curso \u00e9 uma continua\u00e7\u00e3o direta do ECM Titanium Gasoline Tuning Module 5 of 6: Lesson One. Por favor, volte e complete ECM Titanium Gasoline Tuning Module 5 of 6: Lesson One, se voc\u00ea ainda n\u00e3o o fez. Neste curso, a li\u00e7\u00e3o continua com a compara\u00e7\u00e3o de diferentes tipos de mapas de ve\u00edculos a gasolina. Observe que os arquivos de estoque dos quatro ve\u00edculos est\u00e3o inclu\u00eddos nesta li\u00e7\u00e3o para permitir que voc\u00ea explore a l\u00f3gica em seu pr\u00f3prio tempo e no seu pr\u00f3prio ritmo preferido de aprendizagem.   <\/p>\n<h3><strong>Neste curso focamo-nos nos seguintes t\u00f3picos:<\/strong><\/h3>\n<ol>\n<li>Ajuste avan\u00e7ado do mapa base do Spark<\/li>\n<li>O que \u00e9 o Spark Advance at Full Load e como fazer as modifica\u00e7\u00f5es necess\u00e1rias<\/li>\n<li>Explorar modifica\u00e7\u00f5es complementares em ve\u00edculos aspirados (NA)<\/li>\n<li>Comparando diferentes ve\u00edculos NA e seus arquivos de estoque para entender melhor a l\u00f3gica das modifica\u00e7\u00f5es aplicadas<\/li>\n<\/ol>\n<p>Este m\u00f3dulo de forma\u00e7\u00e3o online ECM Titanium Gasolina I \u00e9 a 6\u00aa sess\u00e3o de uma s\u00e9rie de 6 sess\u00f5es de forma\u00e7\u00e3o online Alientech ECM Titanium Gasolina Tuning. Recomendamos que fa\u00e7as todos os cursos pela ordem correta para obteres o m\u00e1ximo benef\u00edcio do teu investimento no desenvolvimento das tuas compet\u00eancias. Ao seguires todos os cursos da s\u00e9rie, ver\u00e1s que os teus conhecimentos e compet\u00eancias est\u00e3o a ser desenvolvidos de um m\u00f3dulo para o outro.  <\/p>\n<p>Com a capacidade de seguir os exerc\u00edcios pr\u00e1ticos, obter\u00e1s os melhores resultados com o remap um a um &#8211; guiar-te-emos atrav\u00e9s dos passos fundamentais para seres um Tuner competente e, mesmo que j\u00e1 estejas a utilizar o software Alientech ECM Titanium, come\u00e7a com a li\u00e7\u00e3o introdut\u00f3ria e segue confortavelmente a l\u00f3gica e a estrutura das li\u00e7\u00f5es passo a passo, um a um.<\/p>\n<p><strong>Mas espere, fica melhor&#8230;.<\/strong><\/p>\n<p>Cada sess\u00e3o de treino pode ser feita v\u00e1rias vezes. Como tal, uma das grandes coisas sobre o treinamento on-line \u00e9 se voc\u00ea n\u00e3o entendeu bem algo. Voc\u00ea pode assisti-lo novamente, e de novo e de novo at\u00e9 domin\u00e1-lo. E voc\u00ea tamb\u00e9m pode pausar e reiniciar. Da\u00ed dar-lhe tempo para tomar notas, ou mesmo praticar o que acabou de ver    <\/p>\n<h3><strong>Software de ajuste de ECM da Alientech  <\/strong><\/h3>\n<p>Em teoria, n\u00e3o precisas de ter comprado o software de afina\u00e7\u00e3o Alientech ECM para fazeres este curso de forma\u00e7\u00e3o. No entanto, para que tenhas a melhor experi\u00eancia de aprendizagem. E para garantir que obt\u00e9ns o melhor impacto dos cursos de forma\u00e7\u00e3o Remap 101. Aconselhamos-te mesmo a fazeres a forma\u00e7\u00e3o com o software \u00e0 m\u00e3o.   <\/p>\n<p>Se tiveres o software ECM, poder\u00e1s seguir ativamente a forma\u00e7\u00e3o. Assim, poder\u00e1s participar nos exerc\u00edcios durante e ap\u00f3s a forma\u00e7\u00e3o. Sabemos que tirar\u00e1s muito mais partido da forma\u00e7\u00e3o se fizeres o curso com o software. Como tal, talvez queiras conhecer o stock e o fornecimento da Remap 101. Al\u00e9m disso, d\u00e1 forma\u00e7\u00e3o sobre praticamente todas as ferramentas e software de afina\u00e7\u00e3o. Podes ver a ferramenta de afina\u00e7\u00e3o e a loja de software aqui: <a href=\"https:\/\/www.remap101.co.uk\/pt-pt\/categoria-produto\/ferramentas-e-software-de-ajuste-profissional-pt-pt\/\">Shop<\/a><\/p>\n","protected":false},"excerpt":{"rendered":"<h2>ECM Gasolina de tit\u00e2nio | M\u00f3dulo de Forma\u00e7\u00e3o Online de Tuning de Gasolina 6 de 6<\/h2>\n","protected":false},"featured_media":56979,"comment_status":"open","ping_status":"closed","template":"","meta":{"_acf_changed":false},"product_brand":[19674,19679],"product_cat":[24689,24430,24606,24415,24596,14859,24714],"product_tag":[15298,15299,15300,15302,15337],"class_list":{"0":"post-51251","1":"product","2":"type-product","3":"status-publish","4":"has-post-thumbnail","6":"product_brand-alientech","7":"product_brand-ecm-titanium","8":"product_cat-cursos-de-formacao-online-sobre-tuning","9":"product_cat-formacao-ecm-titanium-pt-pt","10":"product_cat-formacao-em-tuning-gasolina-gasolina","11":"product_cat-formacao-em-tuning-para-todos-os-veiculos","12":"product_cat-formacao-sobre-o-brand-tuning","13":"product_cat-alientech-pt-pt","14":"product_cat-formacao-em-ajuste-de-software","15":"product_tag-ecm-pt-pt","16":"product_tag-ecm-titanium-pt-pt","17":"product_tag-gasolina-pt-pt","18":"product_tag-gasolina-pt-pt-2","19":"product_tag-treinamento-alientech-ecm-titanium","21":"first","22":"instock","23":"taxable","24":"shipping-taxable","25":"purchasable","26":"product-type-simple"},"acf":[],"_links":{"self":[{"href":"https:\/\/www.remap101.co.uk\/pt-pt\/wp-json\/wp\/v2\/product\/51251","targetHints":{"allow":["GET"]}}],"collection":[{"href":"https:\/\/www.remap101.co.uk\/pt-pt\/wp-json\/wp\/v2\/product"}],"about":[{"href":"https:\/\/www.remap101.co.uk\/pt-pt\/wp-json\/wp\/v2\/types\/product"}],"replies":[{"embeddable":true,"href":"https:\/\/www.remap101.co.uk\/pt-pt\/wp-json\/wp\/v2\/comments?post=51251"}],"wp:featuredmedia":[{"embeddable":true,"href":"https:\/\/www.remap101.co.uk\/pt-pt\/wp-json\/wp\/v2\/media\/56979"}],"wp:attachment":[{"href":"https:\/\/www.remap101.co.uk\/pt-pt\/wp-json\/wp\/v2\/media?parent=51251"}],"wp:term":[{"taxonomy":"product_brand","embeddable":true,"href":"https:\/\/www.remap101.co.uk\/pt-pt\/wp-json\/wp\/v2\/product_brand?post=51251"},{"taxonomy":"product_cat","embeddable":true,"href":"https:\/\/www.remap101.co.uk\/pt-pt\/wp-json\/wp\/v2\/product_cat?post=51251"},{"taxonomy":"product_tag","embeddable":true,"href":"https:\/\/www.remap101.co.uk\/pt-pt\/wp-json\/wp\/v2\/product_tag?post=51251"}],"curies":[{"name":"wp","href":"https:\/\/api.w.org\/{rel}","templated":true}]}}