{"id":51259,"date":"2022-01-14T16:43:03","date_gmt":"2022-01-14T16:43:03","guid":{"rendered":"https:\/\/www.remap101.co.uk\/product\/ecm-titanium-gasolina-tuning-modulo-5-de-6\/"},"modified":"2026-01-07T12:52:39","modified_gmt":"2026-01-07T12:52:39","slug":"ecm-titanium-gasoline-tuning-module-5-of-6","status":"publish","type":"product","link":"https:\/\/www.remap101.co.uk\/pt-pt\/produto\/ecm-titanium-gasoline-tuning-module-5-of-6\/","title":{"rendered":"VTA1029: M\u00f3dulo de afina\u00e7\u00e3o da gasolina ECM Titanium 5 de 6"},"content":{"rendered":"<h2>ECM Tit\u00e2nio Gasolina | Treinamento de Gasolina Online M\u00f3dulo 5 de 6<\/h2>\n<p>ECM Tit\u00e2nio Gasolina | Treinamento de gasolina Curso de forma\u00e7\u00e3o on-line o que \u00e9 coberto:<\/p>\n<ul>\n<li>Compreender os princ\u00edpios da afina\u00e7\u00e3o de ve\u00edculos naturalmente aspirados (NA) e,<\/li>\n<li>como abordar o ajuste usando o Alientech ECM Titanium Software<\/li>\n<li>O Treinador ir\u00e1 gui\u00e1-lo atrav\u00e9s de v\u00e1rios tipos diferentes de ve\u00edculos para ajud\u00e1-lo a comparar os dados nos mapas.<\/li>\n<li>Apoiar o seu desenvolvimento de conhecimentos e tornar o curso o mais interativo poss\u00edvel para si; O curso cont\u00e9m os arquivos originais que voc\u00ea precisar\u00e1 para poder seguir o curso ao lado do instrutor.<\/li>\n<li>O treinador ir\u00e1 abordar os principais benef\u00edcios de ajustar um ve\u00edculo naturalmente aspirado e mostrar-lhe os principais mapas que podem ser ajustados para desbloquear os aumentos de desempenho nesses ve\u00edculos<\/li>\n<\/ul>\n<p>Este m\u00f3dulo de Forma\u00e7\u00e3o Online ECM Titanium Gasolina \u00e9 a 5\u00aa sess\u00e3o de uma s\u00e9rie de 6 Sess\u00f5es de Forma\u00e7\u00e3o Online de Afina\u00e7\u00e3o ECM Titanium Gasolina da Alientech. Recomendamos que fa\u00e7as todos os cursos pela ordem correta para obteres o m\u00e1ximo benef\u00edcio do teu investimento no desenvolvimento das tuas compet\u00eancias. <\/p>\n<p>Ao seguires todos os cursos da s\u00e9rie, ver\u00e1s que os teus conhecimentos e compet\u00eancias se desenvolver\u00e3o de um m\u00f3dulo para o outro.<\/p>\n<p>Com a capacidade de seguir os exerc\u00edcios pr\u00e1ticos, obter\u00e1s os melhores resultados com o remap um a um &#8211; guiar-te-emos atrav\u00e9s dos passos fundamentais para seres um Tuner competente e, mesmo que j\u00e1 estejas a utilizar o software Alientech ECM Titanium, come\u00e7a com a li\u00e7\u00e3o introdut\u00f3ria e segue confortavelmente a l\u00f3gica e a estrutura das li\u00e7\u00f5es passo a passo, um a um.<\/p>\n<p><strong>Mas espere, fica melhor&#8230;.<\/strong><\/p>\n<p>Cada sess\u00e3o de treinamento est\u00e1 dispon\u00edvel quantas vezes voc\u00ea precisar. Como tal, uma das grandes coisas sobre o treinamento on-line \u00e9 se voc\u00ea n\u00e3o entendeu bem algo. Voc\u00ea pode assisti-lo novamente, e de novo e de novo at\u00e9 domin\u00e1-lo. E voc\u00ea tamb\u00e9m pode pausar e reiniciar. Da\u00ed dar-lhe tempo para tomar notas, ou mesmo praticar o que acabou de ver    <\/p>\n<h3><strong>Software de ajuste de ECM da Alientech  <\/strong><\/h3>\n<p>Em teoria, n\u00e3o precisas de ter comprado o software de afina\u00e7\u00e3o Alientech ECM para fazeres este curso de forma\u00e7\u00e3o. No entanto, para que tenhas a melhor experi\u00eancia de aprendizagem. E para garantir que obt\u00e9ns o melhor impacto dos cursos de forma\u00e7\u00e3o Remap 101. Aconselhamos-te mesmo a fazeres a forma\u00e7\u00e3o com o software \u00e0 m\u00e3o.   <\/p>\n<p>Se tiveres o software ECM, poder\u00e1s seguir ativamente a forma\u00e7\u00e3o. Assim, poder\u00e1s participar nos exerc\u00edcios durante e ap\u00f3s a forma\u00e7\u00e3o. Sabemos que tirar\u00e1s muito mais partido da forma\u00e7\u00e3o se fizeres o curso com o software. Como tal, talvez gostes de saber que a Remap 101 tem em stock, fornece e treina praticamente todas as ferramentas e software de afina\u00e7\u00e3o. Podes ver a ferramenta de afina\u00e7\u00e3o e a loja de software aqui: <a href=\"https:\/\/www.remap101.co.uk\/pt-pt\/categoria-produto\/ferramentas-e-software-de-ajuste-profissional-pt-pt\/\">Shop<\/a><\/p>\n","protected":false},"excerpt":{"rendered":"<h2>ECM Titanium Gasoline\/Petrol Tuning Online Training Module 5 de 6<\/h2>\n","protected":false},"featured_media":56909,"comment_status":"open","ping_status":"closed","template":"","meta":{"_acf_changed":false},"product_brand":[19674,19679],"product_cat":[24689,24430,24606,24415,24596,14859,24714],"product_tag":[15298,15299,15300,15302],"class_list":{"0":"post-51259","1":"product","2":"type-product","3":"status-publish","4":"has-post-thumbnail","6":"product_brand-alientech","7":"product_brand-ecm-titanium","8":"product_cat-cursos-de-formacao-online-sobre-tuning","9":"product_cat-formacao-ecm-titanium-pt-pt","10":"product_cat-formacao-em-tuning-gasolina-gasolina","11":"product_cat-formacao-em-tuning-para-todos-os-veiculos","12":"product_cat-formacao-sobre-o-brand-tuning","13":"product_cat-alientech-pt-pt","14":"product_cat-formacao-em-ajuste-de-software","15":"product_tag-ecm-pt-pt","16":"product_tag-ecm-titanium-pt-pt","17":"product_tag-gasolina-pt-pt","18":"product_tag-gasolina-pt-pt-2","20":"first","21":"instock","22":"taxable","23":"shipping-taxable","24":"purchasable","25":"product-type-simple"},"acf":[],"_links":{"self":[{"href":"https:\/\/www.remap101.co.uk\/pt-pt\/wp-json\/wp\/v2\/product\/51259","targetHints":{"allow":["GET"]}}],"collection":[{"href":"https:\/\/www.remap101.co.uk\/pt-pt\/wp-json\/wp\/v2\/product"}],"about":[{"href":"https:\/\/www.remap101.co.uk\/pt-pt\/wp-json\/wp\/v2\/types\/product"}],"replies":[{"embeddable":true,"href":"https:\/\/www.remap101.co.uk\/pt-pt\/wp-json\/wp\/v2\/comments?post=51259"}],"wp:featuredmedia":[{"embeddable":true,"href":"https:\/\/www.remap101.co.uk\/pt-pt\/wp-json\/wp\/v2\/media\/56909"}],"wp:attachment":[{"href":"https:\/\/www.remap101.co.uk\/pt-pt\/wp-json\/wp\/v2\/media?parent=51259"}],"wp:term":[{"taxonomy":"product_brand","embeddable":true,"href":"https:\/\/www.remap101.co.uk\/pt-pt\/wp-json\/wp\/v2\/product_brand?post=51259"},{"taxonomy":"product_cat","embeddable":true,"href":"https:\/\/www.remap101.co.uk\/pt-pt\/wp-json\/wp\/v2\/product_cat?post=51259"},{"taxonomy":"product_tag","embeddable":true,"href":"https:\/\/www.remap101.co.uk\/pt-pt\/wp-json\/wp\/v2\/product_tag?post=51259"}],"curies":[{"name":"wp","href":"https:\/\/api.w.org\/{rel}","templated":true}]}}