{"id":51292,"date":"2021-11-04T14:05:46","date_gmt":"2021-11-04T14:05:46","guid":{"rendered":"https:\/\/www.remap101.co.uk\/product\/evc-winols-diesel-tuning-modulo-3-de-6\/"},"modified":"2026-01-20T13:23:01","modified_gmt":"2026-01-20T13:23:01","slug":"evc-winols-diesel-tuning-module-3-of-6","status":"publish","type":"product","link":"https:\/\/www.remap101.co.uk\/pt-pt\/produto\/evc-winols-diesel-tuning-module-3-of-6\/","title":{"rendered":"VTA1015: M\u00f3dulo de afina\u00e7\u00e3o de motores diesel EVC WinOLS 3 de 6"},"content":{"rendered":"<h2>VTA1015: Curso Online de Forma\u00e7\u00e3o em Tuning Diesel EVC WinOLS: M\u00f3dulo 3 de 6<\/h2>\n<p>Este m\u00f3dulo online de forma\u00e7\u00e3o WinOLS Diesel Tuning \u00e9 o 3\u00ba m\u00f3dulo de forma\u00e7\u00e3o do nosso curso online de forma\u00e7\u00e3o Viezu Remap101 WinOLS Diesel Tuning.<\/p>\n<p>Para tirares o m\u00e1ximo proveito e valor dos nossos cursos online, deves fazer os m\u00f3dulos pela ordem correta. Isto permitir-te-\u00e1 desenvolver os teus conhecimentos e compet\u00eancias de uma forma estruturada. Come\u00e7a por aprender os fundamentos e depois constr\u00f3i logicamente a partir da\u00ed. Cada m\u00f3dulo baseia-se nos conhecimentos do m\u00f3dulo anterior.<\/p>\n<p>Este curso de forma\u00e7\u00e3o online Viezu Remap101 cont\u00e9m um total de 8 m\u00f3dulos sobre a utiliza\u00e7\u00e3o do WinOLS para a afina\u00e7\u00e3o e calibra\u00e7\u00e3o de ve\u00edculos a diesel.<\/p>\n<p>O software WinOLS \u00e9 poderoso mas pode ser dif\u00edcil de aprender &#8211; a interface do utilizador \u00e9 uma &#8220;tela em branco&#8221;. Por isso, os nossos cursos de forma\u00e7\u00e3o WinOLS incluem um maior n\u00famero de m\u00f3dulos do que os nossos cursos de forma\u00e7\u00e3o para outros pacotes de software.<\/p>\n<p>Neste m\u00f3dulo, ser\u00e1s levado mais a fundo na aplica\u00e7\u00e3o pr\u00e1tica e na utiliza\u00e7\u00e3o do EVC WinOLS 5. Aprender\u00e1s sobre os tipos mais comuns de mapas de motores diesel e os seus tamanhos t\u00edpicos.<\/p>\n<p>Precisas de pelo menos 1 hora para ver o conte\u00fado do curso.<\/p>\n<p>Quando compras os m\u00f3dulos online Viezu Remap101, tens acesso vital\u00edcio &#8211; podes ver e rever quantas vezes quiseres. Isto significa que podes rever e revisitar t\u00f3picos espec\u00edficos de interesse, e refor\u00e7ar a tua aprendizagem.<\/p>\n<p>&nbsp;<\/p>\n<p>&nbsp;<\/p>\n<h3>Software EVC WinOLS 5<\/h3>\n<p>Ter\u00e1s uma melhor experi\u00eancia de aprendizagem com este curso online se tiveres o software WinOLS a correr no teu pr\u00f3prio port\u00e1til ou PC enquanto segues o curso.<\/p>\n<p>Desta forma, podes praticar o que acabaste de aprender no v\u00eddeo. Podes seguir o que o formador te est\u00e1 a mostrar, \u00e0 medida que vais avan\u00e7ando. Esta \u00e9 uma aprendizagem pr\u00e1tica que te dar\u00e1 mais confian\u00e7a para fazeres a tua pr\u00f3pria afina\u00e7\u00e3o e calibra\u00e7\u00e3o de diesel no mundo real com o WinOLS.<\/p>\n<p>Se ainda n\u00e3o tens uma vers\u00e3o completa do software de afina\u00e7\u00e3o EVC WinOLS, podes v\u00ea-la e compr\u00e1-la aqui na nossa loja de afina\u00e7\u00e3o online &#8211; <a href=\"https:\/\/www.remap101.co.uk\/pt-pt\/categoria-produto\/ferramentas-e-software-de-ajuste-profissional-pt-pt\/\">Software de afina\u00e7\u00e3o<\/a><\/p>\n","protected":false},"excerpt":{"rendered":"<p>EVC WinOLS Diesel Tuning Training Online: M\u00f3dulo 3 de 6; Esta Sess\u00e3o Online de Treinamento de Tuning WinOLS 5 Diesel \u00e9 o terceiro m\u00f3dulo de treinamento para WinOlS 5 Diesel. \u00c9 importante que j\u00e1 tenha feito os M\u00f3dulos anteriores para compreender os t\u00f3picos abordados neste curso de forma\u00e7\u00e3o.<\/p>\n","protected":false},"featured_media":56309,"comment_status":"open","ping_status":"closed","template":"","meta":{"_acf_changed":false},"product_brand":[21146,19675],"product_cat":[24689,24605,24599,24415,24416,24418,24597,24714],"product_tag":[],"class_list":{"0":"post-51292","1":"product","2":"type-product","3":"status-publish","4":"has-post-thumbnail","6":"product_brand-evc","7":"product_brand-winols","8":"product_cat-cursos-de-formacao-online-sobre-tuning","9":"product_cat-formacao-diesel-tuning","10":"product_cat-formacao-tuning-por-tipo-de-veiculo","11":"product_cat-formacao-em-tuning-para-todos-os-veiculos","12":"product_cat-treinamento-evc-winols","13":"product_cat-formacao-em-afinacao-eletronica-evc","14":"product_cat-formacao-tuning-por-nivel","15":"product_cat-formacao-em-ajuste-de-software","17":"first","18":"instock","19":"taxable","20":"shipping-taxable","21":"purchasable","22":"product-type-simple"},"acf":[],"_links":{"self":[{"href":"https:\/\/www.remap101.co.uk\/pt-pt\/wp-json\/wp\/v2\/product\/51292","targetHints":{"allow":["GET"]}}],"collection":[{"href":"https:\/\/www.remap101.co.uk\/pt-pt\/wp-json\/wp\/v2\/product"}],"about":[{"href":"https:\/\/www.remap101.co.uk\/pt-pt\/wp-json\/wp\/v2\/types\/product"}],"replies":[{"embeddable":true,"href":"https:\/\/www.remap101.co.uk\/pt-pt\/wp-json\/wp\/v2\/comments?post=51292"}],"wp:featuredmedia":[{"embeddable":true,"href":"https:\/\/www.remap101.co.uk\/pt-pt\/wp-json\/wp\/v2\/media\/56309"}],"wp:attachment":[{"href":"https:\/\/www.remap101.co.uk\/pt-pt\/wp-json\/wp\/v2\/media?parent=51292"}],"wp:term":[{"taxonomy":"product_brand","embeddable":true,"href":"https:\/\/www.remap101.co.uk\/pt-pt\/wp-json\/wp\/v2\/product_brand?post=51292"},{"taxonomy":"product_cat","embeddable":true,"href":"https:\/\/www.remap101.co.uk\/pt-pt\/wp-json\/wp\/v2\/product_cat?post=51292"},{"taxonomy":"product_tag","embeddable":true,"href":"https:\/\/www.remap101.co.uk\/pt-pt\/wp-json\/wp\/v2\/product_tag?post=51292"}],"curies":[{"name":"wp","href":"https:\/\/api.w.org\/{rel}","templated":true}]}}