{"id":51300,"date":"2021-10-29T10:30:51","date_gmt":"2021-10-29T09:30:51","guid":{"rendered":"https:\/\/www.remap101.co.uk\/product\/evc-winols-diesel-tuning-modulo-2-de-6\/"},"modified":"2026-01-20T12:58:59","modified_gmt":"2026-01-20T12:58:59","slug":"evc-winols-diesel-tuning-module-2-of-6","status":"publish","type":"product","link":"https:\/\/www.remap101.co.uk\/pt-pt\/produto\/evc-winols-diesel-tuning-module-2-of-6\/","title":{"rendered":"VTA1014: M\u00f3dulo de afina\u00e7\u00e3o de motores diesel EVC WinOLS 2 de 6"},"content":{"rendered":"<h2>VTA1014: Curso de Forma\u00e7\u00e3o em Tuning Diesel EVC WinOLS: M\u00f3dulo 2 de 6<\/h2>\n<p>Este m\u00f3dulo de forma\u00e7\u00e3o WinOLS Diesel Tuning \u00e9 o segundo m\u00f3dulo de forma\u00e7\u00e3o do nosso curso de forma\u00e7\u00e3o online Viezu Remap101 WinOLS Diesel Tuning.<\/p>\n<p>Para tirares o m\u00e1ximo proveito dos nossos cursos online, \u00e9 melhor fazeres os m\u00f3dulos pela ordem correta. Isto permitir-te-\u00e1 desenvolver os teus conhecimentos de uma forma l\u00f3gica. Come\u00e7a com os fundamentos e depois constr\u00f3i a partir da\u00ed. Cada m\u00f3dulo baseia-se nos conhecimentos do m\u00f3dulo anterior.<\/p>\n<p>Este curso de forma\u00e7\u00e3o online Viezu Remap101 tem um total de 8 m\u00f3dulos sobre a utiliza\u00e7\u00e3o do WinOLS para a afina\u00e7\u00e3o e calibra\u00e7\u00e3o de ve\u00edculos a gas\u00f3leo (alguns m\u00f3dulos t\u00eam 2 partes &#8211; um m\u00f3dulo parte A e um m\u00f3dulo parte B).<\/p>\n<p>O software WinOLS \u00e9 poderoso mas dif\u00edcil de aprender &#8211; a interface do utilizador \u00e9 uma &#8220;tela em branco&#8221;. Por isso, os nossos cursos de forma\u00e7\u00e3o WinOLS incluem um maior n\u00famero de m\u00f3dulos do que os nossos cursos de forma\u00e7\u00e3o para outros pacotes de software.<\/p>\n<p>Neste m\u00f3dulo, aprende a abrir corretamente um projeto no EVC WinOLS 5. Aprender\u00e1s a terminologia utilizada no software. Aprender\u00e1s a navegar pelos teus projectos de desenvolvimento e afina\u00e7\u00e3o de ficheiros no WinOLS.<\/p>\n<p>Aprende tamb\u00e9m a abrir um projeto existente e o que deve ser evitado ao abrir um projeto atual.<\/p>\n<p>Esta forma\u00e7\u00e3o WinOLS tuning para diesel inclui tamb\u00e9m um Ficheiro Original para o ve\u00edculo de exemplo da forma\u00e7\u00e3o, um BMW E9 320d. O ficheiro original est\u00e1 dispon\u00edvel para download gratuito para que possas seguir e participar ativamente neste curso com o formador.<\/p>\n<p>Precisas de pelo menos 1 hora para ver o conte\u00fado do curso. Depois, estar\u00e1s pronto para avan\u00e7ar para o m\u00f3dulo seguinte do curso.<\/p>\n<p>Quando compras os m\u00f3dulos de forma\u00e7\u00e3o online Viezu Remap101, tens acesso vital\u00edcio ao m\u00f3dulo &#8211; podes ver, rever e rever sempre que quiseres. Isto significa que podes rever t\u00f3picos espec\u00edficos de interesse e refor\u00e7ar a tua aprendizagem.<\/p>\n<p>&nbsp;<\/p>\n<p>&nbsp;<\/p>\n<h3>Software EVC WinOLS 5<\/h3>\n<p>Ter\u00e1s uma melhor experi\u00eancia de aprendizagem com este curso online se tiveres o software WinOLS a correr no teu pr\u00f3prio port\u00e1til ou PC enquanto segues o curso.<\/p>\n<p>Desta forma, podes praticar o que acabaste de aprender no v\u00eddeo. Podes seguir o que o formador te est\u00e1 a mostrar, \u00e0 medida que vais avan\u00e7ando. Esta \u00e9 uma aprendizagem pr\u00e1tica que te dar\u00e1 mais confian\u00e7a para fazeres a tua pr\u00f3pria afina\u00e7\u00e3o e calibra\u00e7\u00e3o de diesel no mundo real com o WinOLS.<\/p>\n<p>Se ainda n\u00e3o tens uma vers\u00e3o completa do software de afina\u00e7\u00e3o EVC WinOLS, podes v\u00ea-la e compr\u00e1-la aqui na nossa loja de afina\u00e7\u00e3o online &#8211; <a href=\"https:\/\/www.remap101.co.uk\/pt-pt\/categoria-produto\/ferramentas-e-software-de-ajuste-profissional-pt-pt\/\">Software de afina\u00e7\u00e3o<\/a><\/p>\n","protected":false},"excerpt":{"rendered":"<p>Esta \u00e9 a segunda instala\u00e7\u00e3o do EVC WinOLS Diesel Tuning Module. Existem seis m\u00f3dulos dentro desta s\u00e9rie &#8211; os m\u00f3dulos ajudam o aluno, fornecendo instru\u00e7\u00f5es detalhadas sobre o uso do EVC WinOLS desde o in\u00edcio at\u00e9 solu\u00e7\u00f5es avan\u00e7adas de afina\u00e7\u00e3o. Neste m\u00f3dulo o foco est\u00e1 nos Projetos e na terminologia usada dentro do software para que o aluno desenvolva uma compreens\u00e3o confiante das fun\u00e7\u00f5es, teclas e recursos dentro do software extremamente excelente &#8211; EVC WinOLS.<\/p>\n","protected":false},"featured_media":56279,"comment_status":"open","ping_status":"closed","template":"","meta":{"_acf_changed":false},"product_brand":[21146,19675],"product_cat":[24689,24605,24599,24415,24416,24418,24597,24714],"product_tag":[15307,15309,15486,23011,15485],"class_list":{"0":"post-51300","1":"product","2":"type-product","3":"status-publish","4":"has-post-thumbnail","6":"product_brand-evc","7":"product_brand-winols","8":"product_cat-cursos-de-formacao-online-sobre-tuning","9":"product_cat-formacao-diesel-tuning","10":"product_cat-formacao-tuning-por-tipo-de-veiculo","11":"product_cat-formacao-em-tuning-para-todos-os-veiculos","12":"product_cat-treinamento-evc-winols","13":"product_cat-formacao-em-afinacao-eletronica-evc","14":"product_cat-formacao-tuning-por-nivel","15":"product_cat-formacao-em-ajuste-de-software","16":"product_tag-evc-winols-pt-pt","17":"product_tag-evc-winols-diesel-pt-pt","18":"product_tag-evc-winols-diesel-tuning-modulo-2-de-6-pt-pt","19":"product_tag-software-de-ajuste-winols-5-evc-pt-pt","20":"product_tag-treinamento-winols","22":"first","23":"instock","24":"taxable","25":"shipping-taxable","26":"purchasable","27":"product-type-simple"},"acf":[],"_links":{"self":[{"href":"https:\/\/www.remap101.co.uk\/pt-pt\/wp-json\/wp\/v2\/product\/51300","targetHints":{"allow":["GET"]}}],"collection":[{"href":"https:\/\/www.remap101.co.uk\/pt-pt\/wp-json\/wp\/v2\/product"}],"about":[{"href":"https:\/\/www.remap101.co.uk\/pt-pt\/wp-json\/wp\/v2\/types\/product"}],"replies":[{"embeddable":true,"href":"https:\/\/www.remap101.co.uk\/pt-pt\/wp-json\/wp\/v2\/comments?post=51300"}],"wp:featuredmedia":[{"embeddable":true,"href":"https:\/\/www.remap101.co.uk\/pt-pt\/wp-json\/wp\/v2\/media\/56279"}],"wp:attachment":[{"href":"https:\/\/www.remap101.co.uk\/pt-pt\/wp-json\/wp\/v2\/media?parent=51300"}],"wp:term":[{"taxonomy":"product_brand","embeddable":true,"href":"https:\/\/www.remap101.co.uk\/pt-pt\/wp-json\/wp\/v2\/product_brand?post=51300"},{"taxonomy":"product_cat","embeddable":true,"href":"https:\/\/www.remap101.co.uk\/pt-pt\/wp-json\/wp\/v2\/product_cat?post=51300"},{"taxonomy":"product_tag","embeddable":true,"href":"https:\/\/www.remap101.co.uk\/pt-pt\/wp-json\/wp\/v2\/product_tag?post=51300"}],"curies":[{"name":"wp","href":"https:\/\/api.w.org\/{rel}","templated":true}]}}