{"id":51307,"date":"2021-10-28T12:17:09","date_gmt":"2021-10-28T11:17:09","guid":{"rendered":"https:\/\/www.remap101.co.uk\/product\/evc-winols-diesel-tuning-training-modulo-1-de-6\/"},"modified":"2026-01-07T14:35:09","modified_gmt":"2026-01-07T14:35:09","slug":"evc-winols-diesel-tuning-module-1-of-6","status":"publish","type":"product","link":"https:\/\/www.remap101.co.uk\/pt-pt\/produto\/evc-winols-diesel-tuning-module-1-of-6\/","title":{"rendered":"VTA1013: Curso de Forma\u00e7\u00e3o em Tuning de Ve\u00edculos Diesel EVC WinOLS: M\u00f3dulo 1 de 6"},"content":{"rendered":"<h2>VTA1013: Curso de Forma\u00e7\u00e3o em Tuning de Ve\u00edculos Diesel EVC WinOLS: M\u00f3dulo 1 de 6<\/h2>\n<p>Est\u00e1s pronto para iniciar a tua viagem para a afina\u00e7\u00e3o profissional de motores diesel?<\/p>\n<p><strong>O curso de forma\u00e7\u00e3o online Viezu Remap101 no EVC WinOLS Diesel Tuning<\/strong> vai ajudar-te a atingir os teus objectivos de tuning e de neg\u00f3cio. Este 1\u00ba m\u00f3dulo do curso \u00e9 o teu primeiro passo essencial.<\/p>\n<p>Este m\u00f3dulo oferece duas li\u00e7\u00f5es aprofundadas que o guiam atrav\u00e9s do download, instala\u00e7\u00e3o e configura\u00e7\u00e3o correta do <strong>software WinOLS 5<\/strong> l\u00edder da ind\u00fastria, estabelecendo uma base s\u00f3lida para uma aprendizagem mais aprofundada sobre este software e a sua utiliza\u00e7\u00e3o para o remapeamento e afina\u00e7\u00e3o de ECUs a diesel. Aprender\u00e1s a interface do WinOLS e as suas principais funcionalidades.<\/p>\n<p>H\u00e1 8 m\u00f3dulos no total neste curso online sobre a utiliza\u00e7\u00e3o do WinOLS para afina\u00e7\u00e3o de motores diesel (alguns dos m\u00f3dulos t\u00eam 2 partes &#8211; um m\u00f3dulo parte A e um m\u00f3dulo parte B).<\/p>\n<p>O software WinOLS \u00e9 dif\u00edcil de aprender, pelo que os nossos cursos de forma\u00e7\u00e3o WinOLS incluem um maior n\u00famero de m\u00f3dulos do que os nossos cursos para outras plataformas de software.<\/p>\n<p>Para tirares o m\u00e1ximo partido dos nossos cursos online, \u00e9 melhor fazeres os m\u00f3dulos pela ordem correta. Isto significa que podes construir o teu conhecimento de uma forma estruturada. Cada m\u00f3dulo baseia-se nos conhecimentos do m\u00f3dulo anterior.<\/p>\n<h2>Aprende ao teu pr\u00f3prio ritmo &#8211; 100% online<\/h2>\n<p>Diz adeus aos hor\u00e1rios r\u00edgidos e \u00e0s viagens dispendiosas para os cursos presenciais. Os nossos cursos online permitem-te aprender em qualquer altura e em qualquer lugar. Quer estejas a sintonizar \u00e0 noite ou de manh\u00e3 cedo, podes fazer uma pausa, rebobinar e rever cada sec\u00e7\u00e3o at\u00e9 estares confiante e pronto para avan\u00e7ar. Tira notas, acompanha com o teu pr\u00f3prio software e desfruta de um controlo total sobre a tua aprendizagem.<\/p>\n<p>Quando compras os m\u00f3dulos de forma\u00e7\u00e3o online Viezu Remap101, tens acesso vital\u00edcio &#8211; podes ver, rever e rever as vezes que quiseres &#8211; n\u00e3o h\u00e1 limites.<\/p>\n<h2>Aplica\u00e7\u00e3o no mundo real com o software BMW ECU<\/h2>\n<p>Este curso n\u00e3o \u00e9 apenas teoria &#8211;<strong>trabalhar\u00e1s com um ficheiro ECU genu\u00edno da BMW<\/strong>, dando-te compet\u00eancias pr\u00e1ticas que se traduzem diretamente em afina\u00e7\u00e3o no mundo real. As t\u00e9cnicas ensinadas aplicam-se a uma vasta gama de ve\u00edculos a diesel, tornando a tua aprendizagem transfer\u00edvel e os teus conhecimentos comercializ\u00e1veis.<\/p>\n<h2>Refor\u00e7a as tuas credenciais com um certificado de curso<\/h2>\n<p>Completa com sucesso o m\u00f3dulo e a avalia\u00e7\u00e3o para obteres um <strong>certificado de curso reconhecido &#8211; uma<\/strong>adi\u00e7\u00e3o valiosa ao teu perfil profissional. Mostra aos clientes, empregadores ou redes de tuning que levas a s\u00e9rio o tuning diesel e o desenvolvimento t\u00e9cnico.<\/p>\n<h2>Entrada acess\u00edvel no remapeamento profissional da ECU<\/h2>\n<p>Este primeiro m\u00f3dulo \u00e9 uma forma econ\u00f3mica de iniciares a tua viagem no mundo da calibra\u00e7\u00e3o de ECUs diesel. Adquire as compet\u00eancias e a confian\u00e7a de que precisas para avan\u00e7ar neste curso de forma\u00e7\u00e3o online &#8211; sem o elevado custo dos workshops presenciais.<\/p>\n<h2>Carater\u00edsticas principais:<\/h2>\n<ul>\n<li>2 aulas de v\u00eddeo online orientadas por especialistas neste m\u00f3dulo<\/li>\n<li>Aprendizagem individualizada &#8211; Acede a qualquer hora, em qualquer lugar<\/li>\n<li>Inclui o verdadeiro ficheiro ECU BMW Diesel<\/li>\n<li>Adequado para principiantes sem experi\u00eancia anterior<\/li>\n<li>Certificado de conclus\u00e3o do curso<\/li>\n<li>Introdu\u00e7\u00e3o perfeita ao software de afina\u00e7\u00e3o WinOLS 5<\/li>\n<\/ul>\n<h2>A quem se destina este curso?<\/h2>\n<p>Este curso \u00e9 ideal para:<\/p>\n<ul>\n<li>Aspirantes a afinadores de motores diesel com pouca ou nenhuma experi\u00eancia anterior<\/li>\n<li>Propriet\u00e1rios de oficinas que pretendem efetuar a afina\u00e7\u00e3o da UCE a n\u00edvel interno<\/li>\n<li>Os t\u00e9cnicos est\u00e3o a transitar de ferramentas de afina\u00e7\u00e3o gen\u00e9ricas para plataformas de desenvolvimento profissional<\/li>\n<li>Algu\u00e9m que queira realmente dominar o remapeamento de gas\u00f3leo com o EVC WinOLS<\/li>\n<\/ul>\n<p>Inscreve-te hoje no <strong>M\u00f3dulo 1<\/strong> e abre a porta para uma carreira de alto desempenho na afina\u00e7\u00e3o de ECUs diesel. \u00c9 aqui que come\u00e7a a tua viagem.<\/p>\n<p><strong>\u27a1\ufe0f Come\u00e7a agora e aumenta o teu potencial.<\/strong><\/p>\n<p>&nbsp;<\/p>\n<p>&nbsp;<\/p>\n<h3>Software EVC WinOLS 5<\/h3>\n<p>Ter\u00e1s uma melhor experi\u00eancia de aprendizagem se tiveres o software WinOLS a correr no teu pr\u00f3prio computador port\u00e1til enquanto segues o curso.<\/p>\n<p>Isto significa que podes praticar o que acabaste de aprender. Podes seguir o que o formador te est\u00e1 a mostrar, \u00e0 medida que vais avan\u00e7ando. Isto dar-te-\u00e1 mais confian\u00e7a para fazeres os teus pr\u00f3prios ajustes no mundo real com o WinOLS.<\/p>\n<p>Se ainda n\u00e3o tens uma vers\u00e3o completa do software de afina\u00e7\u00e3o EVC WinOLS, podes compr\u00e1-la aqui na nossa loja de afina\u00e7\u00e3o online &#8211; <a href=\"https:\/\/www.remap101.co.uk\/pt-pt\/categoria-produto\/ferramentas-e-software-de-ajuste-profissional-pt-pt\/\">Software de afina\u00e7\u00e3o<\/a><\/p>\n","protected":false},"excerpt":{"rendered":"<p>EVC WinOLS Diesel Tuning Module 1 de 6; duas li\u00e7\u00f5es que abrangem o download, a instala\u00e7\u00e3o e a configura\u00e7\u00e3o do EVC WinOLS5.<\/p>\n<p>Cada sess\u00e3o de treino pode ser assistida v\u00e1rias vezes. Como tal, uma das grandes coisas sobre o treinamento on-line \u00e9 se voc\u00ea n\u00e3o entendeu bem algo. Voc\u00ea pode assisti-lo novamente, e de novo e de novo at\u00e9 domin\u00e1-lo. E voc\u00ea tamb\u00e9m pode pausar e reiniciar. Da\u00ed dar-lhe tempo para tomar notas, ou mesmo praticar o que acabou de ver<\/p>\n<p>Este \u00e9 um m\u00f3dulo de forma\u00e7\u00e3o completo. Reserva 1 hora para fazeres este curso e o teste associado ao mesmo<\/p>\n","protected":false},"featured_media":77366,"comment_status":"open","ping_status":"closed","template":"","meta":{"_acf_changed":false},"product_brand":[21146,19675],"product_cat":[24689,24605,24599,24415,24416,24418,24597,24714],"product_tag":[15306,15215],"class_list":{"0":"post-51307","1":"product","2":"type-product","3":"status-publish","4":"has-post-thumbnail","6":"product_brand-evc","7":"product_brand-winols","8":"product_cat-cursos-de-formacao-online-sobre-tuning","9":"product_cat-formacao-diesel-tuning","10":"product_cat-formacao-tuning-por-tipo-de-veiculo","11":"product_cat-formacao-em-tuning-para-todos-os-veiculos","12":"product_cat-treinamento-evc-winols","13":"product_cat-formacao-em-afinacao-eletronica-evc","14":"product_cat-formacao-tuning-por-nivel","15":"product_cat-formacao-em-ajuste-de-software","16":"product_tag-evc-pt-pt","17":"product_tag-software-de-ajuste-winols-5-evc","19":"first","20":"instock","21":"taxable","22":"shipping-taxable","23":"purchasable","24":"product-type-simple"},"acf":[],"_links":{"self":[{"href":"https:\/\/www.remap101.co.uk\/pt-pt\/wp-json\/wp\/v2\/product\/51307","targetHints":{"allow":["GET"]}}],"collection":[{"href":"https:\/\/www.remap101.co.uk\/pt-pt\/wp-json\/wp\/v2\/product"}],"about":[{"href":"https:\/\/www.remap101.co.uk\/pt-pt\/wp-json\/wp\/v2\/types\/product"}],"replies":[{"embeddable":true,"href":"https:\/\/www.remap101.co.uk\/pt-pt\/wp-json\/wp\/v2\/comments?post=51307"}],"wp:featuredmedia":[{"embeddable":true,"href":"https:\/\/www.remap101.co.uk\/pt-pt\/wp-json\/wp\/v2\/media\/77366"}],"wp:attachment":[{"href":"https:\/\/www.remap101.co.uk\/pt-pt\/wp-json\/wp\/v2\/media?parent=51307"}],"wp:term":[{"taxonomy":"product_brand","embeddable":true,"href":"https:\/\/www.remap101.co.uk\/pt-pt\/wp-json\/wp\/v2\/product_brand?post=51307"},{"taxonomy":"product_cat","embeddable":true,"href":"https:\/\/www.remap101.co.uk\/pt-pt\/wp-json\/wp\/v2\/product_cat?post=51307"},{"taxonomy":"product_tag","embeddable":true,"href":"https:\/\/www.remap101.co.uk\/pt-pt\/wp-json\/wp\/v2\/product_tag?post=51307"}],"curies":[{"name":"wp","href":"https:\/\/api.w.org\/{rel}","templated":true}]}}