{"id":52571,"date":"2022-06-30T17:41:39","date_gmt":"2022-06-30T16:41:39","guid":{"rendered":"https:\/\/www.remap101.co.uk\/product\/formacao-kess3-para-a-acreditacao-imi-tuning-remap\/"},"modified":"2025-12-08T06:32:23","modified_gmt":"2025-12-08T06:32:23","slug":"how-to-read-and-write-an-ecu-kess3-training-for-imi-accreditation","status":"publish","type":"product","link":"https:\/\/www.remap101.co.uk\/pt-pt\/produto\/how-to-read-and-write-an-ecu-kess3-training-for-imi-accreditation\/","title":{"rendered":"VTA074: Como ler e escrever uma ECU &#8211; KESS3 para acredita\u00e7\u00e3o IMI"},"content":{"rendered":"<h2><strong>Certificado de Realiza\u00e7\u00e3o Profissional Acreditado IMI<\/strong><\/h2>\n<h4><strong>KESS3 Training for IMI Tuning Remap Accreditation &#8211; O que \u00e9 este curso?<\/strong><\/h4>\n<p>N\u00e3o aprenda apenas a ler e escrever para uma ECU, aprenda os m\u00e9todos corretos e seguros e as melhores pr\u00e1ticas ao faz\u00ea-lo. Bem como obter um certificado formal IMI &#8211; Instituto da Ind\u00fastria Autom\u00f3vel para afina\u00e7\u00e3o e remapeamento de ecus. <\/p>\n<h4><strong>Como ler e escrever a ECU de um ve\u00edculo usando o programa de equipamento de ajuste do ve\u00edculo<\/strong><\/h4>\n<p>A Viezu trouxe-te este curso online para apoiar todos os alunos que desejam participar no organismo profissional para pessoas do sector autom\u00f3vel &#8211; <a href=\"https:\/\/tide.theimi.org.uk\/\" target=\"_blank\" rel=\"noopener\">o Instituto da Ind\u00fastria Autom\u00f3vel<\/a> (IMI).<\/p>\n<p>Este curso oferece um valor excecional para aqueles que desejam expandir as oportunidades de neg\u00f3cio e de carreira. Por isso, porque n\u00e3o te destacas na ind\u00fastria. <\/p>\n<h4><strong>Por que a VIEZU est\u00e1 oferecendo este curso?<\/strong><\/h4>\n<p>O VIEZU \u00e9 um Centro de Forma\u00e7\u00e3o Aprovado, que complementa mais de 600 centros que oferecem solu\u00e7\u00f5es de qualifica\u00e7\u00e3o, aprendizagem IMI e desenvolvimento a profissionais do setor autom\u00f3vel.<\/p>\n<h4><strong>Obter qualifica\u00e7\u00f5es profissionais atrav\u00e9s do VIEZU, um centro de forma\u00e7\u00e3o aprovado pelo IMI<\/strong><\/h4>\n<p>Expande os teus conhecimentos utilizando a nossa informa\u00e7\u00e3o t\u00e9cnica com confian\u00e7a; o IMI assegura os mais elevados padr\u00f5es de aprendizagem e desenvolvimento.<\/p>\n<p>Os cursos do IMI s\u00e3o ministrados atrav\u00e9s de centros aprovados e parceiros especializados em todo o mundo. Como tal, a VIEZU tem vindo a oferecer este servi\u00e7o aos Tuners Profissionais de Ve\u00edculos desde 2014. <\/p>\n<p>Ao criar este curso online, estamos a oferecer a conveni\u00eancia de veres webinars e aprenderes online no teu pr\u00f3prio tempo.<\/p>\n<h4><strong>A quem se destina?<\/strong><\/h4>\n<p>Este curso KESS3 Training for IMI Tuning Remap Accreditation destina-se a todos os que pretendem obter uma qualifica\u00e7\u00e3o profissional em tuning. Assim como a utiliza\u00e7\u00e3o de ferramentas de tuning e m\u00e9todos de leitura e escrita numa ECU. <\/p>\n<p>Ajud\u00e1mos a formar e apoi\u00e1mos muitos profissionais da ind\u00fastria autom\u00f3vel a atingir os seus objectivos de carreira e de desenvolvimento. Al\u00e9m disso, formamos t\u00e9cnicas modernas de afina\u00e7\u00e3o de ve\u00edculos e afina\u00e7\u00e3o e remapeamento eletr\u00f3nico de ve\u00edculos no mercado p\u00f3s-venda. <\/p>\n<h4><strong>Como \u00e9 realizado o teste?<\/strong><\/h4>\n<p>Agora voc\u00ea pode concluir o curso e os testes on-line<\/p>\n<h4><strong>O que recebo?<\/strong><\/h4>\n<p>Depois de teres conclu\u00eddo com \u00eaxito este curso e teres obtido a classifica\u00e7\u00e3o associada, receber\u00e1s o teu certificado de qualifica\u00e7\u00e3o formal do IMI.<\/p>\n<p>Al\u00e9m disso, se estiveres \u00e0 procura de ferramentas de afina\u00e7\u00e3o e software de remapeamento, podes encontr\u00e1-los na loja aqui: <a href=\"https:\/\/www.remap101.co.uk\/pt-pt\/categoria-produto\/ferramentas-e-software-de-ajuste-profissional-pt-pt\/\">Ferramentas de afina\u00e7\u00e3o profissionais<\/a><\/p>\n<p>Forma\u00e7\u00e3o KESS3 da Alientech para a Acredita\u00e7\u00e3o IMI Tuning Remap apenas a partir de Remap101 e VIEZU<\/p>\n","protected":false},"excerpt":{"rendered":"<p>Certificado de Realiza\u00e7\u00e3o Profissional Acreditado IMI KESS3 Training for IMI Tuning Remap Accreditation &#8211; O que \u00e9 este curso? N\u00e3o aprenda apenas a ler e escrever para uma ECU, aprenda os m\u00e9todos corretos e seguros e as melhores pr\u00e1ticas ao faz\u00ea-lo. Bem como obter um certificado formal IMI &#8211; Instituto da Ind\u00fastria Autom\u00f3vel para afina\u00e7\u00e3o [&hellip;]<\/p>\n","protected":false},"featured_media":58389,"comment_status":"open","ping_status":"closed","template":"","meta":{"_acf_changed":false},"product_brand":[19674,19681],"product_cat":[24689,24415,24596,14859,24716,14886],"product_tag":[15765,15409,15763,15176,15177,15764],"class_list":{"0":"post-52571","1":"product","2":"type-product","3":"status-publish","4":"has-post-thumbnail","6":"product_brand-alientech","7":"product_brand-kess-3","8":"product_cat-cursos-de-formacao-online-sobre-tuning","9":"product_cat-formacao-em-tuning-para-todos-os-veiculos","10":"product_cat-formacao-sobre-o-brand-tuning","11":"product_cat-alientech-pt-pt","12":"product_cat-formacao-de-ferramentas-de-ajuste-de-hardware","13":"product_cat-kess3-pt-pt","14":"product_tag-alienigena","15":"product_tag-alientech-pt-pt","16":"product_tag-alientech-kess3-pt-pt","17":"product_tag-kess-pt-pt","18":"product_tag-kess-3-pt-pt","19":"product_tag-kess3-escravo","21":"first","22":"instock","23":"taxable","24":"shipping-taxable","25":"purchasable","26":"product-type-simple"},"acf":[],"_links":{"self":[{"href":"https:\/\/www.remap101.co.uk\/pt-pt\/wp-json\/wp\/v2\/product\/52571","targetHints":{"allow":["GET"]}}],"collection":[{"href":"https:\/\/www.remap101.co.uk\/pt-pt\/wp-json\/wp\/v2\/product"}],"about":[{"href":"https:\/\/www.remap101.co.uk\/pt-pt\/wp-json\/wp\/v2\/types\/product"}],"replies":[{"embeddable":true,"href":"https:\/\/www.remap101.co.uk\/pt-pt\/wp-json\/wp\/v2\/comments?post=52571"}],"wp:featuredmedia":[{"embeddable":true,"href":"https:\/\/www.remap101.co.uk\/pt-pt\/wp-json\/wp\/v2\/media\/58389"}],"wp:attachment":[{"href":"https:\/\/www.remap101.co.uk\/pt-pt\/wp-json\/wp\/v2\/media?parent=52571"}],"wp:term":[{"taxonomy":"product_brand","embeddable":true,"href":"https:\/\/www.remap101.co.uk\/pt-pt\/wp-json\/wp\/v2\/product_brand?post=52571"},{"taxonomy":"product_cat","embeddable":true,"href":"https:\/\/www.remap101.co.uk\/pt-pt\/wp-json\/wp\/v2\/product_cat?post=52571"},{"taxonomy":"product_tag","embeddable":true,"href":"https:\/\/www.remap101.co.uk\/pt-pt\/wp-json\/wp\/v2\/product_tag?post=52571"}],"curies":[{"name":"wp","href":"https:\/\/api.w.org\/{rel}","templated":true}]}}