{"id":52587,"date":"2022-06-25T13:17:19","date_gmt":"2022-06-25T12:17:19","guid":{"rendered":"https:\/\/www.remap101.co.uk\/product\/evc-winols-gasolina-modulo-de-afinacao-6-de-6b\/"},"modified":"2026-01-15T10:46:26","modified_gmt":"2026-01-15T10:46:26","slug":"online-evc-winols-gasoline-training-module-6-of-6b","status":"publish","type":"product","link":"https:\/\/www.remap101.co.uk\/pt-pt\/produto\/online-evc-winols-gasoline-training-module-6-of-6b\/","title":{"rendered":"VTA1040: M\u00f3dulo de Afina\u00e7\u00e3o de Gasolina do EVC WinOLS 6 de 6b"},"content":{"rendered":"<h2>Treinamento on-line de gasolina EVC WinOLS<\/h2>\n<h3>Online EVC WinOLS Gasolina M\u00f3dulo de Treinamento 6 de 6b<\/h3>\n<p>Este Online EVC WinOLS Gasoline Training Module 6 de 6b \u00e9 um programa de treinamento de duas partes que consiste em:<\/p>\n<ol>\n<li>EVC WinOLS Gasoline Tuning Module 6 de 6a &#8211; <a href=\"https:\/\/www.remap101.co.uk\/es\/?post_type=sfwd-courses&amp;p=24656\">Selecione para comprar<\/a><\/li>\n<li>EVC WinOLS Gasoline Tuning Module 6 de 6b &#8211; Este Curso<\/li>\n<\/ol>\n<p><strong>O que voc\u00ea vai aprender no treinamento on-line EVC WinOLS Gasolina : M\u00f3dulo 6 de 6b<\/strong><\/p>\n<ul>\n<li>Como modificar os dados no WinOLS<\/li>\n<li>Explore os diferentes m\u00e9todos e abordagens para modificar dados nos mapas<\/li>\n<li>Como duplicar altera\u00e7\u00f5es em mapas semelhantes<\/li>\n<li>A import\u00e2ncia do registro de dados e testes ao desenvolver um arquivo de ajuste pela primeira vez<\/li>\n<li>Como salvar altera\u00e7\u00f5es em um arquivo para criar uma nova vers\u00e3o<\/li>\n<li>Completar uma Sintonia de Fase 1 no ve\u00edculo<\/li>\n<li>Como exportar um arquivo do WinOLS e muito mais<\/li>\n<\/ul>\n<p><strong style=\"font-family: var(--global-body-font-family);\">Os benef\u00edcios do treinamento on-line com a Viezu<\/strong><\/p>\n<p>Uma vez adquirida, cada uma destas sess\u00f5es de forma\u00e7\u00e3o pode ser vista v\u00e1rias vezes, se precisares. Tamb\u00e9m podes ver os v\u00eddeos de novo, e de novo e de novo, conforme a tua conveni\u00eancia, permitindo-te mergulhar completamente no assunto.<\/p>\n<p>Uma das vantagens das sess\u00f5es de forma\u00e7\u00e3o online Remap101 EVC WinOLS \u00e9 que, mesmo que n\u00e3o tenhas percebido bem alguma coisa \u00e0 primeira, n\u00e3o podes fazer nada. Podes rever e rever os t\u00f3picos ao teu pr\u00f3prio ritmo. Al\u00e9m disso, tamb\u00e9m poder\u00e1s fazer uma pausa e reiniciar a tua forma\u00e7\u00e3o em v\u00eddeo. Assim, tens tempo para tomar notas e para acompanhar o curso. Talvez gostes de saber que tamb\u00e9m te fornecemos o ficheiro original utilizado na forma\u00e7\u00e3o.<\/p>\n<p>Treinamento de remapeamento e remapeamento de ECU da Academia de Treinamento VIEZU<\/p>\n<p>Para isso, voc\u00ea pode acompanhar junto com o treinador.<\/p>\n<h3>EVC WinOLs Tuning e ECU Remap Software<\/h3>\n<p>Embora n\u00e3o seja necess\u00e1rio ter o software EVC WinOLS para participar neste curso de forma\u00e7\u00e3o EVC WinOLS a gasolina, recomendamos vivamente que o tenhas. Ter o software EVC WinOLS melhorar\u00e1 a tua experi\u00eancia de aprendizagem e dar-te-\u00e1 maior confian\u00e7a quando tiveres o software aberto e contigo. Podes praticar o que est\u00e1s a aprender num ambiente contextual ao vivo.<\/p>\n<p>Se precisares de comprar software EVC WinOls genu\u00edno, podes v\u00ea-lo na nossa loja <a href=\"https:\/\/www.remap101.co.uk\/product\/winols-5-tuning-software-evc\/\">WinOls Software<\/a>.<\/p>\n<p>Treinamento on-line de ajuste e remapeamento de gasolina EVC WinOLS da Remap101.com<\/p>\n","protected":false},"excerpt":{"rendered":"<p>EVC WinOLS Gasoline Tuning Training : M\u00f3dulo 6 de 6b; A li\u00e7\u00e3o abordar\u00e1 h<span style=\"font-family: var(--global-body-font-family);\">ow para investigar limita\u00e7\u00f5es de valor, pistas para obter mais poder, como identificar rela\u00e7\u00f5es entre mapas e muito mais.<\/span><\/p>\n","protected":false},"featured_media":58209,"comment_status":"open","ping_status":"closed","template":"","meta":{"_acf_changed":false},"product_brand":[21146,19675],"product_cat":[24689,24606,24415,24416,24418,24596,24714],"product_tag":[15306,15792,15793,15789,15300,15302,15790,15215,15791],"class_list":{"0":"post-52587","1":"product","2":"type-product","3":"status-publish","4":"has-post-thumbnail","6":"product_brand-evc","7":"product_brand-winols","8":"product_cat-cursos-de-formacao-online-sobre-tuning","9":"product_cat-formacao-em-tuning-gasolina-gasolina","10":"product_cat-formacao-em-tuning-para-todos-os-veiculos","11":"product_cat-treinamento-evc-winols","12":"product_cat-formacao-em-afinacao-eletronica-evc","13":"product_cat-formacao-sobre-o-brand-tuning","14":"product_cat-formacao-em-ajuste-de-software","15":"product_tag-evc-pt-pt","16":"product_tag-evc-gasolina","17":"product_tag-evc-gasolina-pt-pt","18":"product_tag-evc-online-pt-pt","19":"product_tag-gasolina-pt-pt","20":"product_tag-gasolina-pt-pt-2","21":"product_tag-online-pt-pt","22":"product_tag-software-de-ajuste-winols-5-evc","23":"product_tag-winols-online-pt-pt","25":"first","26":"instock","27":"taxable","28":"shipping-taxable","29":"purchasable","30":"product-type-simple"},"acf":[],"_links":{"self":[{"href":"https:\/\/www.remap101.co.uk\/pt-pt\/wp-json\/wp\/v2\/product\/52587","targetHints":{"allow":["GET"]}}],"collection":[{"href":"https:\/\/www.remap101.co.uk\/pt-pt\/wp-json\/wp\/v2\/product"}],"about":[{"href":"https:\/\/www.remap101.co.uk\/pt-pt\/wp-json\/wp\/v2\/types\/product"}],"replies":[{"embeddable":true,"href":"https:\/\/www.remap101.co.uk\/pt-pt\/wp-json\/wp\/v2\/comments?post=52587"}],"wp:featuredmedia":[{"embeddable":true,"href":"https:\/\/www.remap101.co.uk\/pt-pt\/wp-json\/wp\/v2\/media\/58209"}],"wp:attachment":[{"href":"https:\/\/www.remap101.co.uk\/pt-pt\/wp-json\/wp\/v2\/media?parent=52587"}],"wp:term":[{"taxonomy":"product_brand","embeddable":true,"href":"https:\/\/www.remap101.co.uk\/pt-pt\/wp-json\/wp\/v2\/product_brand?post=52587"},{"taxonomy":"product_cat","embeddable":true,"href":"https:\/\/www.remap101.co.uk\/pt-pt\/wp-json\/wp\/v2\/product_cat?post=52587"},{"taxonomy":"product_tag","embeddable":true,"href":"https:\/\/www.remap101.co.uk\/pt-pt\/wp-json\/wp\/v2\/product_tag?post=52587"}],"curies":[{"name":"wp","href":"https:\/\/api.w.org\/{rel}","templated":true}]}}