{"id":52595,"date":"2022-06-24T16:29:54","date_gmt":"2022-06-24T15:29:54","guid":{"rendered":"https:\/\/www.remap101.co.uk\/product\/evc-winols-gasolina-modulo-de-afinacao-6-de-6a\/"},"modified":"2026-01-15T10:45:19","modified_gmt":"2026-01-15T10:45:19","slug":"evc-winols-gasoline-tuning-module-6-of-6a","status":"publish","type":"product","link":"https:\/\/www.remap101.co.uk\/pt-pt\/produto\/evc-winols-gasoline-tuning-module-6-of-6a\/","title":{"rendered":"VTA1039: M\u00f3dulo de Afina\u00e7\u00e3o de Gasolina do EVC WinOLS 6 de 6a"},"content":{"rendered":"<h2>Treinamento on-line de gasolina EVC WinOLS<\/h2>\n<h3>M\u00f3dulo 6 de 6a da Forma\u00e7\u00e3o Online de Afina\u00e7\u00e3o de Motores a Gasolina EVC WinOLS<\/h3>\n<p>Este m\u00f3dulo de forma\u00e7\u00e3o online EVC WinOLS Gasoline 6 de 6a \u00e9 um programa de forma\u00e7\u00e3o em duas partes que consiste em :<\/p>\n<ol>\n<li>EVC WinOLS Gasoline Tuning Module 6 de 6a &#8211; Este Curso<\/li>\n<li>EVC WinOLS Gasoline Tuning Module 6 de 6b &#8211; <a href=\"https:\/\/www.remap101.co.uk\/?post_type=product&amp;p=10767&amp;preview=true\">Selecione para comprar<\/a><\/li>\n<\/ol>\n<p><strong>O que vais aprender na forma\u00e7\u00e3o online EVC WinOLS Gasoline &#8211; M\u00f3dulo 6 de 6a<\/strong><\/p>\n<ul>\n<li>Como modificar os dados no WinOLS<\/li>\n<li>Explorar os diferentes m\u00e9todos e abordagens para modificar dados nos mapas<\/li>\n<li>A import\u00e2ncia do registro de dados e testes ao desenvolver um arquivo de ajuste pela primeira vez<\/li>\n<li>Como salvar altera\u00e7\u00f5es em um arquivo para criar uma nova vers\u00e3o e muito mais<\/li>\n<\/ul>\n<p><strong>Os benef\u00edcios do treinamento on-line com a Viezu<\/strong><\/p>\n<p>Uma vez adquirido, cada uma destas sess\u00f5es de forma\u00e7\u00e3o pode ser vista v\u00e1rias vezes. Podes ver os v\u00eddeos vezes sem conta, quando quiseres, a qualquer hora e em qualquer lugar.<\/p>\n<p>Uma das vantagens das sess\u00f5es de forma\u00e7\u00e3o online do Remap101 WinOLS \u00e9 que, mesmo que n\u00e3o tenhas compreendido algo da primeira vez, podes rever e rever os t\u00f3picos ao teu pr\u00f3prio ritmo. Podes fazer uma pausa e reiniciar a tua forma\u00e7\u00e3o em v\u00eddeo. Isto d\u00e1-te tempo para tomares notas. Tamb\u00e9m te fornecemos o ficheiro original utilizado na forma\u00e7\u00e3o.<\/p>\n<p>Remapping de ECU e forma\u00e7\u00e3o de remap da Academia de Forma\u00e7\u00e3o VIEZU.<\/p>\n<h3>Software de ajuste e remapeamento EVC WinOLs<\/h3>\n<p>Embora n\u00e3o seja necess\u00e1rio ter o software EVC WinOLS para fazer este curso de forma\u00e7\u00e3o EVC WinOLS a gasolina, recomendamos-te vivamente que o tenhas. Ter o software WinOLS melhorar\u00e1 a tua experi\u00eancia de aprendizagem e dar-te-\u00e1 maior confian\u00e7a quando tiveres o software aberto e contigo. Podes praticar o que est\u00e1s a aprender num ambiente real.<\/p>\n<p>Se precisares de comprar o software genu\u00edno EVC WinOls, podes v\u00ea-lo e compr\u00e1-lo na nossa loja: <a href=\"https:\/\/www.remap101.co.uk\/product\/winols-5-tuning-software-evc\/\">Software WinOls<\/a>.<\/p>\n<p>Treinamento on-line de ajuste e remapeamento de gasolina EVC WinOLS da Remap101.com<\/p>\n","protected":false},"excerpt":{"rendered":"<p>EVC WinOLS Gasoline Tuning Training : M\u00f3dulo 6 de 6a; A li\u00e7\u00e3o abordar\u00e1 h<span style=\"font-family: var(--global-body-font-family);\">ow para investigar limita\u00e7\u00f5es de valor, pistas para obter mais poder, como identificar rela\u00e7\u00f5es entre mapas e muito mais.<\/span><\/p>\n","protected":false},"featured_media":58139,"comment_status":"open","ping_status":"closed","template":"","meta":{"_acf_changed":false},"product_brand":[21146,19675],"product_cat":[24689,24606,24415,24416,24418,24596,24714],"product_tag":[15306,15792,15793,15789,15300,15302,15790,15215,15791],"class_list":{"0":"post-52595","1":"product","2":"type-product","3":"status-publish","4":"has-post-thumbnail","6":"product_brand-evc","7":"product_brand-winols","8":"product_cat-cursos-de-formacao-online-sobre-tuning","9":"product_cat-formacao-em-tuning-gasolina-gasolina","10":"product_cat-formacao-em-tuning-para-todos-os-veiculos","11":"product_cat-treinamento-evc-winols","12":"product_cat-formacao-em-afinacao-eletronica-evc","13":"product_cat-formacao-sobre-o-brand-tuning","14":"product_cat-formacao-em-ajuste-de-software","15":"product_tag-evc-pt-pt","16":"product_tag-evc-gasolina","17":"product_tag-evc-gasolina-pt-pt","18":"product_tag-evc-online-pt-pt","19":"product_tag-gasolina-pt-pt","20":"product_tag-gasolina-pt-pt-2","21":"product_tag-online-pt-pt","22":"product_tag-software-de-ajuste-winols-5-evc","23":"product_tag-winols-online-pt-pt","25":"first","26":"instock","27":"taxable","28":"shipping-taxable","29":"purchasable","30":"product-type-simple"},"acf":[],"_links":{"self":[{"href":"https:\/\/www.remap101.co.uk\/pt-pt\/wp-json\/wp\/v2\/product\/52595","targetHints":{"allow":["GET"]}}],"collection":[{"href":"https:\/\/www.remap101.co.uk\/pt-pt\/wp-json\/wp\/v2\/product"}],"about":[{"href":"https:\/\/www.remap101.co.uk\/pt-pt\/wp-json\/wp\/v2\/types\/product"}],"replies":[{"embeddable":true,"href":"https:\/\/www.remap101.co.uk\/pt-pt\/wp-json\/wp\/v2\/comments?post=52595"}],"wp:featuredmedia":[{"embeddable":true,"href":"https:\/\/www.remap101.co.uk\/pt-pt\/wp-json\/wp\/v2\/media\/58139"}],"wp:attachment":[{"href":"https:\/\/www.remap101.co.uk\/pt-pt\/wp-json\/wp\/v2\/media?parent=52595"}],"wp:term":[{"taxonomy":"product_brand","embeddable":true,"href":"https:\/\/www.remap101.co.uk\/pt-pt\/wp-json\/wp\/v2\/product_brand?post=52595"},{"taxonomy":"product_cat","embeddable":true,"href":"https:\/\/www.remap101.co.uk\/pt-pt\/wp-json\/wp\/v2\/product_cat?post=52595"},{"taxonomy":"product_tag","embeddable":true,"href":"https:\/\/www.remap101.co.uk\/pt-pt\/wp-json\/wp\/v2\/product_tag?post=52595"}],"curies":[{"name":"wp","href":"https:\/\/api.w.org\/{rel}","templated":true}]}}