{"id":52614,"date":"2022-06-20T16:18:55","date_gmt":"2022-06-20T15:18:55","guid":{"rendered":"https:\/\/www.remap101.co.uk\/product\/evc-winols-gasoline-tuning-modulo-5-de-6\/"},"modified":"2026-01-16T12:34:33","modified_gmt":"2026-01-16T12:34:33","slug":"evc-winols-gasoline-tuning-module-5-of-6","status":"publish","type":"product","link":"https:\/\/www.remap101.co.uk\/pt-pt\/produto\/evc-winols-gasoline-tuning-module-5-of-6\/","title":{"rendered":"VTA1038: M\u00f3dulo de Afina\u00e7\u00e3o de Gasolina do EVC WinOLS 5 de 6"},"content":{"rendered":"<h2>Treinamento on-line de gasolina EVC WinOLS<\/h2>\n<h3>Forma\u00e7\u00e3o online EVC WinOLS Gasolina: M\u00f3dulo 5 de 6<\/h3>\n<p><strong>O que vais aprender na forma\u00e7\u00e3o online WinOLS Gasoline Tuning &#8211; M\u00f3dulo 5 de 6:<\/strong><\/p>\n<ul>\n<li>Como compreender a rela\u00e7\u00e3o entre diferentes tipos de mapa<\/li>\n<li>Compreender as limita\u00e7\u00f5es padr\u00e3o dentro do software<\/li>\n<li>Como explorar onde o software padr\u00e3o suporta maior pot\u00eancia de sa\u00edda &#8211; pistas ocultas para desbloquear mais energia<\/li>\n<li>Onde selecionar os principais pontos de refer\u00eancia ao identificar os mapas necess\u00e1rios para suportar uma pot\u00eancia de sa\u00edda mais elevada<\/li>\n<li>Quanto mais pode ser acrescentado aos valores-chave ao finalizar os novos valores \u00abajustados\u00bb<\/li>\n<\/ul>\n<h3>Os benef\u00edcios do treinamento on-line com a Viezu<\/h3>\n<p>Uma vez adquirido, cada uma destas sess\u00f5es de forma\u00e7\u00e3o pode ser vista v\u00e1rias vezes. Podes ver os v\u00eddeos uma e outra vez, conforme a tua conveni\u00eancia, permitindo-te mergulhar completamente no assunto.<\/p>\n<p>Uma das vantagens das sess\u00f5es de forma\u00e7\u00e3o online Remap101 EVC WinOLS \u00e9 que, mesmo que n\u00e3o tenhas compreendido algo da primeira vez, podes rever e rever os t\u00f3picos ao teu pr\u00f3prio ritmo. Tamb\u00e9m poder\u00e1s fazer uma pausa e reiniciar a tua forma\u00e7\u00e3o em v\u00eddeo. Isto d\u00e1-te tempo para tomares notas e para poderes acompanhar melhor o curso. Fornecemos-te o ficheiro original utilizado na forma\u00e7\u00e3o.<\/p>\n<p>Remapping de ECU e forma\u00e7\u00e3o de remap da Academia de Forma\u00e7\u00e3o VIEZU.<\/p>\n<h3>Software de ajuste EVC WinOLs<\/h3>\n<p>Embora n\u00e3o seja necess\u00e1rio ter o software EVC WinOLS para participar neste curso de forma\u00e7\u00e3o EVC WinOLS a gasolina, recomendamos vivamente que o tenhas. Ter o software WinOLS melhorar\u00e1 a tua experi\u00eancia de aprendizagem e dar-te-\u00e1 maior confian\u00e7a quando tiveres o software aberto e contigo. Podes praticar o que est\u00e1s a aprender num ambiente de pr\u00e1tica ao vivo.<\/p>\n<p>Se precisares de comprar software EVC WinOls genu\u00edno, podes ver e comprar na nossa loja: <a href=\"https:\/\/www.remap101.co.uk\/product\/winols-5-tuning-software-evc\/\">Software WinOls<\/a>.<\/p>\n<p>Treinamento on-line de gasolina EVC WinOLS da Remap101.com<\/p>\n","protected":false},"excerpt":{"rendered":"<p>EVC WinOLS Gasoline Tuning Training : M\u00f3dulo 5 de 6; A li\u00e7\u00e3o abordar\u00e1 h<span style=\"font-family: var(--global-body-font-family);\">ow para investigar limita\u00e7\u00f5es de valor, pistas para obter mais poder, como identificar rela\u00e7\u00f5es entre mapas e muito mais.<\/span><\/p>\n","protected":false},"featured_media":58069,"comment_status":"open","ping_status":"closed","template":"","meta":{"_acf_changed":false},"product_brand":[21146,19675],"product_cat":[24689,24606,24415,24416,24418,24596,24714],"product_tag":[15306,15300,15302,15215],"class_list":{"0":"post-52614","1":"product","2":"type-product","3":"status-publish","4":"has-post-thumbnail","6":"product_brand-evc","7":"product_brand-winols","8":"product_cat-cursos-de-formacao-online-sobre-tuning","9":"product_cat-formacao-em-tuning-gasolina-gasolina","10":"product_cat-formacao-em-tuning-para-todos-os-veiculos","11":"product_cat-treinamento-evc-winols","12":"product_cat-formacao-em-afinacao-eletronica-evc","13":"product_cat-formacao-sobre-o-brand-tuning","14":"product_cat-formacao-em-ajuste-de-software","15":"product_tag-evc-pt-pt","16":"product_tag-gasolina-pt-pt","17":"product_tag-gasolina-pt-pt-2","18":"product_tag-software-de-ajuste-winols-5-evc","20":"first","21":"instock","22":"taxable","23":"shipping-taxable","24":"purchasable","25":"product-type-simple"},"acf":[],"_links":{"self":[{"href":"https:\/\/www.remap101.co.uk\/pt-pt\/wp-json\/wp\/v2\/product\/52614","targetHints":{"allow":["GET"]}}],"collection":[{"href":"https:\/\/www.remap101.co.uk\/pt-pt\/wp-json\/wp\/v2\/product"}],"about":[{"href":"https:\/\/www.remap101.co.uk\/pt-pt\/wp-json\/wp\/v2\/types\/product"}],"replies":[{"embeddable":true,"href":"https:\/\/www.remap101.co.uk\/pt-pt\/wp-json\/wp\/v2\/comments?post=52614"}],"wp:featuredmedia":[{"embeddable":true,"href":"https:\/\/www.remap101.co.uk\/pt-pt\/wp-json\/wp\/v2\/media\/58069"}],"wp:attachment":[{"href":"https:\/\/www.remap101.co.uk\/pt-pt\/wp-json\/wp\/v2\/media?parent=52614"}],"wp:term":[{"taxonomy":"product_brand","embeddable":true,"href":"https:\/\/www.remap101.co.uk\/pt-pt\/wp-json\/wp\/v2\/product_brand?post=52614"},{"taxonomy":"product_cat","embeddable":true,"href":"https:\/\/www.remap101.co.uk\/pt-pt\/wp-json\/wp\/v2\/product_cat?post=52614"},{"taxonomy":"product_tag","embeddable":true,"href":"https:\/\/www.remap101.co.uk\/pt-pt\/wp-json\/wp\/v2\/product_tag?post=52614"}],"curies":[{"name":"wp","href":"https:\/\/api.w.org\/{rel}","templated":true}]}}