{"id":52759,"date":"2022-03-15T15:54:21","date_gmt":"2022-03-15T15:54:21","guid":{"rendered":"https:\/\/www.remap101.co.uk\/product\/online-evc-winols-gasolina-modulo-de-treinamento-4-de-6d\/"},"modified":"2026-01-16T12:23:37","modified_gmt":"2026-01-16T12:23:37","slug":"evc-winols-gasoline-tuning-training-online-module-4-of-6d","status":"publish","type":"product","link":"https:\/\/www.remap101.co.uk\/pt-pt\/produto\/evc-winols-gasoline-tuning-training-online-module-4-of-6d\/","title":{"rendered":"VTA1037: EVC WinOLS Gasoline Tuning Module 4 of 6d"},"content":{"rendered":"<h2>Forma\u00e7\u00e3o online de afina\u00e7\u00e3o de motores a gasolina EVC WinOLS<\/h2>\n<h3>Forma\u00e7\u00e3o online EVC WinOLS Gasoline Tuning: M\u00f3dulo 4 de 6d<\/h3>\n<p>Este m\u00f3dulo de forma\u00e7\u00e3o online do EVC WinOLS para a afina\u00e7\u00e3o de motores a gasolina faz parte da 4\u00aa sec\u00e7\u00e3o do curso de gasolina do WinOLS. O curso abrange a afina\u00e7\u00e3o de motores a gasolina e o remapeamento da ECU.<\/p>\n<p>Cada m\u00f3dulo baseia-se na sess\u00e3o de forma\u00e7\u00e3o anterior. Faz uma viagem de aprendizagem e de compet\u00eancias atrav\u00e9s das li\u00e7\u00f5es e dos m\u00f3dulos. Ir\u00e1s adquirir conhecimentos sobre o software de afina\u00e7\u00e3o WinOls e o formato dos ficheiros e mapas de afina\u00e7\u00e3o utilizados para afinar e atualizar o software ECU do motor a gasolina.<\/p>\n<p>Nesta sess\u00e3o de forma\u00e7\u00e3o WinOLS gasolina, analisamos mais aprofundadamente os pacotes de mapas, bem como a identifica\u00e7\u00e3o e rotulagem de dados, a compreens\u00e3o do tamanho dos dados e muito mais.<\/p>\n<p>O WinOLS \u00e9 um software poderoso, mas complexo e desafiante, por isso o curso Viezu Remap101 WinOLS inclui mais m\u00f3dulos do que os nossos cursos para outros softwares. Separ\u00e1mos esta 4\u00aa sec\u00e7\u00e3o do curso em 4 m\u00f3dulos &#8211; a, b, c, d. Os m\u00f3dulos s\u00e3o apresentados abaixo. Para obter os benef\u00edcios e o valor total do curso, tenta fazer os m\u00f3dulos na sequ\u00eancia correta:<\/p>\n<ol>\n<li><a href=\"https:\/\/www.remap101.co.uk\/pt-pt\/produto\/evc-winols-gasoline-tuning-training-online-module-4-of-6a\/?preview_id=9492&amp;preview_nonce=dd2e67b2f7&amp;_thumbnail_id=9185&amp;preview=true\">EVC WinOLS Gasoline Training Online: M\u00f3dulo 4 de 6a &#8211; clique para comprar esta li\u00e7\u00e3o<\/a><\/li>\n<li><a href=\"https:\/\/www.remap101.co.uk\/pt-pt\/produto\/evc-winols-gasoline-tuning-training-online-module-4-of-6b\/\">EVC WinOLS Gasoline Training Online: M\u00f3dulo 4 de 6b \u2013 clique para comprar esta li\u00e7\u00e3o<\/a><\/li>\n<li><a href=\"https:\/\/www.remap101.co.uk\/pt-pt\/?post_type=sfwd-courses&amp;p=64435\">WinOLS Gasoline Training Online: M\u00f3dulo 4 de 6c \u2013 clique para comprar esta li\u00e7\u00e3o<\/a><\/li>\n<li><strong>WinOLS Gasoline Training Online: M\u00f3dulo 4 de 6d &#8211; este m\u00f3dulo<\/strong><\/li>\n<\/ol>\n<h3>Os benef\u00edcios do treinamento on-line com a Viezu<\/h3>\n<p>Uma vez adquirido, cada uma destas sess\u00f5es de forma\u00e7\u00e3o pode ser vista v\u00e1rias vezes sem limite. Podes ver e rever os v\u00eddeos vezes sem conta, de acordo com a tua conveni\u00eancia, em fun\u00e7\u00e3o dos teus compromissos profissionais e dom\u00e9sticos, a qualquer hora e em qualquer lugar.<\/p>\n<p>Uma das vantagens da aprendizagem em linha \u00e9 que, se n\u00e3o compreenderes algo da primeira vez, podes rever e rever os t\u00f3picos \u00e0 medida que quiseres. Aprende ao teu pr\u00f3prio ritmo. Podes fazer uma pausa em qualquer altura e recome\u00e7ar a tua forma\u00e7\u00e3o em v\u00eddeo mais tarde.<\/p>\n<p>Tamb\u00e9m te fornecemos o ficheiro original utilizado na forma\u00e7\u00e3o.<\/p>\n<p>Remate de ECU e forma\u00e7\u00e3o de remapeamento da Viezu Training Academy.<\/p>\n<h3>Software de ajuste EVC WinOLs<\/h3>\n<p>Embora n\u00e3o seja necess\u00e1rio ter o software EVC WinOLS para participar neste curso de forma\u00e7\u00e3o em gasolina EVC WinOLS, recomendamos vivamente que o tenhas. Ter o software WinOLS no teu pr\u00f3prio computador melhora a tua experi\u00eancia de aprendizagem e d\u00e1-te mais confian\u00e7a. Podes praticar o que est\u00e1s a aprender num contexto real.<\/p>\n<p>Se precisares de comprar software EVC WinOls genu\u00edno, podes ver e comprar na nossa loja &#8211; <a href=\"https:\/\/www.remap101.co.uk\/product\/winols-5-tuning-software-evc\/\">WinOls Software<\/a>.<\/p>\n","protected":false},"excerpt":{"rendered":"<p>EVC WinOLS Gasoline Tuning Training : M\u00f3dulo 4 de 6d; Esta li\u00e7\u00e3o aborda<span style=\"font-family: var(--global-body-font-family);\">a importa\u00e7\u00e3o de um &#8216;pacote de mapas&#8217;, <\/span>a cria\u00e7\u00e3o de um perfil para o tipo ECU e muito mais.<\/p>\n","protected":false},"featured_media":57589,"comment_status":"open","ping_status":"closed","template":"","meta":{"_acf_changed":false},"product_brand":[21146,19675],"product_cat":[24689,24606,24415,24416,24418,24596,24714],"product_tag":[15306,15300,15302,15215],"class_list":{"0":"post-52759","1":"product","2":"type-product","3":"status-publish","4":"has-post-thumbnail","6":"product_brand-evc","7":"product_brand-winols","8":"product_cat-cursos-de-formacao-online-sobre-tuning","9":"product_cat-formacao-em-tuning-gasolina-gasolina","10":"product_cat-formacao-em-tuning-para-todos-os-veiculos","11":"product_cat-treinamento-evc-winols","12":"product_cat-formacao-em-afinacao-eletronica-evc","13":"product_cat-formacao-sobre-o-brand-tuning","14":"product_cat-formacao-em-ajuste-de-software","15":"product_tag-evc-pt-pt","16":"product_tag-gasolina-pt-pt","17":"product_tag-gasolina-pt-pt-2","18":"product_tag-software-de-ajuste-winols-5-evc","20":"first","21":"instock","22":"taxable","23":"shipping-taxable","24":"purchasable","25":"product-type-simple"},"acf":[],"_links":{"self":[{"href":"https:\/\/www.remap101.co.uk\/pt-pt\/wp-json\/wp\/v2\/product\/52759","targetHints":{"allow":["GET"]}}],"collection":[{"href":"https:\/\/www.remap101.co.uk\/pt-pt\/wp-json\/wp\/v2\/product"}],"about":[{"href":"https:\/\/www.remap101.co.uk\/pt-pt\/wp-json\/wp\/v2\/types\/product"}],"replies":[{"embeddable":true,"href":"https:\/\/www.remap101.co.uk\/pt-pt\/wp-json\/wp\/v2\/comments?post=52759"}],"wp:featuredmedia":[{"embeddable":true,"href":"https:\/\/www.remap101.co.uk\/pt-pt\/wp-json\/wp\/v2\/media\/57589"}],"wp:attachment":[{"href":"https:\/\/www.remap101.co.uk\/pt-pt\/wp-json\/wp\/v2\/media?parent=52759"}],"wp:term":[{"taxonomy":"product_brand","embeddable":true,"href":"https:\/\/www.remap101.co.uk\/pt-pt\/wp-json\/wp\/v2\/product_brand?post=52759"},{"taxonomy":"product_cat","embeddable":true,"href":"https:\/\/www.remap101.co.uk\/pt-pt\/wp-json\/wp\/v2\/product_cat?post=52759"},{"taxonomy":"product_tag","embeddable":true,"href":"https:\/\/www.remap101.co.uk\/pt-pt\/wp-json\/wp\/v2\/product_tag?post=52759"}],"curies":[{"name":"wp","href":"https:\/\/api.w.org\/{rel}","templated":true}]}}