{"id":52768,"date":"2022-03-15T14:54:25","date_gmt":"2022-03-15T14:54:25","guid":{"rendered":"https:\/\/www.remap101.co.uk\/product\/evc-winols-gasolina-modulo-de-treinamento-online-4-de-6c\/"},"modified":"2026-01-16T11:34:47","modified_gmt":"2026-01-16T11:34:47","slug":"evc-winols-gasoline-online-training-module-4-of-6c","status":"publish","type":"product","link":"https:\/\/www.remap101.co.uk\/pt-pt\/produto\/evc-winols-gasoline-online-training-module-4-of-6c\/","title":{"rendered":"VTA1036: M\u00f3dulo 4 de 6c do Treino para a Gasolina do EVC WinOLS"},"content":{"rendered":"<h2>EVC WinOLS Curso de forma\u00e7\u00e3o online de afina\u00e7\u00e3o de motores a gasolina<\/h2>\n<h3>Forma\u00e7\u00e3o em Tuning de Ve\u00edculos a Gasolina EVC WinOLS: M\u00f3dulo 4 de 6c<\/h3>\n<p>Este m\u00f3dulo de forma\u00e7\u00e3o WinOLS Gasoline Tuning faz parte da 4\u00aa sec\u00e7\u00e3o do curso online Viezu Remap101 que abrange a afina\u00e7\u00e3o de motores a gasolina e o remapeamento da ECU utilizando o WinOLS.<\/p>\n<p>Cada m\u00f3dulo baseia-se no anterior; eles juntam-se para te levar a um caminho de desenvolvimento de compet\u00eancias com o software de afina\u00e7\u00e3o WinOls. Os t\u00f3picos abordados incluem o formato dos ficheiros de afina\u00e7\u00e3o e mapas utilizados para afinar e calibrar o software ECU, bem como a sua configura\u00e7\u00e3o e fun\u00e7\u00f5es.<\/p>\n<p>Nesta sec\u00e7\u00e3o do curso de forma\u00e7\u00e3o em gasolina WinOLS, analisamos mais profundamente os pacotes de mapas, a identifica\u00e7\u00e3o e rotulagem de dados, a compreens\u00e3o do tamanho dos dados e muito mais.<\/p>\n<p>O WinOLS \u00e9 um software poderoso, mas \u00e9 uma &#8220;tela em branco&#8221;, com poucas pistas e guias para o utilizador. Por isso, o curso Viezu Remap101 WinOLS inclui mais m\u00f3dulos do que alguns dos nossos outros cursos que abrangem outras plataformas de software.<\/p>\n<p>Esta 4\u00aa sec\u00e7\u00e3o do nosso curso WinOLS est\u00e1 dividida em 4 m\u00f3dulos, para tornar a aprendizagem mais f\u00e1cil de digerir. Os m\u00f3dulos est\u00e3o listados abaixo. Tenta fazer os m\u00f3dulos pela ordem correta &#8211; isto vai certamente ajudar a tua aprendizagem e compreens\u00e3o.<\/p>\n<ol>\n<li><a href=\"https:\/\/www.remap101.co.uk\/pt-pt\/produto\/evc-winols-gasoline-tuning-training-online-module-4-of-6a\/?preview_id=9492&amp;preview_nonce=dd2e67b2f7&amp;_thumbnail_id=9185&amp;preview=true\">EVC WinOLS Gasoline Training Online: M\u00f3dulo 4 de 6a &#8211; clique para comprar esta li\u00e7\u00e3o<\/a><\/li>\n<li><a href=\"https:\/\/www.remap101.co.uk\/pt-pt\/produto\/evc-winols-gasoline-tuning-training-online-module-4-of-6b\/\">EVC WinOLS Gasoline Training Online: M\u00f3dulo 4 de 6b \u2013 clique para comprar esta li\u00e7\u00e3o<\/a><\/li>\n<li><strong>WinOLS Gasoline Training Online: M\u00f3dulo 4 de 6c &#8211; este m\u00f3dulo<\/strong><\/li>\n<li><a href=\"https:\/\/www.remap101.co.uk\/pt-pt\/produto\/evc-winols-gasoline-tuning-training-online-module-4-of-6d\/?preview_id=9496&amp;preview_nonce=86e4c91d22&amp;_thumbnail_id=9185&amp;preview=true\">EVC WinOLS Gasoline Training Online: M\u00f3dulo 4 de 6d \u2013 clique para comprar esta li\u00e7\u00e3o<\/a><\/li>\n<\/ol>\n<h3>Os benef\u00edcios do treinamento on-line com a Viezu<\/h3>\n<p>Uma vez adquirida, cada uma destas sess\u00f5es de forma\u00e7\u00e3o pode ser vista v\u00e1rias vezes &#8211; n\u00e3o h\u00e1 limite &#8211; tens acesso vital\u00edcio. Podes ver os v\u00eddeos e rev\u00ea-los mais tarde, quando te for mais conveniente. Se tiveres dificuldade em compreender determinados pontos, podes voltar a analis\u00e1-los, se assim o desejares. Isto \u00e9 aprender ao teu pr\u00f3prio ritmo.<\/p>\n<p>Tens a op\u00e7\u00e3o de fazer uma pausa e reiniciar os v\u00eddeos. Isto \u00e9 bom para tomares notas. Podes seguir o curso enquanto praticas com as m\u00e3os &#8211; fornecemos um ficheiro original para praticar. Podes seguir exatamente o que o formador est\u00e1 a fazer.<\/p>\n<h3>Software de ajuste EVC WinOLs<\/h3>\n<p>Embora n\u00e3o seja essencial ter o software WinOLS da EVC para fazer este Curso Online WinOLS Gasoline, recomendamos-te vivamente que o tenhas. Ter o software WinOLS ir\u00e1 melhorar a tua experi\u00eancia de aprendizagem &#8211; podes ter o software aberto e a funcionar enquanto segues o curso.<\/p>\n<p>Se quiseres comprar o software de afina\u00e7\u00e3o e remapeamento EVC WinOls, encontr\u00e1-lo-\u00e1s aqui na nossa loja online &#8211; <a href=\"https:\/\/www.remap101.co.uk\/product\/winols-5-tuning-software-evc\/\">WinOls Software<\/a>.<\/p>\n<p>Remapping ECU e forma\u00e7\u00e3o remap da Viezu Training Academy e Remap101.<\/p>\n","protected":false},"excerpt":{"rendered":"<p>EVC WinOLS Gasoline Tuning Training : M\u00f3dulo 4 de 6c; Esta li\u00e7\u00e3o aborda<span style=\"font-family: var(--global-body-font-family);\">a importa\u00e7\u00e3o de um &#8216;pacote de mapas&#8217;, <\/span>a cria\u00e7\u00e3o de um perfil para o tipo ECU e muito mais.<\/p>\n","protected":false},"featured_media":57529,"comment_status":"open","ping_status":"closed","template":"","meta":{"_acf_changed":false},"product_brand":[21146,19675],"product_cat":[24689,24606,24415,24416,24418,24596,24714],"product_tag":[15306,23010,23011],"class_list":{"0":"post-52768","1":"product","2":"type-product","3":"status-publish","4":"has-post-thumbnail","6":"product_brand-evc","7":"product_brand-winols","8":"product_cat-cursos-de-formacao-online-sobre-tuning","9":"product_cat-formacao-em-tuning-gasolina-gasolina","10":"product_cat-formacao-em-tuning-para-todos-os-veiculos","11":"product_cat-treinamento-evc-winols","12":"product_cat-formacao-em-afinacao-eletronica-evc","13":"product_cat-formacao-sobre-o-brand-tuning","14":"product_cat-formacao-em-ajuste-de-software","15":"product_tag-evc-pt-pt","16":"product_tag-gasolina-pt-pt-3","17":"product_tag-software-de-ajuste-winols-5-evc-pt-pt","19":"first","20":"instock","21":"taxable","22":"shipping-taxable","23":"purchasable","24":"product-type-simple"},"acf":[],"_links":{"self":[{"href":"https:\/\/www.remap101.co.uk\/pt-pt\/wp-json\/wp\/v2\/product\/52768","targetHints":{"allow":["GET"]}}],"collection":[{"href":"https:\/\/www.remap101.co.uk\/pt-pt\/wp-json\/wp\/v2\/product"}],"about":[{"href":"https:\/\/www.remap101.co.uk\/pt-pt\/wp-json\/wp\/v2\/types\/product"}],"replies":[{"embeddable":true,"href":"https:\/\/www.remap101.co.uk\/pt-pt\/wp-json\/wp\/v2\/comments?post=52768"}],"wp:featuredmedia":[{"embeddable":true,"href":"https:\/\/www.remap101.co.uk\/pt-pt\/wp-json\/wp\/v2\/media\/57529"}],"wp:attachment":[{"href":"https:\/\/www.remap101.co.uk\/pt-pt\/wp-json\/wp\/v2\/media?parent=52768"}],"wp:term":[{"taxonomy":"product_brand","embeddable":true,"href":"https:\/\/www.remap101.co.uk\/pt-pt\/wp-json\/wp\/v2\/product_brand?post=52768"},{"taxonomy":"product_cat","embeddable":true,"href":"https:\/\/www.remap101.co.uk\/pt-pt\/wp-json\/wp\/v2\/product_cat?post=52768"},{"taxonomy":"product_tag","embeddable":true,"href":"https:\/\/www.remap101.co.uk\/pt-pt\/wp-json\/wp\/v2\/product_tag?post=52768"}],"curies":[{"name":"wp","href":"https:\/\/api.w.org\/{rel}","templated":true}]}}