{"id":66659,"date":"2025-02-27T13:07:45","date_gmt":"2025-02-27T13:07:45","guid":{"rendered":"https:\/\/www.remap101.co.uk\/product\/how-to-tune-a-diesel-ecu-with-stage-x-module-1\/"},"modified":"2026-04-29T08:33:45","modified_gmt":"2026-04-29T07:33:45","slug":"how-to-tune-a-diesel-ecu-with-stage-x-module-1","status":"publish","type":"product","link":"https:\/\/www.remap101.co.uk\/pt-pt\/produto\/how-to-tune-a-diesel-ecu-with-stage-x-module-1\/","title":{"rendered":"VTA1063: Como afinar uma ECU Diesel com Stage X: M\u00f3dulo 1 de 4"},"content":{"rendered":"<h2><strong>Compreender as fun\u00e7\u00f5es e carater\u00edsticas do StageX<\/strong><\/h2>\n<p>Se est\u00e1s a afinar um ve\u00edculo a diesel pela primeira vez, ou se j\u00e1 afinas h\u00e1 muitos anos, &#8220;How to tune a diesel ECU with StageX Module 1&#8221; (Como afinar uma ECU a diesel com o StageX M\u00f3dulo 1) ir\u00e1 fornecer-te o conhecimento e a informa\u00e7\u00e3o sobre como abordar a afina\u00e7\u00e3o com a metodologia SMART. Ao aprenderes como a estrat\u00e9gia da ECU est\u00e1 a funcionar para fornecer a pot\u00eancia e o desempenho de stock, ganhar\u00e1s o conhecimento e a perce\u00e7\u00e3o de como afinar o ve\u00edculo para os requisitos dos teus clientes, compreendendo como maximizar o potencial do software StageX.<\/p>\n<h2><strong>O que vais aprender neste curso de forma\u00e7\u00e3o StageX:<\/strong><\/h2>\n<ul>\n<li>Uma compreens\u00e3o mais profunda de como construir a tua base de dados da forma correta<\/li>\n<li>As carater\u00edsticas e fun\u00e7\u00f5es do StageX<\/li>\n<li>O que \u00e9 um mappack<\/li>\n<li>Como navegar no StageX<\/li>\n<\/ul>\n<h2><strong>Compreender as carater\u00edsticas e fun\u00e7\u00f5es do StageX<\/strong><\/h2>\n<p>Neste curso &#8216;Como afinar uma ECU Diesel com StageX M\u00f3dulo 1&#8217; vais aprender como configurar com sucesso o teu software StageX para teres sucesso na afina\u00e7\u00e3o. Como iniciar o teu novo ficheiro de afina\u00e7\u00e3o da forma correta, configurando o teu projeto com os dados e informa\u00e7\u00f5es necess\u00e1rias para a afina\u00e7\u00e3o. Aprende a conhecer as principais carater\u00edsticas e ferramentas do StageX que s\u00e3o necess\u00e1rias para a afina\u00e7\u00e3o. Aprender\u00e1s tudo sobre os Mappacks no StageX e a base da estrutura da ECU.<\/p>\n<p>O formador que apresenta este curso StageX tem utilizado o software de afina\u00e7\u00e3o Magic Motorsport StageX desde o seu lan\u00e7amento em 2020. Ele ministrou cursos de escrita de mapas Master Tuning para sintonizadores em todo o mundo. Agora tamb\u00e9m tu podes adquirir os conhecimentos destes cursos de afina\u00e7\u00e3o e remapeamento \u00e0 tua vontade. Aprende em primeira m\u00e3o com os especialistas e aumenta e refor\u00e7a os teus conhecimentos de tuning.<\/p>\n<h2><strong>Benef\u00edcios da forma\u00e7\u00e3o online sobre o Tuning <\/strong><\/h2>\n<p>A forma\u00e7\u00e3o Como afinar uma ECU Diesel com StageX M\u00f3dulo 1 \u00e9 online, pelo que pode ser vista as vezes que precisares, por isso, se n\u00e3o perceberes alguma coisa na primeira vez que a vires, podes simplesmente v\u00ea-la novamente. Tamb\u00e9m podes fazer uma pausa e reiniciar a sess\u00e3o de forma\u00e7\u00e3o. Assim, podes fazer uma pausa, tomar notas ou praticar o que aprendeste.<\/p>\n<h2><strong>O software de afina\u00e7\u00e3o Magic Motorsport StageX<\/strong><\/h2>\n<p>N\u00e3o tens de possuir o software StageX para concluir estes cursos. No entanto, recomendamos que tenhas uma c\u00f3pia do software aberta e pronta a usar, para que possas acompanhar e participar nos aspectos t\u00e9cnicos da aula.<\/p>\n<p>Se ainda n\u00e3o tens uma vers\u00e3o completa do software de afina\u00e7\u00e3o StageX, podes compr\u00e1-la aqui na nossa loja de afina\u00e7\u00e3o Remap 101. Compra o <a href=\"https:\/\/www.remap101.co.uk\/pt-pt\/?post_type=product&amp;p=85519\">software de afina\u00e7\u00e3o StageX<\/a>.<\/p>\n<p>&nbsp;<\/p>\n<h2><strong><a href=\"https:\/\/www.remap101.co.uk\/wp-content\/uploads\/2024\/04\/stagex-2-1-247x300.png\"><img decoding=\"async\" class=\"alignnone size-medium wp-image-17815\" src=\"https:\/\/www.remap101.co.uk\/wp-content\/uploads\/2024\/04\/stagex-2-1-247x300.png\" alt=\"Como sintonizar uma ECU Diesel com StageX: M\u00f3dulo 1\" width=\"247\" height=\"300\" srcset=\"https:\/\/www.remap101.co.uk\/wp-content\/uploads\/2024\/04\/stagex-2-1-247x300.png 247w, https:\/\/www.remap101.co.uk\/wp-content\/uploads\/2024\/04\/stagex-2-1-255x310.png 255w, https:\/\/www.remap101.co.uk\/wp-content\/uploads\/2024\/04\/stagex-2-1.png 263w\" sizes=\"(max-width: 247px) 100vw, 247px\" \/><\/a><\/strong><\/h2>\n<h2><strong>Ajustando arquivos <\/strong><\/h2>\n<p>Enquanto aprendes e desenvolves as tuas capacidades de afina\u00e7\u00e3o com a forma\u00e7\u00e3o Como afinar uma ECU Diesel com StageX M\u00f3dulo 1, podes gostar de saber que <a href=\"https:\/\/viezu.com\/\" target=\"_blank\" rel=\"noopener\">a VIEZU<\/a> tamb\u00e9m oferece ficheiros e software de remap de afina\u00e7\u00e3o prontos a usar e a carregar para a maioria dos ve\u00edculos. Se precisares de um servi\u00e7o de ficheiros de afina\u00e7\u00e3o, que \u00e9 r\u00e1pido e est\u00e1 aberto 7 dias por semana, envia um e-mail para a equipa de apoio em <a href=\"mailto:info@viezu.com\">info@viezu.com<\/a><\/p>\n<p>&nbsp;<\/p>\n<p>&nbsp;<\/p>\n","protected":false},"excerpt":{"rendered":"<p>Compreender as fun\u00e7\u00f5es e carater\u00edsticas do StageX Se est\u00e1s a afinar um ve\u00edculo a diesel pela primeira vez, ou se j\u00e1 afinas h\u00e1 muitos anos, &#8220;How to tune a diesel ECU with StageX Module 1&#8221; (Como afinar uma ECU a diesel com o StageX M\u00f3dulo 1) ir\u00e1 fornecer-te o conhecimento e a informa\u00e7\u00e3o sobre como [&hellip;]<\/p>\n","protected":false},"featured_media":61577,"comment_status":"open","ping_status":"closed","template":"","meta":{"_acf_changed":false},"product_brand":[19676,21147,19682],"product_cat":[24689,24415,22720,22722,24596,24714],"product_tag":[20220,20223,15358,15790],"class_list":{"0":"post-66659","1":"product","2":"type-product","3":"status-publish","4":"has-post-thumbnail","6":"product_brand-magic","7":"product_brand-magic-motorsport","8":"product_brand-stage-x","9":"product_cat-cursos-de-formacao-online-sobre-tuning","10":"product_cat-formacao-em-tuning-para-todos-os-veiculos","11":"product_cat-formacao-stagex-tuning","12":"product_cat-formacao-magic-motorsport-pt-pt","13":"product_cat-formacao-sobre-o-brand-tuning","14":"product_cat-formacao-em-ajuste-de-software","15":"product_tag-estagio-magico-x","16":"product_tag-formacao","17":"product_tag-gasoleo","18":"product_tag-online-pt-pt","20":"first","21":"instock","22":"taxable","23":"shipping-taxable","24":"purchasable","25":"product-type-simple"},"acf":[],"_links":{"self":[{"href":"https:\/\/www.remap101.co.uk\/pt-pt\/wp-json\/wp\/v2\/product\/66659","targetHints":{"allow":["GET"]}}],"collection":[{"href":"https:\/\/www.remap101.co.uk\/pt-pt\/wp-json\/wp\/v2\/product"}],"about":[{"href":"https:\/\/www.remap101.co.uk\/pt-pt\/wp-json\/wp\/v2\/types\/product"}],"replies":[{"embeddable":true,"href":"https:\/\/www.remap101.co.uk\/pt-pt\/wp-json\/wp\/v2\/comments?post=66659"}],"wp:featuredmedia":[{"embeddable":true,"href":"https:\/\/www.remap101.co.uk\/pt-pt\/wp-json\/wp\/v2\/media\/61577"}],"wp:attachment":[{"href":"https:\/\/www.remap101.co.uk\/pt-pt\/wp-json\/wp\/v2\/media?parent=66659"}],"wp:term":[{"taxonomy":"product_brand","embeddable":true,"href":"https:\/\/www.remap101.co.uk\/pt-pt\/wp-json\/wp\/v2\/product_brand?post=66659"},{"taxonomy":"product_cat","embeddable":true,"href":"https:\/\/www.remap101.co.uk\/pt-pt\/wp-json\/wp\/v2\/product_cat?post=66659"},{"taxonomy":"product_tag","embeddable":true,"href":"https:\/\/www.remap101.co.uk\/pt-pt\/wp-json\/wp\/v2\/product_tag?post=66659"}],"curies":[{"name":"wp","href":"https:\/\/api.w.org\/{rel}","templated":true}]}}