{"id":85482,"date":"2025-11-24T12:48:32","date_gmt":"2025-11-24T12:48:32","guid":{"rendered":"https:\/\/www.remap101.co.uk\/product\/vta2023-como-ler-e-escrever-uma-ecu-autotuner-para-acreditacao-imi\/"},"modified":"2026-02-04T09:44:27","modified_gmt":"2026-02-04T09:44:27","slug":"vta2023-como-ler-e-escrever-uma-ecu-autotuner-para-acreditacao-imi","status":"publish","type":"product","link":"https:\/\/www.remap101.co.uk\/pt-pt\/produto\/vta2023-como-ler-e-escrever-uma-ecu-autotuner-para-acreditacao-imi\/","title":{"rendered":"VTA2023: Como ler e escrever uma ECU &#8211; Autotuner para acredita\u00e7\u00e3o IMI"},"content":{"rendered":"<h2>Aprende a ler e a escrever uma ECU utilizando o equipamento de afina\u00e7\u00e3o de ve\u00edculos AutoTuner<\/h2>\n<h3>Li\u00e7\u00f5es do AutoTuner:<\/h3>\n<ol>\n<li>AutoTuner Tool &#8211; M\u00e9todo de sintoniza\u00e7\u00e3o OBD<\/li>\n<li>Ferramenta AutoTuner &#8211; M\u00e9todo de afina\u00e7\u00e3o de bancada<\/li>\n<li>AutoTuner Tool &#8211; M\u00e9todo de afina\u00e7\u00e3o do arranque<\/li>\n<\/ol>\n<p><span style=\"font-family: var(--global-body-font-family);\">Cada li\u00e7\u00e3o \u00e9 seguida de um teste de 30 minutos para completares 20 perguntas de escolha m\u00faltipla.<\/span><\/p>\n<p><img decoding=\"async\" class=\"alignnone wp-image-56179 size-medium\" src=\"https:\/\/www.remap101.co.uk\/wp-content\/uploads\/2025\/02\/autotuner-tool-5-1-300x300.jpg\" alt=\"\" width=\"300\" height=\"300\" srcset=\"https:\/\/www.remap101.co.uk\/wp-content\/uploads\/2025\/02\/autotuner-tool-5-1-300x300.jpg 300w, https:\/\/www.remap101.co.uk\/wp-content\/uploads\/2025\/02\/autotuner-tool-5-1-150x150.jpg 150w, https:\/\/www.remap101.co.uk\/wp-content\/uploads\/2025\/02\/autotuner-tool-5-1-50x50.jpg 50w, https:\/\/www.remap101.co.uk\/wp-content\/uploads\/2025\/02\/autotuner-tool-5-1-80x80.jpg 80w, https:\/\/www.remap101.co.uk\/wp-content\/uploads\/2025\/02\/autotuner-tool-5-1-263x263.jpg 263w, https:\/\/www.remap101.co.uk\/wp-content\/uploads\/2025\/02\/autotuner-tool-5-1-100x100.jpg 100w, https:\/\/www.remap101.co.uk\/wp-content\/uploads\/2025\/02\/autotuner-tool-5-1-255x255.jpg 255w, https:\/\/www.remap101.co.uk\/wp-content\/uploads\/2025\/02\/autotuner-tool-5-1-400x400.jpg 400w, https:\/\/www.remap101.co.uk\/wp-content\/uploads\/2025\/02\/autotuner-tool-5-1.jpg 460w\" sizes=\"(max-width: 300px) 100vw, 300px\" \/><\/p>\n<h2>Porqu\u00ea escolher a Remap 101 para o treino de tuning?<\/h2>\n<p>Escolhe a Remap 101 para o teu treino de tuning de ve\u00edculos e beneficia da nossa vasta experi\u00eancia e da nossa vasta gama de cursos e programas de treino de tuning. Temos cursos para todos os n\u00edveis de experi\u00eancia, com cursos adequados para principiantes at\u00e9 afinadores avan\u00e7ados. Para te dar uma amostra da nossa forma\u00e7\u00e3o l\u00edder na ind\u00fastria, tamb\u00e9m oferecemos <a href=\"https:\/\/www.remap101.co.uk\/pt-pt\/course-category\/formacao-gratuita-em-tuning-de-veiculos\/\">cursos de forma\u00e7\u00e3o gratuitos de tuning de ve\u00edculos<\/a>, permitindo-te experimentar em primeira m\u00e3o a qualidade das nossas aulas e a profundidade dos nossos conhecimentos.<\/p>\n","protected":false},"excerpt":{"rendered":"<p>Aprende a ler e a escrever uma ECU utilizando o equipamento de afina\u00e7\u00e3o de ve\u00edculos AutoTuner Li\u00e7\u00f5es do AutoTuner: AutoTuner Tool &#8211; M\u00e9todo de sintoniza\u00e7\u00e3o OBD Ferramenta AutoTuner &#8211; M\u00e9todo de afina\u00e7\u00e3o de bancada AutoTuner Tool &#8211; M\u00e9todo de afina\u00e7\u00e3o do arranque Cada li\u00e7\u00e3o \u00e9 seguida de um teste de 30 minutos para completares 20 [&hellip;]<\/p>\n","protected":false},"featured_media":56187,"comment_status":"closed","ping_status":"closed","template":"","meta":{"_acf_changed":false},"product_brand":[19677],"product_cat":[24716,24415,24451,14967,24596],"product_tag":[],"class_list":{"0":"post-85482","1":"product","2":"type-product","3":"status-publish","4":"has-post-thumbnail","6":"product_brand-autotuner","7":"product_cat-formacao-de-ferramentas-de-ajuste-de-hardware","8":"product_cat-formacao-em-tuning-para-todos-os-veiculos","9":"product_cat-formacao-em-autotuner-tuning","10":"product_cat-sintonizador-automatico-pt-pt","11":"product_cat-formacao-sobre-o-brand-tuning","13":"first","14":"instock","15":"taxable","16":"shipping-taxable","17":"purchasable","18":"product-type-simple"},"acf":[],"_links":{"self":[{"href":"https:\/\/www.remap101.co.uk\/pt-pt\/wp-json\/wp\/v2\/product\/85482","targetHints":{"allow":["GET"]}}],"collection":[{"href":"https:\/\/www.remap101.co.uk\/pt-pt\/wp-json\/wp\/v2\/product"}],"about":[{"href":"https:\/\/www.remap101.co.uk\/pt-pt\/wp-json\/wp\/v2\/types\/product"}],"replies":[{"embeddable":true,"href":"https:\/\/www.remap101.co.uk\/pt-pt\/wp-json\/wp\/v2\/comments?post=85482"}],"wp:featuredmedia":[{"embeddable":true,"href":"https:\/\/www.remap101.co.uk\/pt-pt\/wp-json\/wp\/v2\/media\/56187"}],"wp:attachment":[{"href":"https:\/\/www.remap101.co.uk\/pt-pt\/wp-json\/wp\/v2\/media?parent=85482"}],"wp:term":[{"taxonomy":"product_brand","embeddable":true,"href":"https:\/\/www.remap101.co.uk\/pt-pt\/wp-json\/wp\/v2\/product_brand?post=85482"},{"taxonomy":"product_cat","embeddable":true,"href":"https:\/\/www.remap101.co.uk\/pt-pt\/wp-json\/wp\/v2\/product_cat?post=85482"},{"taxonomy":"product_tag","embeddable":true,"href":"https:\/\/www.remap101.co.uk\/pt-pt\/wp-json\/wp\/v2\/product_tag?post=85482"}],"curies":[{"name":"wp","href":"https:\/\/api.w.org\/{rel}","templated":true}]}}